{"id":99962,"date":"2022-01-04T20:15:07","date_gmt":"2022-01-04T19:15:07","guid":{"rendered":"http:\/\/kopia.garazyki.pl\/?post_type=product&#038;p=99962"},"modified":"2023-11-21T21:35:23","modified_gmt":"2023-11-21T20:35:23","slug":"wiata-panelowa-200m-x-200m","status":"publish","type":"product","link":"https:\/\/kopia.garazyki.pl\/en\/producent\/wiaty-na-smietniki\/wiata-panelowa-200m-x-200m\/","title":{"rendered":"Wiata \u015bmietnikowa panelowa 2.00&#215;2.00 WP-15"},"content":{"rendered":"<h2 style=\"text-align: center;\">Wiata \u015bmietnikowa panelowa 2&#215;2<\/h2>\n<p>Najni\u017csza cena w okresie 30 dni: 6 900,00 z\u0142 brutto<\/p>\n<p><strong>Wiata \u015bmietnikowa<\/strong> panelowa 2&#215;2 m. Konstrukcja wiaty wykonana zosta\u0142a z ocynkowanych kszta\u0142townik\u00f3w zamkni\u0119tych. Szeroko\u015b\u0107 oraz g\u0142\u0119boko\u015b\u0107 wiaty panelowej wynosi 2,00 m. Dach ze spadem na ty\u0142 (2,30m front \/ 2,10m ty\u0142) poszyty powlekan\u0105 blach\u0105 trapezow\u0105 T18,kolor grafit-RAL7016. Przestrze\u0144 mi\u0119dzy dachem, a g\u00f3rnym panelem wype\u0142niona siatk\u0105. Poszycie \u015bcian i bramy stanowi\u0105 panele wykonane z blachy o grubo\u015bci 0,7mm w kolorze grafitowym-RAL7016. Wiata \u015bmietnikowa panelowa 2&#215;2 m posiada obr\u00f3bki w postaci naro\u017cnik\u00f3w oraz wiatrownic w kolorze grafitowym-RAL7016.<\/p>\n<p><strong>Cechy wiaty panelowej :<\/strong><\/p>\n<ul>\n<li>brama dwuskrzyd\u0142owa na ca\u0142ej szeroko\u015bci frontu,<\/li>\n<li>drzwi wyposa\u017cone w zamek,<\/li>\n<li>dach ze spadem na ty\u0142\u00a0(2,30m \/ 2,10m),<\/li>\n<li>dach z jednej d\u0142ugo\u015bci blachy T 18,<\/li>\n<li>konstrukcja w ca\u0142o\u015bci wykonana z profili stalowych,<\/li>\n<li><a href=\"http:\/\/kopia.garazyki.pl\/kategoria-produktu\/garaze-blaszane\/konstrukcje-ocynkowane\/\">konstrukcja ocynkowana<\/a>,<\/li>\n<li>obr\u00f3bki blacharskie w postaci naro\u017cnik\u00f3w i wiatrownic<\/li>\n<li>siatka w g\u00f3rnej cz\u0119\u015bci wiaty<\/li>\n<\/ul>\n","protected":false},"excerpt":{"rendered":"<p>Wiata \u015bmietnikowa panelowa 2&#215;2 Najni\u017csza cena w okresie 30 dni: 6 900,00 z\u0142 brutto Wiata \u015bmietnikowa panelowa 2&#215;2 m. Konstrukcja wiaty wykonana zosta\u0142a z ocynkowanych kszta\u0142townik\u00f3w zamkni\u0119tych. Szeroko\u015b\u0107 oraz g\u0142\u0119boko\u015b\u0107 wiaty panelowej wynosi 2,00 m. Dach ze spadem na ty\u0142 (2,30m front \/ 2,10m ty\u0142) poszyty powlekan\u0105 blach\u0105 trapezow\u0105 T18,kolor grafit-RAL7016. Przestrze\u0144 mi\u0119dzy dachem, a [&hellip;]<\/p>\n","protected":false},"featured_media":99963,"comment_status":"open","ping_status":"closed","template":"","meta":{"_et_pb_use_builder":"","_et_pb_old_content":"","_et_gb_content_width":""},"product_cat":[280,279,324],"product_tag":[183,184,221,139,300,182,154],"yoast_head":"<!-- This site is optimized with the Yoast SEO plugin v21.6 - https:\/\/yoast.com\/wordpress\/plugins\/seo\/ -->\n<title>Wiata \u015bmietnikowa panelowa 2x2 - Producent wiat Alicja Gara\u017cyki<\/title>\n<meta name=\"description\" content=\"Producent wiat \u015bmietnikowych stalowych w dowolnym rozmiarze i kolorze RAL. Producent wiata \u015bmietnikowa panelowa 2x2 m. Zapraszamy garazyki.pl\" \/>\n<meta name=\"robots\" content=\"noindex, follow, max-snippet:-1, max-image-preview:large, max-video-preview:-1\" \/>\n<meta property=\"og:locale\" content=\"en_US\" \/>\n<meta property=\"og:type\" content=\"article\" \/>\n<meta property=\"og:title\" content=\"Wiata \u015bmietnikowa panelowa 2x2 - Producent wiat Alicja Gara\u017cyki\" \/>\n<meta property=\"og:description\" content=\"Producent wiat \u015bmietnikowych stalowych w dowolnym rozmiarze i kolorze RAL. Producent wiata \u015bmietnikowa panelowa 2x2 m. Zapraszamy garazyki.pl\" \/>\n<meta property=\"og:url\" content=\"https:\/\/kopia.garazyki.pl\/en\/producent\/wiaty-na-smietniki\/wiata-panelowa-200m-x-200m\/\" \/>\n<meta property=\"og:site_name\" content=\"Producent kontener\u00f3w biurowych, wiat \u015bmietnikowych, hal i gara\u017cy blaszanych\" \/>\n<meta property=\"article:publisher\" content=\"https:\/\/www.facebook.com\/garazyki\" \/>\n<meta property=\"article:modified_time\" content=\"2023-11-21T20:35:23+00:00\" \/>\n<meta property=\"og:image\" content=\"https:\/\/kopia.garazyki.pl\/wp-content\/uploads\/2022\/01\/120170712_143327.jpg\" \/>\n\t<meta property=\"og:image:width\" content=\"928\" \/>\n\t<meta property=\"og:image:height\" content=\"768\" \/>\n\t<meta property=\"og:image:type\" content=\"image\/jpeg\" \/>\n<meta name=\"twitter:card\" content=\"summary_large_image\" \/>\n<meta name=\"twitter:label1\" content=\"Est. reading time\" \/>\n\t<meta name=\"twitter:data1\" content=\"1 minute\" \/>\n<script type=\"application\/ld+json\" class=\"yoast-schema-graph\">{\"@context\":\"https:\/\/schema.org\",\"@graph\":[{\"@type\":\"WebPage\",\"@id\":\"https:\/\/kopia.garazyki.pl\/en\/producent\/wiaty-na-smietniki\/wiata-panelowa-200m-x-200m\/\",\"url\":\"https:\/\/kopia.garazyki.pl\/en\/producent\/wiaty-na-smietniki\/wiata-panelowa-200m-x-200m\/\",\"name\":\"Wiata \u015bmietnikowa panelowa 2x2 - Producent wiat Alicja Gara\u017cyki\",\"isPartOf\":{\"@id\":\"https:\/\/kopia.garazyki.pl\/#website\"},\"datePublished\":\"2022-01-04T19:15:07+00:00\",\"dateModified\":\"2023-11-21T20:35:23+00:00\",\"description\":\"Producent wiat \u015bmietnikowych stalowych w dowolnym rozmiarze i kolorze RAL. Producent wiata \u015bmietnikowa panelowa 2x2 m. Zapraszamy garazyki.pl\",\"breadcrumb\":{\"@id\":\"https:\/\/kopia.garazyki.pl\/en\/producent\/wiaty-na-smietniki\/wiata-panelowa-200m-x-200m\/#breadcrumb\"},\"inLanguage\":\"en-US\",\"potentialAction\":[{\"@type\":\"ReadAction\",\"target\":[\"https:\/\/kopia.garazyki.pl\/en\/producent\/wiaty-na-smietniki\/wiata-panelowa-200m-x-200m\/\"]}]},{\"@type\":\"BreadcrumbList\",\"@id\":\"https:\/\/kopia.garazyki.pl\/en\/producent\/wiaty-na-smietniki\/wiata-panelowa-200m-x-200m\/#breadcrumb\",\"itemListElement\":[{\"@type\":\"ListItem\",\"position\":1,\"name\":\"Strona g\u0142\u00f3wna\",\"item\":\"https:\/\/kopia.garazyki.pl\/en\/\"},{\"@type\":\"ListItem\",\"position\":2,\"name\":\"Products\",\"item\":\"https:\/\/kopia.garazyki.pl\/en\/shop\/\"},{\"@type\":\"ListItem\",\"position\":3,\"name\":\"Wiata \u015bmietnikowa panelowa 2.00&#215;2.00 WP-15\"}]},{\"@type\":\"WebSite\",\"@id\":\"https:\/\/kopia.garazyki.pl\/#website\",\"url\":\"https:\/\/kopia.garazyki.pl\/\",\"name\":\"Producent kontener\u00f3w biurowych, wiat \u015bmietnikowych, hal i gara\u017cy blaszanych\",\"description\":\"Kontenery biurowe, wiaty \u015bmietnikowe, hale, gara\u017ce blaszane od producenta.\",\"publisher\":{\"@id\":\"https:\/\/kopia.garazyki.pl\/#organization\"},\"potentialAction\":[{\"@type\":\"SearchAction\",\"target\":{\"@type\":\"EntryPoint\",\"urlTemplate\":\"https:\/\/kopia.garazyki.pl\/?s={search_term_string}\"},\"query-input\":\"required name=search_term_string\"}],\"inLanguage\":\"en-US\"},{\"@type\":\"Organization\",\"@id\":\"https:\/\/kopia.garazyki.pl\/#organization\",\"name\":\"Garazyki.pl Producent gara\u017cy i kontener\u00f3w biurowych i wiat\",\"url\":\"https:\/\/kopia.garazyki.pl\/\",\"logo\":{\"@type\":\"ImageObject\",\"inLanguage\":\"en-US\",\"@id\":\"https:\/\/kopia.garazyki.pl\/#\/schema\/logo\/image\/\",\"url\":\"http:\/\/kopia.garazyki.pl\/wp-content\/uploads\/2022\/02\/logo_garazyki_pl.png\",\"contentUrl\":\"http:\/\/kopia.garazyki.pl\/wp-content\/uploads\/2022\/02\/logo_garazyki_pl.png\",\"width\":120,\"height\":64,\"caption\":\"Garazyki.pl Producent gara\u017cy i kontener\u00f3w biurowych i wiat\"},\"image\":{\"@id\":\"https:\/\/kopia.garazyki.pl\/#\/schema\/logo\/image\/\"},\"sameAs\":[\"https:\/\/www.facebook.com\/garazyki\",\"https:\/\/www.instagram.com\/garazyki.pl\/\",\"https:\/\/www.linkedin.com\/company\/alicja-garazyki\/\"]}]}<\/script>\n<!-- \/ Yoast SEO plugin. -->","yoast_head_json":{"title":"Wiata \u015bmietnikowa panelowa 2x2 - Producent wiat Alicja Gara\u017cyki","description":"Producent wiat \u015bmietnikowych stalowych w dowolnym rozmiarze i kolorze RAL. Producent wiata \u015bmietnikowa panelowa 2x2 m. Zapraszamy garazyki.pl","robots":{"index":"noindex","follow":"follow","max-snippet":"max-snippet:-1","max-image-preview":"max-image-preview:large","max-video-preview":"max-video-preview:-1"},"og_locale":"en_US","og_type":"article","og_title":"Wiata \u015bmietnikowa panelowa 2x2 - Producent wiat Alicja Gara\u017cyki","og_description":"Producent wiat \u015bmietnikowych stalowych w dowolnym rozmiarze i kolorze RAL. Producent wiata \u015bmietnikowa panelowa 2x2 m. Zapraszamy garazyki.pl","og_url":"https:\/\/kopia.garazyki.pl\/en\/producent\/wiaty-na-smietniki\/wiata-panelowa-200m-x-200m\/","og_site_name":"Producent kontener\u00f3w biurowych, wiat \u015bmietnikowych, hal i gara\u017cy blaszanych","article_publisher":"https:\/\/www.facebook.com\/garazyki","article_modified_time":"2023-11-21T20:35:23+00:00","og_image":[{"width":928,"height":768,"url":"https:\/\/kopia.garazyki.pl\/wp-content\/uploads\/2022\/01\/120170712_143327.jpg","type":"image\/jpeg"}],"twitter_card":"summary_large_image","twitter_misc":{"Est. reading time":"1 minute"},"schema":{"@context":"https:\/\/schema.org","@graph":[{"@type":"WebPage","@id":"https:\/\/kopia.garazyki.pl\/en\/producent\/wiaty-na-smietniki\/wiata-panelowa-200m-x-200m\/","url":"https:\/\/kopia.garazyki.pl\/en\/producent\/wiaty-na-smietniki\/wiata-panelowa-200m-x-200m\/","name":"Wiata \u015bmietnikowa panelowa 2x2 - Producent wiat Alicja Gara\u017cyki","isPartOf":{"@id":"https:\/\/kopia.garazyki.pl\/#website"},"datePublished":"2022-01-04T19:15:07+00:00","dateModified":"2023-11-21T20:35:23+00:00","description":"Producent wiat \u015bmietnikowych stalowych w dowolnym rozmiarze i kolorze RAL. Producent wiata \u015bmietnikowa panelowa 2x2 m. Zapraszamy garazyki.pl","breadcrumb":{"@id":"https:\/\/kopia.garazyki.pl\/en\/producent\/wiaty-na-smietniki\/wiata-panelowa-200m-x-200m\/#breadcrumb"},"inLanguage":"en-US","potentialAction":[{"@type":"ReadAction","target":["https:\/\/kopia.garazyki.pl\/en\/producent\/wiaty-na-smietniki\/wiata-panelowa-200m-x-200m\/"]}]},{"@type":"BreadcrumbList","@id":"https:\/\/kopia.garazyki.pl\/en\/producent\/wiaty-na-smietniki\/wiata-panelowa-200m-x-200m\/#breadcrumb","itemListElement":[{"@type":"ListItem","position":1,"name":"Strona g\u0142\u00f3wna","item":"https:\/\/kopia.garazyki.pl\/en\/"},{"@type":"ListItem","position":2,"name":"Products","item":"https:\/\/kopia.garazyki.pl\/en\/shop\/"},{"@type":"ListItem","position":3,"name":"Wiata \u015bmietnikowa panelowa 2.00&#215;2.00 WP-15"}]},{"@type":"WebSite","@id":"https:\/\/kopia.garazyki.pl\/#website","url":"https:\/\/kopia.garazyki.pl\/","name":"Producent kontener\u00f3w biurowych, wiat \u015bmietnikowych, hal i gara\u017cy blaszanych","description":"Kontenery biurowe, wiaty \u015bmietnikowe, hale, gara\u017ce blaszane od producenta.","publisher":{"@id":"https:\/\/kopia.garazyki.pl\/#organization"},"potentialAction":[{"@type":"SearchAction","target":{"@type":"EntryPoint","urlTemplate":"https:\/\/kopia.garazyki.pl\/?s={search_term_string}"},"query-input":"required name=search_term_string"}],"inLanguage":"en-US"},{"@type":"Organization","@id":"https:\/\/kopia.garazyki.pl\/#organization","name":"Garazyki.pl Producent gara\u017cy i kontener\u00f3w biurowych i wiat","url":"https:\/\/kopia.garazyki.pl\/","logo":{"@type":"ImageObject","inLanguage":"en-US","@id":"https:\/\/kopia.garazyki.pl\/#\/schema\/logo\/image\/","url":"http:\/\/kopia.garazyki.pl\/wp-content\/uploads\/2022\/02\/logo_garazyki_pl.png","contentUrl":"http:\/\/kopia.garazyki.pl\/wp-content\/uploads\/2022\/02\/logo_garazyki_pl.png","width":120,"height":64,"caption":"Garazyki.pl Producent gara\u017cy i kontener\u00f3w biurowych i wiat"},"image":{"@id":"https:\/\/kopia.garazyki.pl\/#\/schema\/logo\/image\/"},"sameAs":["https:\/\/www.facebook.com\/garazyki","https:\/\/www.instagram.com\/garazyki.pl\/","https:\/\/www.linkedin.com\/company\/alicja-garazyki\/"]}]}},"_links":{"self":[{"href":"https:\/\/kopia.garazyki.pl\/en\/wp-json\/wp\/v2\/product\/99962"}],"collection":[{"href":"https:\/\/kopia.garazyki.pl\/en\/wp-json\/wp\/v2\/product"}],"about":[{"href":"https:\/\/kopia.garazyki.pl\/en\/wp-json\/wp\/v2\/types\/product"}],"replies":[{"embeddable":true,"href":"https:\/\/kopia.garazyki.pl\/en\/wp-json\/wp\/v2\/comments?post=99962"}],"wp:featuredmedia":[{"embeddable":true,"href":"https:\/\/kopia.garazyki.pl\/en\/wp-json\/wp\/v2\/media\/99963"}],"wp:attachment":[{"href":"https:\/\/kopia.garazyki.pl\/en\/wp-json\/wp\/v2\/media?parent=99962"}],"wp:term":[{"taxonomy":"product_cat","embeddable":true,"href":"https:\/\/kopia.garazyki.pl\/en\/wp-json\/wp\/v2\/product_cat?post=99962"},{"taxonomy":"product_tag","embeddable":true,"href":"https:\/\/kopia.garazyki.pl\/en\/wp-json\/wp\/v2\/product_tag?post=99962"}],"curies":[{"name":"wp","href":"https:\/\/api.w.org\/{rel}","templated":true}]}}