{"id":111267,"date":"2023-04-21T09:29:21","date_gmt":"2023-04-21T07:29:21","guid":{"rendered":"http:\/\/kopia.garazyki.pl\/producent\/uncategorized\/office-container-with-air-conditioning-5x2-40-m\/"},"modified":"2023-12-06T23:08:33","modified_gmt":"2023-12-06T22:08:33","slug":"office-container-with-air-conditioning-5x2-40-m","status":"publish","type":"product","link":"https:\/\/kopia.garazyki.pl\/en\/producent\/containers\/office-containers\/office-container-with-air-conditioning-5x2-40-m\/","title":{"rendered":"Office container with air-conditioning 5\u00d72.40 m"},"content":{"rendered":"<h2 style=\"text-align: center;\">Office container 5\u00d72,40 m with air-conditioning<\/h2>\n<div>Structure made of angle and channel sections protected against corrosion<\/div>\n<div>and painted with structural topcoat paint in RAL 5010 colour<\/div>\n<div>Floor construction made of closed profiles, protected from underneath by<\/div>\n<div>trapezoidal sheet metal, then insulated with mineral wool. Finished with OSB<\/div>\n<div>floor board, Swedish floor, all finished with skirting boards.<\/div>\n<div><\/div>\n<div>&#8211; wall and roof sheathing &#8211; sandwich panel, core of polyurethane 80 mm in<\/div>\n<div>RAL 9010 colour<\/div>\n<div>&#8211; complete electrical installation (external plug-in socket &#8211; 1 pc, fuse box with<\/div>\n<div>RP protection) &#8211; 1 pc, internal 230V triple socket &#8211; 2 pcs, switch &#8211; 1 pc)<\/div>\n<div>&#8211; air-conditioning unit Haier 2,6 kW<\/div>\n<div>&#8211; External doors Wi\u015bniowski 900 mm x 2000 mm in colour RAL 5010<\/div>\n<div>&#8211; Tilt and turn window manufactured by DRUTEX 1130 mm x 1000 mm &#8211; 3<\/div>\n<div>pcs. with rolled shutters<\/div>\n<div>&#8211; the floor of the office container is finished with the commercial floor covering<\/div>\n<div>Steel construction in accordance with EN standard 1090 &#8211; 1 + A 1 : 2012 and<\/div>\n<div>performance class EXC2<\/div>\n","protected":false},"excerpt":{"rendered":"<p>Office container 5\u00d72,40 m with air-conditioning Structure made of angle and channel sections protected against corrosion and painted with structural topcoat paint in RAL 5010 colour Floor construction made of closed profiles, protected from underneath by trapezoidal sheet metal, then insulated with mineral wool. Finished with OSB floor board, Swedish floor, all finished with skirting [&hellip;]<\/p>\n","protected":false},"featured_media":110896,"comment_status":"open","ping_status":"closed","template":"","meta":{"_et_pb_use_builder":"","_et_pb_old_content":"","_et_gb_content_width":""},"product_cat":[322,323],"product_tag":[340],"yoast_head":"<!-- This site is optimized with the Yoast SEO plugin v21.6 - https:\/\/yoast.com\/wordpress\/plugins\/seo\/ -->\n<title>Office container with air-conditioning - Producer Alicja Gara\u017cyki<\/title>\n<meta name=\"description\" content=\"Custom-made office containers in any size. Office container with air-conditioning\" \/>\n<meta name=\"robots\" content=\"noindex, follow, max-snippet:-1, max-image-preview:large, max-video-preview:-1\" \/>\n<meta property=\"og:locale\" content=\"en_US\" \/>\n<meta property=\"og:type\" content=\"article\" \/>\n<meta property=\"og:title\" content=\"Office container with air-conditioning - Producer Alicja Gara\u017cyki\" \/>\n<meta property=\"og:description\" content=\"Custom-made office containers in any size. Office container with air-conditioning\" \/>\n<meta property=\"og:url\" content=\"https:\/\/kopia.garazyki.pl\/en\/producent\/containers\/office-containers\/office-container-with-air-conditioning-5x2-40-m\/\" \/>\n<meta property=\"og:site_name\" content=\"Producent kontener\u00f3w biurowych, wiat \u015bmietnikowych, hal i gara\u017cy blaszanych\" \/>\n<meta property=\"article:publisher\" content=\"https:\/\/www.facebook.com\/garazyki\" \/>\n<meta property=\"article:modified_time\" content=\"2023-12-06T22:08:33+00:00\" \/>\n<meta property=\"og:image\" content=\"https:\/\/kopia.garazyki.pl\/wp-content\/uploads\/2023\/04\/\ud835\uddde\ud835\uddfc\ud835\uddfb\ud835\ude01\ud835\uddf2\ud835\uddfb\ud835\uddf2\ud835\uddff-\ud835\uddef\ud835\uddf6\ud835\ude02\ud835\uddff\ud835\uddfc\ud835\ude04\ud835\ude06-\ud835\udff1\ud835\ude05\ud835\udfee\ud835\udff0\ud835\udfec-\ud835\uddfa-\ud835\ude07-klimatyzacja.jpg\" \/>\n\t<meta property=\"og:image:width\" content=\"960\" \/>\n\t<meta property=\"og:image:height\" content=\"959\" \/>\n\t<meta property=\"og:image:type\" content=\"image\/jpeg\" \/>\n<meta name=\"twitter:card\" content=\"summary_large_image\" \/>\n<meta name=\"twitter:label1\" content=\"Est. reading time\" \/>\n\t<meta name=\"twitter:data1\" content=\"1 minute\" \/>\n<script type=\"application\/ld+json\" class=\"yoast-schema-graph\">{\"@context\":\"https:\/\/schema.org\",\"@graph\":[{\"@type\":\"WebPage\",\"@id\":\"https:\/\/kopia.garazyki.pl\/en\/producent\/containers\/office-containers\/office-container-with-air-conditioning-5x2-40-m\/\",\"url\":\"https:\/\/kopia.garazyki.pl\/en\/producent\/containers\/office-containers\/office-container-with-air-conditioning-5x2-40-m\/\",\"name\":\"Office container with air-conditioning - Producer Alicja Gara\u017cyki\",\"isPartOf\":{\"@id\":\"https:\/\/kopia.garazyki.pl\/#website\"},\"datePublished\":\"2023-04-21T07:29:21+00:00\",\"dateModified\":\"2023-12-06T22:08:33+00:00\",\"description\":\"Custom-made office containers in any size. Office container with air-conditioning\",\"breadcrumb\":{\"@id\":\"https:\/\/kopia.garazyki.pl\/en\/producent\/containers\/office-containers\/office-container-with-air-conditioning-5x2-40-m\/#breadcrumb\"},\"inLanguage\":\"en-US\",\"potentialAction\":[{\"@type\":\"ReadAction\",\"target\":[\"https:\/\/kopia.garazyki.pl\/en\/producent\/containers\/office-containers\/office-container-with-air-conditioning-5x2-40-m\/\"]}]},{\"@type\":\"BreadcrumbList\",\"@id\":\"https:\/\/kopia.garazyki.pl\/en\/producent\/containers\/office-containers\/office-container-with-air-conditioning-5x2-40-m\/#breadcrumb\",\"itemListElement\":[{\"@type\":\"ListItem\",\"position\":1,\"name\":\"Strona g\u0142\u00f3wna\",\"item\":\"https:\/\/kopia.garazyki.pl\/en\/\"},{\"@type\":\"ListItem\",\"position\":2,\"name\":\"Products\",\"item\":\"https:\/\/kopia.garazyki.pl\/en\/shop\/\"},{\"@type\":\"ListItem\",\"position\":3,\"name\":\"Office container with air-conditioning 5\u00d72.40 m\"}]},{\"@type\":\"WebSite\",\"@id\":\"https:\/\/kopia.garazyki.pl\/#website\",\"url\":\"https:\/\/kopia.garazyki.pl\/\",\"name\":\"Producent kontener\u00f3w biurowych, wiat \u015bmietnikowych, hal i gara\u017cy blaszanych\",\"description\":\"Kontenery biurowe, wiaty \u015bmietnikowe, hale, gara\u017ce blaszane od producenta.\",\"publisher\":{\"@id\":\"https:\/\/kopia.garazyki.pl\/#organization\"},\"potentialAction\":[{\"@type\":\"SearchAction\",\"target\":{\"@type\":\"EntryPoint\",\"urlTemplate\":\"https:\/\/kopia.garazyki.pl\/?s={search_term_string}\"},\"query-input\":\"required name=search_term_string\"}],\"inLanguage\":\"en-US\"},{\"@type\":\"Organization\",\"@id\":\"https:\/\/kopia.garazyki.pl\/#organization\",\"name\":\"Garazyki.pl Producent gara\u017cy i kontener\u00f3w biurowych i wiat\",\"url\":\"https:\/\/kopia.garazyki.pl\/\",\"logo\":{\"@type\":\"ImageObject\",\"inLanguage\":\"en-US\",\"@id\":\"https:\/\/kopia.garazyki.pl\/#\/schema\/logo\/image\/\",\"url\":\"http:\/\/kopia.garazyki.pl\/wp-content\/uploads\/2022\/02\/logo_garazyki_pl.png\",\"contentUrl\":\"http:\/\/kopia.garazyki.pl\/wp-content\/uploads\/2022\/02\/logo_garazyki_pl.png\",\"width\":120,\"height\":64,\"caption\":\"Garazyki.pl Producent gara\u017cy i kontener\u00f3w biurowych i wiat\"},\"image\":{\"@id\":\"https:\/\/kopia.garazyki.pl\/#\/schema\/logo\/image\/\"},\"sameAs\":[\"https:\/\/www.facebook.com\/garazyki\",\"https:\/\/www.instagram.com\/garazyki.pl\/\",\"https:\/\/www.linkedin.com\/company\/alicja-garazyki\/\"]}]}<\/script>\n<!-- \/ Yoast SEO plugin. -->","yoast_head_json":{"title":"Office container with air-conditioning - Producer Alicja Gara\u017cyki","description":"Custom-made office containers in any size. Office container with air-conditioning","robots":{"index":"noindex","follow":"follow","max-snippet":"max-snippet:-1","max-image-preview":"max-image-preview:large","max-video-preview":"max-video-preview:-1"},"og_locale":"en_US","og_type":"article","og_title":"Office container with air-conditioning - Producer Alicja Gara\u017cyki","og_description":"Custom-made office containers in any size. Office container with air-conditioning","og_url":"https:\/\/kopia.garazyki.pl\/en\/producent\/containers\/office-containers\/office-container-with-air-conditioning-5x2-40-m\/","og_site_name":"Producent kontener\u00f3w biurowych, wiat \u015bmietnikowych, hal i gara\u017cy blaszanych","article_publisher":"https:\/\/www.facebook.com\/garazyki","article_modified_time":"2023-12-06T22:08:33+00:00","og_image":[{"width":960,"height":959,"url":"https:\/\/kopia.garazyki.pl\/wp-content\/uploads\/2023\/04\/\ud835\uddde\ud835\uddfc\ud835\uddfb\ud835\ude01\ud835\uddf2\ud835\uddfb\ud835\uddf2\ud835\uddff-\ud835\uddef\ud835\uddf6\ud835\ude02\ud835\uddff\ud835\uddfc\ud835\ude04\ud835\ude06-\ud835\udff1\ud835\ude05\ud835\udfee\ud835\udff0\ud835\udfec-\ud835\uddfa-\ud835\ude07-klimatyzacja.jpg","type":"image\/jpeg"}],"twitter_card":"summary_large_image","twitter_misc":{"Est. reading time":"1 minute"},"schema":{"@context":"https:\/\/schema.org","@graph":[{"@type":"WebPage","@id":"https:\/\/kopia.garazyki.pl\/en\/producent\/containers\/office-containers\/office-container-with-air-conditioning-5x2-40-m\/","url":"https:\/\/kopia.garazyki.pl\/en\/producent\/containers\/office-containers\/office-container-with-air-conditioning-5x2-40-m\/","name":"Office container with air-conditioning - Producer Alicja Gara\u017cyki","isPartOf":{"@id":"https:\/\/kopia.garazyki.pl\/#website"},"datePublished":"2023-04-21T07:29:21+00:00","dateModified":"2023-12-06T22:08:33+00:00","description":"Custom-made office containers in any size. Office container with air-conditioning","breadcrumb":{"@id":"https:\/\/kopia.garazyki.pl\/en\/producent\/containers\/office-containers\/office-container-with-air-conditioning-5x2-40-m\/#breadcrumb"},"inLanguage":"en-US","potentialAction":[{"@type":"ReadAction","target":["https:\/\/kopia.garazyki.pl\/en\/producent\/containers\/office-containers\/office-container-with-air-conditioning-5x2-40-m\/"]}]},{"@type":"BreadcrumbList","@id":"https:\/\/kopia.garazyki.pl\/en\/producent\/containers\/office-containers\/office-container-with-air-conditioning-5x2-40-m\/#breadcrumb","itemListElement":[{"@type":"ListItem","position":1,"name":"Strona g\u0142\u00f3wna","item":"https:\/\/kopia.garazyki.pl\/en\/"},{"@type":"ListItem","position":2,"name":"Products","item":"https:\/\/kopia.garazyki.pl\/en\/shop\/"},{"@type":"ListItem","position":3,"name":"Office container with air-conditioning 5\u00d72.40 m"}]},{"@type":"WebSite","@id":"https:\/\/kopia.garazyki.pl\/#website","url":"https:\/\/kopia.garazyki.pl\/","name":"Producent kontener\u00f3w biurowych, wiat \u015bmietnikowych, hal i gara\u017cy blaszanych","description":"Kontenery biurowe, wiaty \u015bmietnikowe, hale, gara\u017ce blaszane od producenta.","publisher":{"@id":"https:\/\/kopia.garazyki.pl\/#organization"},"potentialAction":[{"@type":"SearchAction","target":{"@type":"EntryPoint","urlTemplate":"https:\/\/kopia.garazyki.pl\/?s={search_term_string}"},"query-input":"required name=search_term_string"}],"inLanguage":"en-US"},{"@type":"Organization","@id":"https:\/\/kopia.garazyki.pl\/#organization","name":"Garazyki.pl Producent gara\u017cy i kontener\u00f3w biurowych i wiat","url":"https:\/\/kopia.garazyki.pl\/","logo":{"@type":"ImageObject","inLanguage":"en-US","@id":"https:\/\/kopia.garazyki.pl\/#\/schema\/logo\/image\/","url":"http:\/\/kopia.garazyki.pl\/wp-content\/uploads\/2022\/02\/logo_garazyki_pl.png","contentUrl":"http:\/\/kopia.garazyki.pl\/wp-content\/uploads\/2022\/02\/logo_garazyki_pl.png","width":120,"height":64,"caption":"Garazyki.pl Producent gara\u017cy i kontener\u00f3w biurowych i wiat"},"image":{"@id":"https:\/\/kopia.garazyki.pl\/#\/schema\/logo\/image\/"},"sameAs":["https:\/\/www.facebook.com\/garazyki","https:\/\/www.instagram.com\/garazyki.pl\/","https:\/\/www.linkedin.com\/company\/alicja-garazyki\/"]}]}},"_links":{"self":[{"href":"https:\/\/kopia.garazyki.pl\/en\/wp-json\/wp\/v2\/product\/111267"}],"collection":[{"href":"https:\/\/kopia.garazyki.pl\/en\/wp-json\/wp\/v2\/product"}],"about":[{"href":"https:\/\/kopia.garazyki.pl\/en\/wp-json\/wp\/v2\/types\/product"}],"replies":[{"embeddable":true,"href":"https:\/\/kopia.garazyki.pl\/en\/wp-json\/wp\/v2\/comments?post=111267"}],"wp:featuredmedia":[{"embeddable":true,"href":"https:\/\/kopia.garazyki.pl\/en\/wp-json\/wp\/v2\/media\/110896"}],"wp:attachment":[{"href":"https:\/\/kopia.garazyki.pl\/en\/wp-json\/wp\/v2\/media?parent=111267"}],"wp:term":[{"taxonomy":"product_cat","embeddable":true,"href":"https:\/\/kopia.garazyki.pl\/en\/wp-json\/wp\/v2\/product_cat?post=111267"},{"taxonomy":"product_tag","embeddable":true,"href":"https:\/\/kopia.garazyki.pl\/en\/wp-json\/wp\/v2\/product_tag?post=111267"}],"curies":[{"name":"wp","href":"https:\/\/api.w.org\/{rel}","templated":true}]}}