{"id":101755,"date":"2022-02-22T23:17:09","date_gmt":"2022-02-22T22:17:09","guid":{"rendered":"http:\/\/kopia.garazyki.pl\/?post_type=product&#038;p=101755"},"modified":"2023-11-21T21:04:38","modified_gmt":"2023-11-21T20:04:38","slug":"wiata-panelowa-400x300","status":"publish","type":"product","link":"https:\/\/kopia.garazyki.pl\/en\/producent\/wiaty-na-smietniki\/wiata-panelowa-400x300\/","title":{"rendered":"Wiata panelowa 4.00&#215;3.00 WP-9"},"content":{"rendered":"<h2 style=\"text-align: center;\">Wiata \u015bmietnikowa panelowa 4x3m<\/h2>\n<pre>Najni\u017csza cena w okresie 30 dni: 12 250,00 z\u0142 brutto<\/pre>\n<p>Konstrukcja wiaty o wymiarach 4,00m szeroko\u015bci x 3,00m g\u0142\u0119boko\u015bci wykonana zosta\u0142a z ocynkowanych kszta\u0142townik\u00f3w zamkni\u0119tych. Dach ze spadem na ty\u0142 (2,30m front \/ 2,10m ty\u0142). We wiacie zamontowana brama dwuskrzyd\u0142owa 2,00m centralnie, brama poszyta ocynkowan\u0105 siatk\u0105. Poszycie \u015bcian stanowi\u0105 panele wykonane z blachy o grubo\u015bci 0,7mm oraz 0,5mm. Panele w kolorze ciemnym srebrnym-RAL9007 (grubo\u015b\u0107 0,7mm) oraz w kolorze zielonym-RAL6005 (grubo\u015b\u0107 0,5mm). Poszycie dachu stanowi powlekana blacha trapezowa T18. Wiata posiada obr\u00f3bki blacharskie w postaci wiatrownic oraz naro\u017cnik\u00f3w. Kolor dachu oraz opierze\u0144 zielony-RAL6005. Z ty\u0142u wiaty zamontowana rynna stalowa w kolorze zielonym-RAL6020.<\/p>\n<p><strong>Cechy wiaty panelowej 4,00m x 3,00m :<\/strong><\/p>\n<ul>\n<li>brama 2,00m umieszczona centralnie,<\/li>\n<li>brama wyposa\u017cona w zamek z klamk\u0105,<\/li>\n<li>dach ze spadem na ty\u0142 ( 2,30\/ 2,10),<\/li>\n<li>dach z jednej d\u0142ugo\u015bci blachy T18, grubo\u015b\u0107 0,5mm,<\/li>\n<li>konstrukcja w ca\u0142o\u015bci wykonana z ocynkowanych profili stalowych,<\/li>\n<li>rynna stalowa,<\/li>\n<li>obr\u00f3bki blacharskie w postaci naro\u017cnik\u00f3w i wiatrownic,<\/li>\n<\/ul>\n","protected":false},"excerpt":{"rendered":"<p>Wiata \u015bmietnikowa panelowa 4x3m Najni\u017csza cena w okresie 30 dni: 12 250,00 z\u0142 brutto Konstrukcja wiaty o wymiarach 4,00m szeroko\u015bci x 3,00m g\u0142\u0119boko\u015bci wykonana zosta\u0142a z ocynkowanych kszta\u0142townik\u00f3w zamkni\u0119tych. Dach ze spadem na ty\u0142 (2,30m front \/ 2,10m ty\u0142). We wiacie zamontowana brama dwuskrzyd\u0142owa 2,00m centralnie, brama poszyta ocynkowan\u0105 siatk\u0105. Poszycie \u015bcian stanowi\u0105 panele wykonane [&hellip;]<\/p>\n","protected":false},"featured_media":101759,"comment_status":"open","ping_status":"closed","template":"","meta":{"_et_pb_use_builder":"","_et_pb_old_content":"","_et_gb_content_width":""},"product_cat":[280,279,324],"product_tag":[183,278,221,139,182],"yoast_head":"<!-- This site is optimized with the Yoast SEO plugin v21.6 - https:\/\/yoast.com\/wordpress\/plugins\/seo\/ -->\n<title>Wiata \u015bmietnikowa panelowa 4x3 m - Producent Alicja Gara\u017cyki<\/title>\n<meta name=\"description\" content=\"Producent wiat \u015bmietnikowych w dowolnym wymiarze i kolorze RAL. Altany \u015bmietnikowe na wymiar, zam\u00f3wienie. Wiata \u015bmietnikowa panelowa 4x3 Alicja Gara\u017cyki\" \/>\n<meta name=\"robots\" content=\"noindex, follow, max-snippet:-1, max-image-preview:large, max-video-preview:-1\" \/>\n<meta property=\"og:locale\" content=\"en_US\" \/>\n<meta property=\"og:type\" content=\"article\" \/>\n<meta property=\"og:title\" content=\"Wiata \u015bmietnikowa panelowa 4x3 m - Producent Alicja Gara\u017cyki\" \/>\n<meta property=\"og:description\" content=\"Producent wiat \u015bmietnikowych w dowolnym wymiarze i kolorze RAL. Altany \u015bmietnikowe na wymiar, zam\u00f3wienie. Wiata \u015bmietnikowa panelowa 4x3 Alicja Gara\u017cyki\" \/>\n<meta property=\"og:url\" content=\"https:\/\/kopia.garazyki.pl\/en\/producent\/wiaty-na-smietniki\/wiata-panelowa-400x300\/\" \/>\n<meta property=\"og:site_name\" content=\"Producent kontener\u00f3w biurowych, wiat \u015bmietnikowych, hal i gara\u017cy blaszanych\" \/>\n<meta property=\"article:publisher\" content=\"https:\/\/www.facebook.com\/garazyki\" \/>\n<meta property=\"article:modified_time\" content=\"2023-11-21T20:04:38+00:00\" \/>\n<meta property=\"og:image\" content=\"https:\/\/kopia.garazyki.pl\/wp-content\/uploads\/2022\/02\/2Wiata_panelowa_400_x_300__1_.jpg\" \/>\n\t<meta property=\"og:image:width\" content=\"1024\" \/>\n\t<meta property=\"og:image:height\" content=\"720\" \/>\n\t<meta property=\"og:image:type\" content=\"image\/jpeg\" \/>\n<meta name=\"twitter:card\" content=\"summary_large_image\" \/>\n<meta name=\"twitter:label1\" content=\"Est. reading time\" \/>\n\t<meta name=\"twitter:data1\" content=\"1 minute\" \/>\n<script type=\"application\/ld+json\" class=\"yoast-schema-graph\">{\"@context\":\"https:\/\/schema.org\",\"@graph\":[{\"@type\":\"WebPage\",\"@id\":\"https:\/\/kopia.garazyki.pl\/en\/producent\/wiaty-na-smietniki\/wiata-panelowa-400x300\/\",\"url\":\"https:\/\/kopia.garazyki.pl\/en\/producent\/wiaty-na-smietniki\/wiata-panelowa-400x300\/\",\"name\":\"Wiata \u015bmietnikowa panelowa 4x3 m - Producent Alicja Gara\u017cyki\",\"isPartOf\":{\"@id\":\"https:\/\/kopia.garazyki.pl\/#website\"},\"datePublished\":\"2022-02-22T22:17:09+00:00\",\"dateModified\":\"2023-11-21T20:04:38+00:00\",\"description\":\"Producent wiat \u015bmietnikowych w dowolnym wymiarze i kolorze RAL. Altany \u015bmietnikowe na wymiar, zam\u00f3wienie. Wiata \u015bmietnikowa panelowa 4x3 Alicja Gara\u017cyki\",\"breadcrumb\":{\"@id\":\"https:\/\/kopia.garazyki.pl\/en\/producent\/wiaty-na-smietniki\/wiata-panelowa-400x300\/#breadcrumb\"},\"inLanguage\":\"en-US\",\"potentialAction\":[{\"@type\":\"ReadAction\",\"target\":[\"https:\/\/kopia.garazyki.pl\/en\/producent\/wiaty-na-smietniki\/wiata-panelowa-400x300\/\"]}]},{\"@type\":\"BreadcrumbList\",\"@id\":\"https:\/\/kopia.garazyki.pl\/en\/producent\/wiaty-na-smietniki\/wiata-panelowa-400x300\/#breadcrumb\",\"itemListElement\":[{\"@type\":\"ListItem\",\"position\":1,\"name\":\"Strona g\u0142\u00f3wna\",\"item\":\"https:\/\/kopia.garazyki.pl\/en\/\"},{\"@type\":\"ListItem\",\"position\":2,\"name\":\"Products\",\"item\":\"https:\/\/kopia.garazyki.pl\/en\/shop\/\"},{\"@type\":\"ListItem\",\"position\":3,\"name\":\"Wiata panelowa 4.00&#215;3.00 WP-9\"}]},{\"@type\":\"WebSite\",\"@id\":\"https:\/\/kopia.garazyki.pl\/#website\",\"url\":\"https:\/\/kopia.garazyki.pl\/\",\"name\":\"Producent kontener\u00f3w biurowych, wiat \u015bmietnikowych, hal i gara\u017cy blaszanych\",\"description\":\"Kontenery biurowe, wiaty \u015bmietnikowe, hale, gara\u017ce blaszane od producenta.\",\"publisher\":{\"@id\":\"https:\/\/kopia.garazyki.pl\/#organization\"},\"potentialAction\":[{\"@type\":\"SearchAction\",\"target\":{\"@type\":\"EntryPoint\",\"urlTemplate\":\"https:\/\/kopia.garazyki.pl\/?s={search_term_string}\"},\"query-input\":\"required name=search_term_string\"}],\"inLanguage\":\"en-US\"},{\"@type\":\"Organization\",\"@id\":\"https:\/\/kopia.garazyki.pl\/#organization\",\"name\":\"Garazyki.pl Producent gara\u017cy i kontener\u00f3w biurowych i wiat\",\"url\":\"https:\/\/kopia.garazyki.pl\/\",\"logo\":{\"@type\":\"ImageObject\",\"inLanguage\":\"en-US\",\"@id\":\"https:\/\/kopia.garazyki.pl\/#\/schema\/logo\/image\/\",\"url\":\"http:\/\/kopia.garazyki.pl\/wp-content\/uploads\/2022\/02\/logo_garazyki_pl.png\",\"contentUrl\":\"http:\/\/kopia.garazyki.pl\/wp-content\/uploads\/2022\/02\/logo_garazyki_pl.png\",\"width\":120,\"height\":64,\"caption\":\"Garazyki.pl Producent gara\u017cy i kontener\u00f3w biurowych i wiat\"},\"image\":{\"@id\":\"https:\/\/kopia.garazyki.pl\/#\/schema\/logo\/image\/\"},\"sameAs\":[\"https:\/\/www.facebook.com\/garazyki\",\"https:\/\/www.instagram.com\/garazyki.pl\/\",\"https:\/\/www.linkedin.com\/company\/alicja-garazyki\/\"]}]}<\/script>\n<!-- \/ Yoast SEO plugin. -->","yoast_head_json":{"title":"Wiata \u015bmietnikowa panelowa 4x3 m - Producent Alicja Gara\u017cyki","description":"Producent wiat \u015bmietnikowych w dowolnym wymiarze i kolorze RAL. Altany \u015bmietnikowe na wymiar, zam\u00f3wienie. Wiata \u015bmietnikowa panelowa 4x3 Alicja Gara\u017cyki","robots":{"index":"noindex","follow":"follow","max-snippet":"max-snippet:-1","max-image-preview":"max-image-preview:large","max-video-preview":"max-video-preview:-1"},"og_locale":"en_US","og_type":"article","og_title":"Wiata \u015bmietnikowa panelowa 4x3 m - Producent Alicja Gara\u017cyki","og_description":"Producent wiat \u015bmietnikowych w dowolnym wymiarze i kolorze RAL. Altany \u015bmietnikowe na wymiar, zam\u00f3wienie. Wiata \u015bmietnikowa panelowa 4x3 Alicja Gara\u017cyki","og_url":"https:\/\/kopia.garazyki.pl\/en\/producent\/wiaty-na-smietniki\/wiata-panelowa-400x300\/","og_site_name":"Producent kontener\u00f3w biurowych, wiat \u015bmietnikowych, hal i gara\u017cy blaszanych","article_publisher":"https:\/\/www.facebook.com\/garazyki","article_modified_time":"2023-11-21T20:04:38+00:00","og_image":[{"width":1024,"height":720,"url":"https:\/\/kopia.garazyki.pl\/wp-content\/uploads\/2022\/02\/2Wiata_panelowa_400_x_300__1_.jpg","type":"image\/jpeg"}],"twitter_card":"summary_large_image","twitter_misc":{"Est. reading time":"1 minute"},"schema":{"@context":"https:\/\/schema.org","@graph":[{"@type":"WebPage","@id":"https:\/\/kopia.garazyki.pl\/en\/producent\/wiaty-na-smietniki\/wiata-panelowa-400x300\/","url":"https:\/\/kopia.garazyki.pl\/en\/producent\/wiaty-na-smietniki\/wiata-panelowa-400x300\/","name":"Wiata \u015bmietnikowa panelowa 4x3 m - Producent Alicja Gara\u017cyki","isPartOf":{"@id":"https:\/\/kopia.garazyki.pl\/#website"},"datePublished":"2022-02-22T22:17:09+00:00","dateModified":"2023-11-21T20:04:38+00:00","description":"Producent wiat \u015bmietnikowych w dowolnym wymiarze i kolorze RAL. Altany \u015bmietnikowe na wymiar, zam\u00f3wienie. Wiata \u015bmietnikowa panelowa 4x3 Alicja Gara\u017cyki","breadcrumb":{"@id":"https:\/\/kopia.garazyki.pl\/en\/producent\/wiaty-na-smietniki\/wiata-panelowa-400x300\/#breadcrumb"},"inLanguage":"en-US","potentialAction":[{"@type":"ReadAction","target":["https:\/\/kopia.garazyki.pl\/en\/producent\/wiaty-na-smietniki\/wiata-panelowa-400x300\/"]}]},{"@type":"BreadcrumbList","@id":"https:\/\/kopia.garazyki.pl\/en\/producent\/wiaty-na-smietniki\/wiata-panelowa-400x300\/#breadcrumb","itemListElement":[{"@type":"ListItem","position":1,"name":"Strona g\u0142\u00f3wna","item":"https:\/\/kopia.garazyki.pl\/en\/"},{"@type":"ListItem","position":2,"name":"Products","item":"https:\/\/kopia.garazyki.pl\/en\/shop\/"},{"@type":"ListItem","position":3,"name":"Wiata panelowa 4.00&#215;3.00 WP-9"}]},{"@type":"WebSite","@id":"https:\/\/kopia.garazyki.pl\/#website","url":"https:\/\/kopia.garazyki.pl\/","name":"Producent kontener\u00f3w biurowych, wiat \u015bmietnikowych, hal i gara\u017cy blaszanych","description":"Kontenery biurowe, wiaty \u015bmietnikowe, hale, gara\u017ce blaszane od producenta.","publisher":{"@id":"https:\/\/kopia.garazyki.pl\/#organization"},"potentialAction":[{"@type":"SearchAction","target":{"@type":"EntryPoint","urlTemplate":"https:\/\/kopia.garazyki.pl\/?s={search_term_string}"},"query-input":"required name=search_term_string"}],"inLanguage":"en-US"},{"@type":"Organization","@id":"https:\/\/kopia.garazyki.pl\/#organization","name":"Garazyki.pl Producent gara\u017cy i kontener\u00f3w biurowych i wiat","url":"https:\/\/kopia.garazyki.pl\/","logo":{"@type":"ImageObject","inLanguage":"en-US","@id":"https:\/\/kopia.garazyki.pl\/#\/schema\/logo\/image\/","url":"http:\/\/kopia.garazyki.pl\/wp-content\/uploads\/2022\/02\/logo_garazyki_pl.png","contentUrl":"http:\/\/kopia.garazyki.pl\/wp-content\/uploads\/2022\/02\/logo_garazyki_pl.png","width":120,"height":64,"caption":"Garazyki.pl Producent gara\u017cy i kontener\u00f3w biurowych i wiat"},"image":{"@id":"https:\/\/kopia.garazyki.pl\/#\/schema\/logo\/image\/"},"sameAs":["https:\/\/www.facebook.com\/garazyki","https:\/\/www.instagram.com\/garazyki.pl\/","https:\/\/www.linkedin.com\/company\/alicja-garazyki\/"]}]}},"_links":{"self":[{"href":"https:\/\/kopia.garazyki.pl\/en\/wp-json\/wp\/v2\/product\/101755"}],"collection":[{"href":"https:\/\/kopia.garazyki.pl\/en\/wp-json\/wp\/v2\/product"}],"about":[{"href":"https:\/\/kopia.garazyki.pl\/en\/wp-json\/wp\/v2\/types\/product"}],"replies":[{"embeddable":true,"href":"https:\/\/kopia.garazyki.pl\/en\/wp-json\/wp\/v2\/comments?post=101755"}],"wp:featuredmedia":[{"embeddable":true,"href":"https:\/\/kopia.garazyki.pl\/en\/wp-json\/wp\/v2\/media\/101759"}],"wp:attachment":[{"href":"https:\/\/kopia.garazyki.pl\/en\/wp-json\/wp\/v2\/media?parent=101755"}],"wp:term":[{"taxonomy":"product_cat","embeddable":true,"href":"https:\/\/kopia.garazyki.pl\/en\/wp-json\/wp\/v2\/product_cat?post=101755"},{"taxonomy":"product_tag","embeddable":true,"href":"https:\/\/kopia.garazyki.pl\/en\/wp-json\/wp\/v2\/product_tag?post=101755"}],"curies":[{"name":"wp","href":"https:\/\/api.w.org\/{rel}","templated":true}]}}