{"id":111310,"date":"2022-01-30T17:32:27","date_gmt":"2022-01-30T16:32:27","guid":{"rendered":"http:\/\/kopia.garazyki.pl\/send-inquiry\/"},"modified":"2022-01-30T17:32:27","modified_gmt":"2022-01-30T16:32:27","slug":"send-inquiry","status":"publish","type":"page","link":"https:\/\/kopia.garazyki.pl\/en\/send-inquiry\/","title":{"rendered":"Send inquiry"},"content":{"rendered":"\n<div class=\"woocommerce ywraq-wrapper ywraq-empty\">\n\t\t\t<div id=\"yith-ywraq-message\"><div class=\"ywraq-question-message\">\n\t<\/div>\n<\/div>\n\t\t\n\t\t\t\t<div class=\"ywraq-form-table-wrapper wide\">\n\t\t\t<div class=\"ywraq-before-form\">\n\t<p class=\"ywraq_list_empty_message\">Your list is empty, add products to the list to send a request<p><p class=\"return-to-shop\"><a class=\"button wc-backward\" href=\"\">Wr\u00f3\u0107 do sklepu<\/a><\/p><\/div>\n\t\t\t\t\t<\/div>\n\t<\/div>\n\n","protected":false},"excerpt":{"rendered":"","protected":false},"author":1,"featured_media":0,"parent":0,"menu_order":0,"comment_status":"closed","ping_status":"closed","template":"","meta":{"_et_pb_use_builder":"","_et_pb_old_content":"","_et_gb_content_width":""},"yoast_head":"<!-- This site is optimized with the Yoast SEO plugin v21.6 - https:\/\/yoast.com\/wordpress\/plugins\/seo\/ -->\n<title>Send inquiry - Producent kontener\u00f3w biurowych, wiat \u015bmietnikowych, hal i gara\u017cy blaszanych<\/title>\n<meta name=\"robots\" content=\"noindex, follow, max-snippet:-1, max-image-preview:large, max-video-preview:-1\" \/>\n<meta property=\"og:locale\" content=\"en_US\" \/>\n<meta property=\"og:type\" content=\"article\" \/>\n<meta property=\"og:title\" content=\"Send inquiry - Producent kontener\u00f3w biurowych, wiat \u015bmietnikowych, hal i gara\u017cy blaszanych\" \/>\n<meta property=\"og:url\" content=\"https:\/\/kopia.garazyki.pl\/en\/send-inquiry\/\" \/>\n<meta property=\"og:site_name\" content=\"Producent kontener\u00f3w biurowych, wiat \u015bmietnikowych, hal i gara\u017cy blaszanych\" \/>\n<meta property=\"article:publisher\" content=\"https:\/\/www.facebook.com\/garazyki\" \/>\n<meta name=\"twitter:card\" content=\"summary_large_image\" \/>\n<script type=\"application\/ld+json\" class=\"yoast-schema-graph\">{\"@context\":\"https:\/\/schema.org\",\"@graph\":[{\"@type\":\"WebPage\",\"@id\":\"https:\/\/kopia.garazyki.pl\/en\/send-inquiry\/\",\"url\":\"https:\/\/kopia.garazyki.pl\/en\/send-inquiry\/\",\"name\":\"Send inquiry - Producent kontener\u00f3w biurowych, wiat \u015bmietnikowych, hal i gara\u017cy blaszanych\",\"isPartOf\":{\"@id\":\"https:\/\/kopia.garazyki.pl\/#website\"},\"datePublished\":\"2022-01-30T16:32:27+00:00\",\"dateModified\":\"2022-01-30T16:32:27+00:00\",\"breadcrumb\":{\"@id\":\"https:\/\/kopia.garazyki.pl\/en\/send-inquiry\/#breadcrumb\"},\"inLanguage\":\"en-US\",\"potentialAction\":[{\"@type\":\"ReadAction\",\"target\":[\"https:\/\/kopia.garazyki.pl\/en\/send-inquiry\/\"]}]},{\"@type\":\"BreadcrumbList\",\"@id\":\"https:\/\/kopia.garazyki.pl\/en\/send-inquiry\/#breadcrumb\",\"itemListElement\":[{\"@type\":\"ListItem\",\"position\":1,\"name\":\"Strona g\u0142\u00f3wna\",\"item\":\"https:\/\/kopia.garazyki.pl\/en\/\"},{\"@type\":\"ListItem\",\"position\":2,\"name\":\"Send inquiry\"}]},{\"@type\":\"WebSite\",\"@id\":\"https:\/\/kopia.garazyki.pl\/#website\",\"url\":\"https:\/\/kopia.garazyki.pl\/\",\"name\":\"Producent kontener\u00f3w biurowych, wiat \u015bmietnikowych, hal i gara\u017cy blaszanych\",\"description\":\"Kontenery biurowe, wiaty \u015bmietnikowe, hale, gara\u017ce blaszane od producenta.\",\"publisher\":{\"@id\":\"https:\/\/kopia.garazyki.pl\/#organization\"},\"potentialAction\":[{\"@type\":\"SearchAction\",\"target\":{\"@type\":\"EntryPoint\",\"urlTemplate\":\"https:\/\/kopia.garazyki.pl\/?s={search_term_string}\"},\"query-input\":\"required name=search_term_string\"}],\"inLanguage\":\"en-US\"},{\"@type\":\"Organization\",\"@id\":\"https:\/\/kopia.garazyki.pl\/#organization\",\"name\":\"Garazyki.pl Producent gara\u017cy i kontener\u00f3w biurowych i wiat\",\"url\":\"https:\/\/kopia.garazyki.pl\/\",\"logo\":{\"@type\":\"ImageObject\",\"inLanguage\":\"en-US\",\"@id\":\"https:\/\/kopia.garazyki.pl\/#\/schema\/logo\/image\/\",\"url\":\"http:\/\/kopia.garazyki.pl\/wp-content\/uploads\/2022\/02\/logo_garazyki_pl.png\",\"contentUrl\":\"http:\/\/kopia.garazyki.pl\/wp-content\/uploads\/2022\/02\/logo_garazyki_pl.png\",\"width\":120,\"height\":64,\"caption\":\"Garazyki.pl Producent gara\u017cy i kontener\u00f3w biurowych i wiat\"},\"image\":{\"@id\":\"https:\/\/kopia.garazyki.pl\/#\/schema\/logo\/image\/\"},\"sameAs\":[\"https:\/\/www.facebook.com\/garazyki\",\"https:\/\/www.instagram.com\/garazyki.pl\/\",\"https:\/\/www.linkedin.com\/company\/alicja-garazyki\/\"]}]}<\/script>\n<!-- \/ Yoast SEO plugin. -->","yoast_head_json":{"title":"Send inquiry - Producent kontener\u00f3w biurowych, wiat \u015bmietnikowych, hal i gara\u017cy blaszanych","robots":{"index":"noindex","follow":"follow","max-snippet":"max-snippet:-1","max-image-preview":"max-image-preview:large","max-video-preview":"max-video-preview:-1"},"og_locale":"en_US","og_type":"article","og_title":"Send inquiry - Producent kontener\u00f3w biurowych, wiat \u015bmietnikowych, hal i gara\u017cy blaszanych","og_url":"https:\/\/kopia.garazyki.pl\/en\/send-inquiry\/","og_site_name":"Producent kontener\u00f3w biurowych, wiat \u015bmietnikowych, hal i gara\u017cy blaszanych","article_publisher":"https:\/\/www.facebook.com\/garazyki","twitter_card":"summary_large_image","schema":{"@context":"https:\/\/schema.org","@graph":[{"@type":"WebPage","@id":"https:\/\/kopia.garazyki.pl\/en\/send-inquiry\/","url":"https:\/\/kopia.garazyki.pl\/en\/send-inquiry\/","name":"Send inquiry - Producent kontener\u00f3w biurowych, wiat \u015bmietnikowych, hal i gara\u017cy blaszanych","isPartOf":{"@id":"https:\/\/kopia.garazyki.pl\/#website"},"datePublished":"2022-01-30T16:32:27+00:00","dateModified":"2022-01-30T16:32:27+00:00","breadcrumb":{"@id":"https:\/\/kopia.garazyki.pl\/en\/send-inquiry\/#breadcrumb"},"inLanguage":"en-US","potentialAction":[{"@type":"ReadAction","target":["https:\/\/kopia.garazyki.pl\/en\/send-inquiry\/"]}]},{"@type":"BreadcrumbList","@id":"https:\/\/kopia.garazyki.pl\/en\/send-inquiry\/#breadcrumb","itemListElement":[{"@type":"ListItem","position":1,"name":"Strona g\u0142\u00f3wna","item":"https:\/\/kopia.garazyki.pl\/en\/"},{"@type":"ListItem","position":2,"name":"Send inquiry"}]},{"@type":"WebSite","@id":"https:\/\/kopia.garazyki.pl\/#website","url":"https:\/\/kopia.garazyki.pl\/","name":"Producent kontener\u00f3w biurowych, wiat \u015bmietnikowych, hal i gara\u017cy blaszanych","description":"Kontenery biurowe, wiaty \u015bmietnikowe, hale, gara\u017ce blaszane od producenta.","publisher":{"@id":"https:\/\/kopia.garazyki.pl\/#organization"},"potentialAction":[{"@type":"SearchAction","target":{"@type":"EntryPoint","urlTemplate":"https:\/\/kopia.garazyki.pl\/?s={search_term_string}"},"query-input":"required name=search_term_string"}],"inLanguage":"en-US"},{"@type":"Organization","@id":"https:\/\/kopia.garazyki.pl\/#organization","name":"Garazyki.pl Producent gara\u017cy i kontener\u00f3w biurowych i wiat","url":"https:\/\/kopia.garazyki.pl\/","logo":{"@type":"ImageObject","inLanguage":"en-US","@id":"https:\/\/kopia.garazyki.pl\/#\/schema\/logo\/image\/","url":"http:\/\/kopia.garazyki.pl\/wp-content\/uploads\/2022\/02\/logo_garazyki_pl.png","contentUrl":"http:\/\/kopia.garazyki.pl\/wp-content\/uploads\/2022\/02\/logo_garazyki_pl.png","width":120,"height":64,"caption":"Garazyki.pl Producent gara\u017cy i kontener\u00f3w biurowych i wiat"},"image":{"@id":"https:\/\/kopia.garazyki.pl\/#\/schema\/logo\/image\/"},"sameAs":["https:\/\/www.facebook.com\/garazyki","https:\/\/www.instagram.com\/garazyki.pl\/","https:\/\/www.linkedin.com\/company\/alicja-garazyki\/"]}]}},"_links":{"self":[{"href":"https:\/\/kopia.garazyki.pl\/en\/wp-json\/wp\/v2\/pages\/111310"}],"collection":[{"href":"https:\/\/kopia.garazyki.pl\/en\/wp-json\/wp\/v2\/pages"}],"about":[{"href":"https:\/\/kopia.garazyki.pl\/en\/wp-json\/wp\/v2\/types\/page"}],"author":[{"embeddable":true,"href":"https:\/\/kopia.garazyki.pl\/en\/wp-json\/wp\/v2\/users\/1"}],"replies":[{"embeddable":true,"href":"https:\/\/kopia.garazyki.pl\/en\/wp-json\/wp\/v2\/comments?post=111310"}],"version-history":[{"count":0,"href":"https:\/\/kopia.garazyki.pl\/en\/wp-json\/wp\/v2\/pages\/111310\/revisions"}],"wp:attachment":[{"href":"https:\/\/kopia.garazyki.pl\/en\/wp-json\/wp\/v2\/media?parent=111310"}],"curies":[{"name":"wp","href":"https:\/\/api.w.org\/{rel}","templated":true}]}}