{"id":111204,"date":"2022-03-01T19:09:15","date_gmt":"2022-03-01T18:09:15","guid":{"rendered":"http:\/\/kopia.garazyki.pl\/contact\/"},"modified":"2023-12-09T00:54:26","modified_gmt":"2023-12-08T23:54:26","slug":"contact","status":"publish","type":"page","link":"https:\/\/kopia.garazyki.pl\/en\/contact\/","title":{"rendered":"Contact"},"content":{"rendered":"<p>[et_pb_section fb_built=&#8221;1&#8243; _builder_version=&#8221;4.16&#8243; _module_preset=&#8221;default&#8221; custom_padding=&#8221;2px|||||&#8221; global_colors_info=&#8221;{}&#8221;][et_pb_row _builder_version=&#8221;4.16&#8243; _module_preset=&#8221;default&#8221; custom_padding=&#8221;||2px|||&#8221; global_colors_info=&#8221;{}&#8221;][et_pb_column type=&#8221;4_4&#8243; _builder_version=&#8221;4.16&#8243; _module_preset=&#8221;default&#8221; global_colors_info=&#8221;{}&#8221;][et_pb_text _builder_version=&#8221;4.16&#8243; _module_preset=&#8221;default&#8221; global_colors_info=&#8221;{}&#8221;]<\/p>\n<h2>Contact<\/h2>\n<p>[\/et_pb_text][\/et_pb_column][\/et_pb_row][et_pb_row column_structure=&#8221;1_2,1_2&#8243; _builder_version=&#8221;4.16&#8243; _module_preset=&#8221;default&#8221; global_colors_info=&#8221;{}&#8221;][et_pb_column type=&#8221;1_2&#8243; _builder_version=&#8221;4.16&#8243; _module_preset=&#8221;default&#8221; global_colors_info=&#8221;{}&#8221;][et_pb_text _builder_version=&#8221;4.23.1&#8243; _module_preset=&#8221;default&#8221; hover_enabled=&#8221;0&#8243; global_colors_info=&#8221;{}&#8221; sticky_enabled=&#8221;0&#8243;]<\/p>\n<p>tel. <a href=\"tel:+48585351596\">(58)-535-15-96<\/a><br \/>tel.\u00a0<a href=\"tel:+48523327575\">(52)-332-75-75<\/a><br \/><a href=\"mailto:biuro@garazyki.pl\">biuro@garazyki.pl<\/a><\/p>\n<p>&#8212;&#8212;&#8212;&#8212;&#8212;&#8212;&#8212;&#8212;&#8212;&#8212;&#8212;&#8212;&#8211;<\/p>\n<p>Do you require a measurement? Call us:<\/p>\n<p>tel.<a href=\"tel:+48607651887\">607-651-887<\/a>\u00a0 PN-PT (7:00 am &#8211; 3:00 pm)<\/p>\n<p>&#8212;&#8212;&#8212;&#8212;&#8212;&#8212;&#8212;&#8212;&#8212;&#8212;&#8212;&#8212;&#8211;<\/p>\n<h3>Office<\/h3>\n<p>Pieni\u0105\u017ckowo 4b<br \/>83-135 Ma\u0142a Karczma<\/p>\n<h3>Opening hours<\/h3>\n<p>Monday &#8211; Thursday 7:00 a.m. &#8211; 3:15 p.m.<br \/>Friday 7:00 a.m. &#8211; 2:00 p.m.<\/p>\n<h3>DELIVERIES AND COLLECTIONS UNTIL 13:30<\/h3>\n<p>&#8212;&#8212;&#8212;&#8212;&#8212;&#8212;&#8212;&#8212;&#8212;&#8212;&#8212;&#8212;&#8211;<\/p>\n<h3>Sales points:<\/h3>\n<p>Pomeranian voivodship:<br \/>ERAPOL<br \/>ul.Hutnicza 4A<br \/>81-061 Gdynia<br \/>tel.<a href=\"tel:+48587833548\">(58)-783-35-48<\/a><\/p>\n<p>&nbsp;<\/p>\n<p>Production facility<br \/>is located in Pieni\u0105\u017ckowo (Pomorskie Voivodeship)<br \/>(7 km north on route 91 from Nowe)<br \/>We invite you to contact the company &amp;quot;ALICJA GARA\u017bYKI&amp;quot; Krzysztof G\u0119bala. We manufacture and sell<br \/>new garages of various types, garbage sheds and customised tin gatehouses. Our production facility is<br \/>located in Pieni\u0105\u017ckowo in the Pomeranian Voivodship, but you can also view and purchase our<br \/>products at our authorised sales point in Gdynia. If you are interested in our offer but our authorised<br \/>sales point is not located in your area, please contact our sales representatives who work in the<br \/>majority of the voivodeships.<\/p>\n<p>&#8212;&#8212;&#8212;&#8212;&#8212;&#8212;&#8212;&#8212;&#8212;&#8212;&#8212;&#8212;&#8212;&#8212;&#8212;&#8212;&#8212;&#8212;&#8212;&#8212;&#8212;&#8212;&#8212;&#8212;&#8212;&#8212;&#8211;<\/p>\n<p>The data you provide will only be processed for the purpose of sending you an e-mail from ALICJA<br \/>GARA\u017bYKI Krzysztof G\u0119bala, which contains information about our products and company, as well as<br \/>favourable, personalised offers and proposals. We act on the basis of your consent. We do not sell<br \/>your data anywhere, nor do we make it available to unauthorised persons. We store your data in a<br \/>database. We will store your data until you withdraw your consent. You always have the right to<br \/>access your data and you may wish to rectify it. You can also always object to our processing of your<br \/>data. You can always withdraw the consent you have given us &#8211; at any time. The submission of your<br \/>data does not result from any legal obligation, it is voluntary. This allows us to send you later the<br \/>information that is most useful and interesting for you.<\/p>\n<p>[\/et_pb_text][\/et_pb_column][et_pb_column type=&#8221;1_2&#8243; _builder_version=&#8221;4.16&#8243; _module_preset=&#8221;default&#8221; global_colors_info=&#8221;{}&#8221;][et_pb_text _builder_version=&#8221;4.23.1&#8243; _module_preset=&#8221;default&#8221; hover_enabled=&#8221;0&#8243; global_colors_info=&#8221;{}&#8221; sticky_enabled=&#8221;0&#8243;]<\/p>\n<h3>Contact form<\/h3>\n<p>If you have any questions, you can use the contact form.<\/p>\n<p>[\/et_pb_text][et_pb_contact_form email=&#8221;biuro@garazyki.pl&#8221; _builder_version=&#8221;4.23.1&#8243; _module_preset=&#8221;default&#8221; _unique_id=&#8221;69952162-5759-44c6-91ae-2c75b847e94d&#8221; custom_margin=&#8221;||75px|||&#8221; hover_enabled=&#8221;0&#8243; global_colors_info=&#8221;{}&#8221; sticky_enabled=&#8221;0&#8243; submit_button_text=&#8221;Send&#8221;][et_pb_contact_field field_id=&#8221;Name&#8221; field_title=&#8221;Name&#8221; _builder_version=&#8221;4.16&#8243; global_colors_info=&#8221;{}&#8221; button_text_size__hover_enabled=&#8221;off&#8221; button_one_text_size__hover_enabled=&#8221;off&#8221; button_two_text_size__hover_enabled=&#8221;off&#8221; button_text_color__hover_enabled=&#8221;off&#8221; button_one_text_color__hover_enabled=&#8221;off&#8221; button_two_text_color__hover_enabled=&#8221;off&#8221; button_border_width__hover_enabled=&#8221;off&#8221; button_one_border_width__hover_enabled=&#8221;off&#8221; button_two_border_width__hover_enabled=&#8221;off&#8221; button_border_color__hover_enabled=&#8221;off&#8221; button_one_border_color__hover_enabled=&#8221;off&#8221; button_two_border_color__hover_enabled=&#8221;off&#8221; button_border_radius__hover_enabled=&#8221;off&#8221; button_one_border_radius__hover_enabled=&#8221;off&#8221; button_two_border_radius__hover_enabled=&#8221;off&#8221; button_letter_spacing__hover_enabled=&#8221;off&#8221; button_one_letter_spacing__hover_enabled=&#8221;off&#8221; button_two_letter_spacing__hover_enabled=&#8221;off&#8221; button_bg_color__hover_enabled=&#8221;off&#8221; button_one_bg_color__hover_enabled=&#8221;off&#8221; button_two_bg_color__hover_enabled=&#8221;off&#8221;][\/et_pb_contact_field][et_pb_contact_field field_id=&#8221;Nazwisko&#8221; field_title=&#8221;surname&#8221; _builder_version=&#8221;4.23.1&#8243; hover_enabled=&#8221;0&#8243; global_colors_info=&#8221;{}&#8221; button_text_size__hover_enabled=&#8221;off&#8221; button_one_text_size__hover_enabled=&#8221;off&#8221; button_two_text_size__hover_enabled=&#8221;off&#8221; button_text_color__hover_enabled=&#8221;off&#8221; button_one_text_color__hover_enabled=&#8221;off&#8221; button_two_text_color__hover_enabled=&#8221;off&#8221; button_border_width__hover_enabled=&#8221;off&#8221; button_one_border_width__hover_enabled=&#8221;off&#8221; button_two_border_width__hover_enabled=&#8221;off&#8221; button_border_color__hover_enabled=&#8221;off&#8221; button_one_border_color__hover_enabled=&#8221;off&#8221; button_two_border_color__hover_enabled=&#8221;off&#8221; button_border_radius__hover_enabled=&#8221;off&#8221; button_one_border_radius__hover_enabled=&#8221;off&#8221; button_two_border_radius__hover_enabled=&#8221;off&#8221; button_letter_spacing__hover_enabled=&#8221;off&#8221; button_one_letter_spacing__hover_enabled=&#8221;off&#8221; button_two_letter_spacing__hover_enabled=&#8221;off&#8221; button_bg_color__hover_enabled=&#8221;off&#8221; button_one_bg_color__hover_enabled=&#8221;off&#8221; button_two_bg_color__hover_enabled=&#8221;off&#8221; sticky_enabled=&#8221;0&#8243;][\/et_pb_contact_field][et_pb_contact_field field_id=&#8221;telefon&#8221; field_title=&#8221;Phone&#8221; _builder_version=&#8221;4.23.1&#8243; _module_preset=&#8221;default&#8221; hover_enabled=&#8221;0&#8243; global_colors_info=&#8221;{}&#8221; sticky_enabled=&#8221;0&#8243;][\/et_pb_contact_field][et_pb_contact_field field_id=&#8221;Email&#8221; field_title=&#8221;E-mail address&#8221; field_type=&#8221;email&#8221; _builder_version=&#8221;4.23.1&#8243; hover_enabled=&#8221;0&#8243; global_colors_info=&#8221;{}&#8221; button_text_size__hover_enabled=&#8221;off&#8221; button_one_text_size__hover_enabled=&#8221;off&#8221; button_two_text_size__hover_enabled=&#8221;off&#8221; button_text_color__hover_enabled=&#8221;off&#8221; button_one_text_color__hover_enabled=&#8221;off&#8221; button_two_text_color__hover_enabled=&#8221;off&#8221; button_border_width__hover_enabled=&#8221;off&#8221; button_one_border_width__hover_enabled=&#8221;off&#8221; button_two_border_width__hover_enabled=&#8221;off&#8221; button_border_color__hover_enabled=&#8221;off&#8221; button_one_border_color__hover_enabled=&#8221;off&#8221; button_two_border_color__hover_enabled=&#8221;off&#8221; button_border_radius__hover_enabled=&#8221;off&#8221; button_one_border_radius__hover_enabled=&#8221;off&#8221; button_two_border_radius__hover_enabled=&#8221;off&#8221; button_letter_spacing__hover_enabled=&#8221;off&#8221; button_one_letter_spacing__hover_enabled=&#8221;off&#8221; button_two_letter_spacing__hover_enabled=&#8221;off&#8221; button_bg_color__hover_enabled=&#8221;off&#8221; button_one_bg_color__hover_enabled=&#8221;off&#8221; button_two_bg_color__hover_enabled=&#8221;off&#8221; sticky_enabled=&#8221;0&#8243;][\/et_pb_contact_field][et_pb_contact_field field_id=&#8221;Message&#8221; field_title=&#8221;Message&#8221; field_type=&#8221;text&#8221; fullwidth_field=&#8221;on&#8221; _builder_version=&#8221;4.16&#8243; global_colors_info=&#8221;{}&#8221; button_text_size__hover_enabled=&#8221;off&#8221; button_one_text_size__hover_enabled=&#8221;off&#8221; button_two_text_size__hover_enabled=&#8221;off&#8221; button_text_color__hover_enabled=&#8221;off&#8221; button_one_text_color__hover_enabled=&#8221;off&#8221; button_two_text_color__hover_enabled=&#8221;off&#8221; button_border_width__hover_enabled=&#8221;off&#8221; button_one_border_width__hover_enabled=&#8221;off&#8221; button_two_border_width__hover_enabled=&#8221;off&#8221; button_border_color__hover_enabled=&#8221;off&#8221; button_one_border_color__hover_enabled=&#8221;off&#8221; button_two_border_color__hover_enabled=&#8221;off&#8221; button_border_radius__hover_enabled=&#8221;off&#8221; button_one_border_radius__hover_enabled=&#8221;off&#8221; button_two_border_radius__hover_enabled=&#8221;off&#8221; button_letter_spacing__hover_enabled=&#8221;off&#8221; button_one_letter_spacing__hover_enabled=&#8221;off&#8221; button_two_letter_spacing__hover_enabled=&#8221;off&#8221; button_bg_color__hover_enabled=&#8221;off&#8221; button_one_bg_color__hover_enabled=&#8221;off&#8221; button_two_bg_color__hover_enabled=&#8221;off&#8221;][\/et_pb_contact_field][\/et_pb_contact_form][et_pb_code _builder_version=&#8221;4.19.5&#8243; _module_preset=&#8221;default&#8221; min_height=&#8221;1000px&#8221; height=&#8221;1000px&#8221; custom_margin=&#8221;61px|||||&#8221; global_colors_info=&#8221;{}&#8221;]<iframe loading=\"lazy\" style=\"border: 0;\" tabindex=\"0\" src=\"https:\/\/www.google.com\/maps\/embed?pb=!1m18!1m12!1m3!1d37785.8914327414!2d18.802960060151804!3d53.70724847777428!2m3!1f0!2f0!3f0!3m2!1i1024!2i768!4f13.1!3m3!1m2!1s0x4702b8cd69007efd%3A0xbab5f58f331b3afb!2sAlicja!5e0!3m2!1spl!2spl!4v1639496819528!5m2!1spl!2spl\" width=\"100%\" height=\"250\" frameborder=\"0\" allowfullscreen=\"allowfullscreen\" aria-hidden=\"false\"><\/iframe>[\/et_pb_code][\/et_pb_column][\/et_pb_row][\/et_pb_section]<\/p>\n","protected":false},"excerpt":{"rendered":"<p>Contacttel. (58)-535-15-96tel.\u00a0(52)-332-75-75biuro@garazyki.pl &#8212;&#8212;&#8212;&#8212;&#8212;&#8212;&#8212;&#8212;&#8212;&#8212;&#8212;&#8212;&#8211; Do you require a measurement? Call us: tel.607-651-887\u00a0 PN-PT (7:00 am &#8211; 3:00 pm) &#8212;&#8212;&#8212;&#8212;&#8212;&#8212;&#8212;&#8212;&#8212;&#8212;&#8212;&#8212;&#8211; Office Pieni\u0105\u017ckowo 4b83-135 Ma\u0142a Karczma Opening hours Monday &#8211; Thursday 7:00 a.m. &#8211; 3:15 p.m.Friday 7:00 a.m. &#8211; 2:00 p.m. DELIVERIES AND COLLECTIONS UNTIL 13:30 &#8212;&#8212;&#8212;&#8212;&#8212;&#8212;&#8212;&#8212;&#8212;&#8212;&#8212;&#8212;&#8211; Sales points: Pomeranian voivodship:ERAPOLul.Hutnicza 4A81-061 Gdyniatel.(58)-783-35-48 &nbsp; Production facilityis located in [&hellip;]<\/p>\n","protected":false},"author":1,"featured_media":0,"parent":0,"menu_order":0,"comment_status":"closed","ping_status":"closed","template":"","meta":{"_et_pb_use_builder":"on","_et_pb_old_content":"","_et_gb_content_width":""},"yoast_head":"<!-- This site is optimized with the Yoast SEO plugin v21.6 - https:\/\/yoast.com\/wordpress\/plugins\/seo\/ -->\n<title>Contact - Producent kontener\u00f3w biurowych, wiat \u015bmietnikowych, hal i gara\u017cy blaszanych<\/title>\n<meta name=\"robots\" content=\"noindex, follow, max-snippet:-1, max-image-preview:large, max-video-preview:-1\" \/>\n<meta property=\"og:locale\" content=\"en_US\" \/>\n<meta property=\"og:type\" content=\"article\" \/>\n<meta property=\"og:title\" content=\"Contact - Producent kontener\u00f3w biurowych, wiat \u015bmietnikowych, hal i gara\u017cy blaszanych\" \/>\n<meta property=\"og:description\" content=\"Contacttel. (58)-535-15-96tel.\u00a0(52)-332-75-75biuro@garazyki.pl -------------------------------------- Do you require a measurement? Call us: tel.607-651-887\u00a0 PN-PT (7:00 am - 3:00 pm) -------------------------------------- Office Pieni\u0105\u017ckowo 4b83-135 Ma\u0142a Karczma Opening hours Monday - Thursday 7:00 a.m. - 3:15 p.m.Friday 7:00 a.m. - 2:00 p.m. DELIVERIES AND COLLECTIONS UNTIL 13:30 -------------------------------------- Sales points: Pomeranian voivodship:ERAPOLul.Hutnicza 4A81-061 Gdyniatel.(58)-783-35-48 &nbsp; Production facilityis located in [&hellip;]\" \/>\n<meta property=\"og:url\" content=\"https:\/\/kopia.garazyki.pl\/en\/contact\/\" \/>\n<meta property=\"og:site_name\" content=\"Producent kontener\u00f3w biurowych, wiat \u015bmietnikowych, hal i gara\u017cy blaszanych\" \/>\n<meta property=\"article:publisher\" content=\"https:\/\/www.facebook.com\/garazyki\" \/>\n<meta property=\"article:modified_time\" content=\"2023-12-08T23:54:26+00:00\" \/>\n<meta name=\"twitter:card\" content=\"summary_large_image\" \/>\n<meta name=\"twitter:label1\" content=\"Est. reading time\" \/>\n\t<meta name=\"twitter:data1\" content=\"6 minutes\" \/>\n<script type=\"application\/ld+json\" class=\"yoast-schema-graph\">{\"@context\":\"https:\/\/schema.org\",\"@graph\":[{\"@type\":\"WebPage\",\"@id\":\"https:\/\/kopia.garazyki.pl\/en\/contact\/\",\"url\":\"https:\/\/kopia.garazyki.pl\/en\/contact\/\",\"name\":\"Contact - Producent kontener\u00f3w biurowych, wiat \u015bmietnikowych, hal i gara\u017cy blaszanych\",\"isPartOf\":{\"@id\":\"https:\/\/kopia.garazyki.pl\/#website\"},\"datePublished\":\"2022-03-01T18:09:15+00:00\",\"dateModified\":\"2023-12-08T23:54:26+00:00\",\"breadcrumb\":{\"@id\":\"https:\/\/kopia.garazyki.pl\/en\/contact\/#breadcrumb\"},\"inLanguage\":\"en-US\",\"potentialAction\":[{\"@type\":\"ReadAction\",\"target\":[\"https:\/\/kopia.garazyki.pl\/en\/contact\/\"]}]},{\"@type\":\"BreadcrumbList\",\"@id\":\"https:\/\/kopia.garazyki.pl\/en\/contact\/#breadcrumb\",\"itemListElement\":[{\"@type\":\"ListItem\",\"position\":1,\"name\":\"Strona g\u0142\u00f3wna\",\"item\":\"https:\/\/kopia.garazyki.pl\/en\/\"},{\"@type\":\"ListItem\",\"position\":2,\"name\":\"Contact\"}]},{\"@type\":\"WebSite\",\"@id\":\"https:\/\/kopia.garazyki.pl\/#website\",\"url\":\"https:\/\/kopia.garazyki.pl\/\",\"name\":\"Producent kontener\u00f3w biurowych, wiat \u015bmietnikowych, hal i gara\u017cy blaszanych\",\"description\":\"Kontenery biurowe, wiaty \u015bmietnikowe, hale, gara\u017ce blaszane od producenta.\",\"publisher\":{\"@id\":\"https:\/\/kopia.garazyki.pl\/#organization\"},\"potentialAction\":[{\"@type\":\"SearchAction\",\"target\":{\"@type\":\"EntryPoint\",\"urlTemplate\":\"https:\/\/kopia.garazyki.pl\/?s={search_term_string}\"},\"query-input\":\"required name=search_term_string\"}],\"inLanguage\":\"en-US\"},{\"@type\":\"Organization\",\"@id\":\"https:\/\/kopia.garazyki.pl\/#organization\",\"name\":\"Garazyki.pl Producent gara\u017cy i kontener\u00f3w biurowych i wiat\",\"url\":\"https:\/\/kopia.garazyki.pl\/\",\"logo\":{\"@type\":\"ImageObject\",\"inLanguage\":\"en-US\",\"@id\":\"https:\/\/kopia.garazyki.pl\/#\/schema\/logo\/image\/\",\"url\":\"http:\/\/kopia.garazyki.pl\/wp-content\/uploads\/2022\/02\/logo_garazyki_pl.png\",\"contentUrl\":\"http:\/\/kopia.garazyki.pl\/wp-content\/uploads\/2022\/02\/logo_garazyki_pl.png\",\"width\":120,\"height\":64,\"caption\":\"Garazyki.pl Producent gara\u017cy i kontener\u00f3w biurowych i wiat\"},\"image\":{\"@id\":\"https:\/\/kopia.garazyki.pl\/#\/schema\/logo\/image\/\"},\"sameAs\":[\"https:\/\/www.facebook.com\/garazyki\",\"https:\/\/www.instagram.com\/garazyki.pl\/\",\"https:\/\/www.linkedin.com\/company\/alicja-garazyki\/\"]}]}<\/script>\n<!-- \/ Yoast SEO plugin. -->","yoast_head_json":{"title":"Contact - Producent kontener\u00f3w biurowych, wiat \u015bmietnikowych, hal i gara\u017cy blaszanych","robots":{"index":"noindex","follow":"follow","max-snippet":"max-snippet:-1","max-image-preview":"max-image-preview:large","max-video-preview":"max-video-preview:-1"},"og_locale":"en_US","og_type":"article","og_title":"Contact - Producent kontener\u00f3w biurowych, wiat \u015bmietnikowych, hal i gara\u017cy blaszanych","og_description":"Contacttel. (58)-535-15-96tel.\u00a0(52)-332-75-75biuro@garazyki.pl -------------------------------------- Do you require a measurement? Call us: tel.607-651-887\u00a0 PN-PT (7:00 am - 3:00 pm) -------------------------------------- Office Pieni\u0105\u017ckowo 4b83-135 Ma\u0142a Karczma Opening hours Monday - Thursday 7:00 a.m. - 3:15 p.m.Friday 7:00 a.m. - 2:00 p.m. DELIVERIES AND COLLECTIONS UNTIL 13:30 -------------------------------------- Sales points: Pomeranian voivodship:ERAPOLul.Hutnicza 4A81-061 Gdyniatel.(58)-783-35-48 &nbsp; Production facilityis located in [&hellip;]","og_url":"https:\/\/kopia.garazyki.pl\/en\/contact\/","og_site_name":"Producent kontener\u00f3w biurowych, wiat \u015bmietnikowych, hal i gara\u017cy blaszanych","article_publisher":"https:\/\/www.facebook.com\/garazyki","article_modified_time":"2023-12-08T23:54:26+00:00","twitter_card":"summary_large_image","twitter_misc":{"Est. reading time":"6 minutes"},"schema":{"@context":"https:\/\/schema.org","@graph":[{"@type":"WebPage","@id":"https:\/\/kopia.garazyki.pl\/en\/contact\/","url":"https:\/\/kopia.garazyki.pl\/en\/contact\/","name":"Contact - Producent kontener\u00f3w biurowych, wiat \u015bmietnikowych, hal i gara\u017cy blaszanych","isPartOf":{"@id":"https:\/\/kopia.garazyki.pl\/#website"},"datePublished":"2022-03-01T18:09:15+00:00","dateModified":"2023-12-08T23:54:26+00:00","breadcrumb":{"@id":"https:\/\/kopia.garazyki.pl\/en\/contact\/#breadcrumb"},"inLanguage":"en-US","potentialAction":[{"@type":"ReadAction","target":["https:\/\/kopia.garazyki.pl\/en\/contact\/"]}]},{"@type":"BreadcrumbList","@id":"https:\/\/kopia.garazyki.pl\/en\/contact\/#breadcrumb","itemListElement":[{"@type":"ListItem","position":1,"name":"Strona g\u0142\u00f3wna","item":"https:\/\/kopia.garazyki.pl\/en\/"},{"@type":"ListItem","position":2,"name":"Contact"}]},{"@type":"WebSite","@id":"https:\/\/kopia.garazyki.pl\/#website","url":"https:\/\/kopia.garazyki.pl\/","name":"Producent kontener\u00f3w biurowych, wiat \u015bmietnikowych, hal i gara\u017cy blaszanych","description":"Kontenery biurowe, wiaty \u015bmietnikowe, hale, gara\u017ce blaszane od producenta.","publisher":{"@id":"https:\/\/kopia.garazyki.pl\/#organization"},"potentialAction":[{"@type":"SearchAction","target":{"@type":"EntryPoint","urlTemplate":"https:\/\/kopia.garazyki.pl\/?s={search_term_string}"},"query-input":"required name=search_term_string"}],"inLanguage":"en-US"},{"@type":"Organization","@id":"https:\/\/kopia.garazyki.pl\/#organization","name":"Garazyki.pl Producent gara\u017cy i kontener\u00f3w biurowych i wiat","url":"https:\/\/kopia.garazyki.pl\/","logo":{"@type":"ImageObject","inLanguage":"en-US","@id":"https:\/\/kopia.garazyki.pl\/#\/schema\/logo\/image\/","url":"http:\/\/kopia.garazyki.pl\/wp-content\/uploads\/2022\/02\/logo_garazyki_pl.png","contentUrl":"http:\/\/kopia.garazyki.pl\/wp-content\/uploads\/2022\/02\/logo_garazyki_pl.png","width":120,"height":64,"caption":"Garazyki.pl Producent gara\u017cy i kontener\u00f3w biurowych i wiat"},"image":{"@id":"https:\/\/kopia.garazyki.pl\/#\/schema\/logo\/image\/"},"sameAs":["https:\/\/www.facebook.com\/garazyki","https:\/\/www.instagram.com\/garazyki.pl\/","https:\/\/www.linkedin.com\/company\/alicja-garazyki\/"]}]}},"_links":{"self":[{"href":"https:\/\/kopia.garazyki.pl\/en\/wp-json\/wp\/v2\/pages\/111204"}],"collection":[{"href":"https:\/\/kopia.garazyki.pl\/en\/wp-json\/wp\/v2\/pages"}],"about":[{"href":"https:\/\/kopia.garazyki.pl\/en\/wp-json\/wp\/v2\/types\/page"}],"author":[{"embeddable":true,"href":"https:\/\/kopia.garazyki.pl\/en\/wp-json\/wp\/v2\/users\/1"}],"replies":[{"embeddable":true,"href":"https:\/\/kopia.garazyki.pl\/en\/wp-json\/wp\/v2\/comments?post=111204"}],"version-history":[{"count":9,"href":"https:\/\/kopia.garazyki.pl\/en\/wp-json\/wp\/v2\/pages\/111204\/revisions"}],"predecessor-version":[{"id":111318,"href":"https:\/\/kopia.garazyki.pl\/en\/wp-json\/wp\/v2\/pages\/111204\/revisions\/111318"}],"wp:attachment":[{"href":"https:\/\/kopia.garazyki.pl\/en\/wp-json\/wp\/v2\/media?parent=111204"}],"curies":[{"name":"wp","href":"https:\/\/api.w.org\/{rel}","templated":true}]}}