{"id":105143,"date":"2022-03-01T19:09:15","date_gmt":"2022-03-01T18:09:15","guid":{"rendered":"http:\/\/kopia.garazyki.pl\/kontakt\/"},"modified":"2022-03-15T21:19:40","modified_gmt":"2022-03-15T20:19:40","slug":"kontakt","status":"publish","type":"page","link":"https:\/\/kopia.garazyki.pl\/de\/kontakt\/","title":{"rendered":"Kontakt"},"content":{"rendered":"<p>[et_pb_section fb_built=&#8221;1&#8243; _builder_version=&#8221;4.14.8&#8243; _module_preset=&#8221;default&#8221; custom_padding=&#8221;2px|||||&#8221; global_colors_info=&#8221;{}&#8221;][et_pb_row _builder_version=&#8221;4.14.8&#8243; _module_preset=&#8221;default&#8221; custom_padding=&#8221;||2px|||&#8221; global_colors_info=&#8221;{}&#8221;][et_pb_column type=&#8221;4_4&#8243; _builder_version=&#8221;4.14.8&#8243; _module_preset=&#8221;default&#8221; global_colors_info=&#8221;{}&#8221;][et_pb_text _builder_version=&#8221;4.14.8&#8243; _module_preset=&#8221;default&#8221; global_colors_info=&#8221;{}&#8221;]<\/p>\n<h2>Kontakt<\/h2>\n<p>[\/et_pb_text][\/et_pb_column][\/et_pb_row][et_pb_row column_structure=&#8221;1_2,1_2&#8243; _builder_version=&#8221;4.14.8&#8243; _module_preset=&#8221;default&#8221; global_colors_info=&#8221;{}&#8221;][et_pb_column type=&#8221;1_2&#8243; _builder_version=&#8221;4.14.8&#8243; _module_preset=&#8221;default&#8221; global_colors_info=&#8221;{}&#8221;][et_pb_text _builder_version=&#8221;4.14.8&#8243; _module_preset=&#8221;default&#8221; hover_enabled=&#8221;0&#8243; global_colors_info=&#8221;{}&#8221; sticky_enabled=&#8221;0&#8243;]<\/p>\n<p>tel. <a href=\"585351596\">(58)-535-15-96<\/a><br \/>tel.\u00a0<a href=\"523327575\">(52)-332-75-75<\/a><br \/><a href=\"mailto:biuro@garazyki.pl\">biuro@garazyki.pl<\/a><\/p>\n<p>&#8212;&#8212;&#8212;&#8212;&#8212;&#8212;&#8212;&#8212;&#8212;&#8212;&#8212;&#8212;&#8211;<\/p>\n<p>Rufen Sie an<\/p>\n<p>tel.<a href=\"607651887\">607-651-887<\/a>\u00a0 <\/p>\n<p>&#8212;&#8212;&#8212;&#8212;&#8212;&#8212;&#8212;&#8212;&#8212;&#8212;&#8212;&#8212;&#8211;<\/p>\n<h3>B\u00fcro<\/h3>\n<p>Pieni\u0105\u017ckowo 4b<br \/>83-135 Ma\u0142a Karczma<\/p>\n<h3>\u00d6ffnungszeiten<\/h3>\n<p>Montag-Donnerstag 7:00 &#8211; 15:15<br \/>Freitag 7:00 &#8211; 14:00<\/p>\n<h3>Lieferungen und Abholungen bis 13:30<\/h3>\n<p>&#8212;&#8212;&#8212;&#8212;&#8212;&#8212;&#8212;&#8212;&#8212;&#8212;&#8212;&#8212;&#8211;<\/p>\n<h3>Verkaufsstellen:<\/h3>\n<p><strong>wojew\u00f3dztwo pomorskie:<\/strong><br \/>ERAPOL<br \/>ul.Hutnicza 4A<br \/>81-061 Gdynia<br \/>tel.<a href=\"587833548\">(58)-783-35-48<\/a><\/p>\n<p><strong>wojew\u00f3dztwo mazowieckie:<\/strong><br \/>MERITUM<br \/>Janki ul.Leszczynowa 11<br \/>05-090 Raszyn<br \/>tel.<a href=\"512042730\">512-042-730<\/a><br \/>(Ausstelung im Verkauspunkt)<\/p>\n<p>&nbsp;<\/p>\n<p>Produktionsbetrieb<br \/>befindet sich in Ortschaft Pieni\u0105\u017ckowo (woj.pomorskie)<br \/>(7 km in Richtung Norden mit der Landes Stra\u00dfe  91 ab Nowe)<br \/>Wir laden Sie ein, sich an das Werk Alicja zu wenden. Wir produzieren und verkaufen neue Garagen verschiedener Art, M\u00fcllschuppen und Stahltorh\u00e4user auf Bestellung. Unsere Produktionsst\u00e4tte befindet sich in Pieni\u0105\u017ckowo in der Woiwodschaft Pommern. Unsere Produkte k\u00f6nnen jedoch auch in autorisierten Verkaufsstellen in Gdynia und Raszyn besichtigt und gekauft werden. Wenn Sie an unserem Angebot interessiert sind, sich unser Partnergesch\u00e4ft jedoch nicht in Ihrer N\u00e4he befindet, wenden Sie sich an die Vertriebsmitarbeiter unseres Unternehmens, die in den meisten Provinzen t\u00e4tig sind.<\/p>\n<p>&#8212;&#8212;&#8212;&#8212;&#8212;&#8212;&#8212;&#8212;&#8212;&#8212;&#8212;&#8212;&#8212;&#8212;&#8212;&#8212;&#8212;&#8212;&#8212;&#8212;&#8212;&#8212;&#8212;&#8212;&#8212;&#8212;&#8211;<\/p>\n<p>Die von Ihnen bereitgestellten Daten werden nur zum Zweck des Versands einer E-Mail von Alicja verarbeitet, die Kenntnisse \u00fcber unsere Produkte und unser Unternehmen sowie g\u00fcnstige, personalisierte Angebote und Vorschl\u00e4ge enth\u00e4lt. Wir arbeiten auf der Grundlage Ihrer Zustimmung. Wir verkaufen Ihre Daten nirgendwo und stellen sie auch nicht unbefugten Personen zur Verf\u00fcgung. Wir speichern Ihre Daten in einer Datenbank. Wir werden Ihre Daten speichern, bis Ihre Einwilligung widerrufen wird. Sie haben immer das Recht, auf Ihre Daten zuzugreifen. M\u00f6glicherweise m\u00f6chten Sie diese korrigieren. Sie k\u00f6nnen unserer Verarbeitung Ihrer Daten auch jederzeit widersprechen. Sie k\u00f6nnen Ihre Einwilligung jederzeit widerrufen. Die Angabe Ihrer Daten ergibt sich nicht aus einer gesetzlichen Verpflichtung, sondern ist freiwillig. Auf diese Weise k\u00f6nnen wir Ihnen sp\u00e4ter Informationen senden, die f\u00fcr Sie am n\u00fctzlichsten und interessantesten sind.<\/p>\n<p>[\/et_pb_text][\/et_pb_column][et_pb_column type=&#8221;1_2&#8243; _builder_version=&#8221;4.14.8&#8243; _module_preset=&#8221;default&#8221; global_colors_info=&#8221;{}&#8221;][et_pb_text _builder_version=&#8221;4.14.8&#8243; _module_preset=&#8221;default&#8221; hover_enabled=&#8221;0&#8243; sticky_enabled=&#8221;0&#8243;]<\/p>\n<h3>Kontaktformular<\/h3>\n<p><span>Wenn Sie Fragen haben, nutzen Sie bitte das Kontaktformular.<\/span><\/p>\n<p>[\/et_pb_text][et_pb_contact_form _builder_version=&#8221;4.14.8&#8243; _module_preset=&#8221;default&#8221; _unique_id=&#8221;69952162-5759-44c6-91ae-2c75b847e94d&#8221; hover_enabled=&#8221;0&#8243; sticky_enabled=&#8221;0&#8243; custom_margin=&#8221;||75px|||&#8221;][et_pb_contact_field field_id=&#8221;Name&#8221; field_title=&#8221;Name&#8221; _builder_version=&#8221;4.14.8&#8243; hover_enabled=&#8221;0&#8243; global_colors_info=&#8221;{}&#8221; button_text_size__hover_enabled=&#8221;off&#8221; button_one_text_size__hover_enabled=&#8221;off&#8221; button_two_text_size__hover_enabled=&#8221;off&#8221; button_text_color__hover_enabled=&#8221;off&#8221; button_one_text_color__hover_enabled=&#8221;off&#8221; button_two_text_color__hover_enabled=&#8221;off&#8221; button_border_width__hover_enabled=&#8221;off&#8221; button_one_border_width__hover_enabled=&#8221;off&#8221; button_two_border_width__hover_enabled=&#8221;off&#8221; button_border_color__hover_enabled=&#8221;off&#8221; button_one_border_color__hover_enabled=&#8221;off&#8221; button_two_border_color__hover_enabled=&#8221;off&#8221; button_border_radius__hover_enabled=&#8221;off&#8221; button_one_border_radius__hover_enabled=&#8221;off&#8221; button_two_border_radius__hover_enabled=&#8221;off&#8221; button_letter_spacing__hover_enabled=&#8221;off&#8221; button_one_letter_spacing__hover_enabled=&#8221;off&#8221; button_two_letter_spacing__hover_enabled=&#8221;off&#8221; button_bg_color__hover_enabled=&#8221;off&#8221; button_one_bg_color__hover_enabled=&#8221;off&#8221; button_two_bg_color__hover_enabled=&#8221;off&#8221; sticky_enabled=&#8221;0&#8243;][\/et_pb_contact_field][et_pb_contact_field field_id=&#8221;Nazwisko&#8221; field_title=&#8221;Nachname&#8221; _builder_version=&#8221;4.14.8&#8243; hover_enabled=&#8221;0&#8243; global_colors_info=&#8221;{}&#8221; button_text_size__hover_enabled=&#8221;off&#8221; button_one_text_size__hover_enabled=&#8221;off&#8221; button_two_text_size__hover_enabled=&#8221;off&#8221; button_text_color__hover_enabled=&#8221;off&#8221; button_one_text_color__hover_enabled=&#8221;off&#8221; button_two_text_color__hover_enabled=&#8221;off&#8221; button_border_width__hover_enabled=&#8221;off&#8221; button_one_border_width__hover_enabled=&#8221;off&#8221; button_two_border_width__hover_enabled=&#8221;off&#8221; button_border_color__hover_enabled=&#8221;off&#8221; button_one_border_color__hover_enabled=&#8221;off&#8221; button_two_border_color__hover_enabled=&#8221;off&#8221; button_border_radius__hover_enabled=&#8221;off&#8221; button_one_border_radius__hover_enabled=&#8221;off&#8221; button_two_border_radius__hover_enabled=&#8221;off&#8221; button_letter_spacing__hover_enabled=&#8221;off&#8221; button_one_letter_spacing__hover_enabled=&#8221;off&#8221; button_two_letter_spacing__hover_enabled=&#8221;off&#8221; button_bg_color__hover_enabled=&#8221;off&#8221; button_one_bg_color__hover_enabled=&#8221;off&#8221; button_two_bg_color__hover_enabled=&#8221;off&#8221; sticky_enabled=&#8221;0&#8243;][\/et_pb_contact_field][et_pb_contact_field _builder_version=&#8221;4.14.8&#8243; _module_preset=&#8221;default&#8221; field_title=&#8221;Telefon&#8221; field_id=&#8221;telefon&#8221; hover_enabled=&#8221;0&#8243; sticky_enabled=&#8221;0&#8243;][\/et_pb_contact_field][et_pb_contact_field field_id=&#8221;Email&#8221; field_title=&#8221;Email&#8221; field_type=&#8221;email&#8221; _builder_version=&#8221;3.16&#8243; global_colors_info=&#8221;{}&#8221; button_text_size__hover_enabled=&#8221;off&#8221; button_one_text_size__hover_enabled=&#8221;off&#8221; button_two_text_size__hover_enabled=&#8221;off&#8221; button_text_color__hover_enabled=&#8221;off&#8221; button_one_text_color__hover_enabled=&#8221;off&#8221; button_two_text_color__hover_enabled=&#8221;off&#8221; button_border_width__hover_enabled=&#8221;off&#8221; button_one_border_width__hover_enabled=&#8221;off&#8221; button_two_border_width__hover_enabled=&#8221;off&#8221; button_border_color__hover_enabled=&#8221;off&#8221; button_one_border_color__hover_enabled=&#8221;off&#8221; button_two_border_color__hover_enabled=&#8221;off&#8221; button_border_radius__hover_enabled=&#8221;off&#8221; button_one_border_radius__hover_enabled=&#8221;off&#8221; button_two_border_radius__hover_enabled=&#8221;off&#8221; button_letter_spacing__hover_enabled=&#8221;off&#8221; button_one_letter_spacing__hover_enabled=&#8221;off&#8221; button_two_letter_spacing__hover_enabled=&#8221;off&#8221; button_bg_color__hover_enabled=&#8221;off&#8221; button_one_bg_color__hover_enabled=&#8221;off&#8221; button_two_bg_color__hover_enabled=&#8221;off&#8221;][\/et_pb_contact_field][et_pb_contact_field field_id=&#8221;Message&#8221; field_title=&#8221;Nachricht&#8221; field_type=&#8221;text&#8221; fullwidth_field=&#8221;on&#8221; _builder_version=&#8221;3.16&#8243; global_colors_info=&#8221;{}&#8221; button_text_size__hover_enabled=&#8221;off&#8221; button_one_text_size__hover_enabled=&#8221;off&#8221; button_two_text_size__hover_enabled=&#8221;off&#8221; button_text_color__hover_enabled=&#8221;off&#8221; button_one_text_color__hover_enabled=&#8221;off&#8221; button_two_text_color__hover_enabled=&#8221;off&#8221; button_border_width__hover_enabled=&#8221;off&#8221; button_one_border_width__hover_enabled=&#8221;off&#8221; button_two_border_width__hover_enabled=&#8221;off&#8221; button_border_color__hover_enabled=&#8221;off&#8221; button_one_border_color__hover_enabled=&#8221;off&#8221; button_two_border_color__hover_enabled=&#8221;off&#8221; button_border_radius__hover_enabled=&#8221;off&#8221; button_one_border_radius__hover_enabled=&#8221;off&#8221; button_two_border_radius__hover_enabled=&#8221;off&#8221; button_letter_spacing__hover_enabled=&#8221;off&#8221; button_one_letter_spacing__hover_enabled=&#8221;off&#8221; button_two_letter_spacing__hover_enabled=&#8221;off&#8221; button_bg_color__hover_enabled=&#8221;off&#8221; button_one_bg_color__hover_enabled=&#8221;off&#8221; button_two_bg_color__hover_enabled=&#8221;off&#8221;][\/et_pb_contact_field][\/et_pb_contact_form][et_pb_code _builder_version=&#8221;4.14.8&#8243; _module_preset=&#8221;default&#8221; hover_enabled=&#8221;0&#8243; sticky_enabled=&#8221;0&#8243; custom_margin=&#8221;61px|||||&#8221;]<iframe loading=\"lazy\" src=\"https:\/\/www.google.com\/maps\/embed?pb=!1m18!1m12!1m3!1d37785.8914327414!2d18.802960060151804!3d53.70724847777428!2m3!1f0!2f0!3f0!3m2!1i1024!2i768!4f13.1!3m3!1m2!1s0x4702b8cd69007efd%3A0xbab5f58f331b3afb!2sAlicja!5e0!3m2!1spl!2spl!4v1639496819528!5m2!1spl!2spl\" width=\"100%\" height=\"550\" frameborder=\"0\" style=\"border: 0;\" allowfullscreen=\"\" aria-hidden=\"false\" tabindex=\"0\"><\/iframe>[\/et_pb_code][\/et_pb_column][\/et_pb_row][\/et_pb_section]<\/p>\n","protected":false},"excerpt":{"rendered":"<p>Kontakttel. (58)-535-15-96tel.\u00a0(52)-332-75-75biuro@garazyki.pl &#8212;&#8212;&#8212;&#8212;&#8212;&#8212;&#8212;&#8212;&#8212;&#8212;&#8212;&#8212;&#8211; Rufen Sie an tel.607-651-887\u00a0 &#8212;&#8212;&#8212;&#8212;&#8212;&#8212;&#8212;&#8212;&#8212;&#8212;&#8212;&#8212;&#8211; B\u00fcro Pieni\u0105\u017ckowo 4b83-135 Ma\u0142a Karczma \u00d6ffnungszeiten Montag-Donnerstag 7:00 &#8211; 15:15Freitag 7:00 &#8211; 14:00 Lieferungen und Abholungen bis 13:30 &#8212;&#8212;&#8212;&#8212;&#8212;&#8212;&#8212;&#8212;&#8212;&#8212;&#8212;&#8212;&#8211; Verkaufsstellen: wojew\u00f3dztwo pomorskie:ERAPOLul.Hutnicza 4A81-061 Gdyniatel.(58)-783-35-48 wojew\u00f3dztwo mazowieckie:MERITUMJanki ul.Leszczynowa 1105-090 Raszyntel.512-042-730(Ausstelung im Verkauspunkt) &nbsp; Produktionsbetriebbefindet sich in Ortschaft Pieni\u0105\u017ckowo (woj.pomorskie)(7 km in Richtung Norden mit der Landes Stra\u00dfe 91 [&hellip;]<\/p>\n","protected":false},"author":1,"featured_media":0,"parent":0,"menu_order":0,"comment_status":"closed","ping_status":"closed","template":"","meta":{"_et_pb_use_builder":"on","_et_pb_old_content":"","_et_gb_content_width":""},"yoast_head":"<!-- This site is optimized with the Yoast SEO plugin v21.6 - https:\/\/yoast.com\/wordpress\/plugins\/seo\/ -->\n<title>Kontakt - Producent kontener\u00f3w biurowych, wiat \u015bmietnikowych, hal i gara\u017cy blaszanych<\/title>\n<meta name=\"robots\" content=\"noindex, follow, max-snippet:-1, max-image-preview:large, max-video-preview:-1\" \/>\n<meta property=\"og:locale\" content=\"de_DE\" \/>\n<meta property=\"og:type\" content=\"article\" \/>\n<meta property=\"og:title\" content=\"Kontakt - Producent kontener\u00f3w biurowych, wiat \u015bmietnikowych, hal i gara\u017cy blaszanych\" \/>\n<meta property=\"og:description\" content=\"Kontakttel. (58)-535-15-96tel.\u00a0(52)-332-75-75biuro@garazyki.pl -------------------------------------- Rufen Sie an tel.607-651-887\u00a0 -------------------------------------- B\u00fcro Pieni\u0105\u017ckowo 4b83-135 Ma\u0142a Karczma \u00d6ffnungszeiten Montag-Donnerstag 7:00 - 15:15Freitag 7:00 - 14:00 Lieferungen und Abholungen bis 13:30 -------------------------------------- Verkaufsstellen: wojew\u00f3dztwo pomorskie:ERAPOLul.Hutnicza 4A81-061 Gdyniatel.(58)-783-35-48 wojew\u00f3dztwo mazowieckie:MERITUMJanki ul.Leszczynowa 1105-090 Raszyntel.512-042-730(Ausstelung im Verkauspunkt) &nbsp; Produktionsbetriebbefindet sich in Ortschaft Pieni\u0105\u017ckowo (woj.pomorskie)(7 km in Richtung Norden mit der Landes Stra\u00dfe 91 [&hellip;]\" \/>\n<meta property=\"og:url\" content=\"https:\/\/kopia.garazyki.pl\/de\/kontakt\/\" \/>\n<meta property=\"og:site_name\" content=\"Producent kontener\u00f3w biurowych, wiat \u015bmietnikowych, hal i gara\u017cy blaszanych\" \/>\n<meta property=\"article:publisher\" content=\"https:\/\/www.facebook.com\/garazyki\" \/>\n<meta property=\"article:modified_time\" content=\"2022-03-15T20:19:40+00:00\" \/>\n<meta name=\"twitter:card\" content=\"summary_large_image\" \/>\n<meta name=\"twitter:label1\" content=\"Gesch\u00e4tzte Lesezeit\" \/>\n\t<meta name=\"twitter:data1\" content=\"6 Minuten\" \/>\n<script type=\"application\/ld+json\" class=\"yoast-schema-graph\">{\"@context\":\"https:\/\/schema.org\",\"@graph\":[{\"@type\":\"WebPage\",\"@id\":\"https:\/\/kopia.garazyki.pl\/de\/kontakt\/\",\"url\":\"https:\/\/kopia.garazyki.pl\/de\/kontakt\/\",\"name\":\"Kontakt - Producent kontener\u00f3w biurowych, wiat \u015bmietnikowych, hal i gara\u017cy blaszanych\",\"isPartOf\":{\"@id\":\"https:\/\/kopia.garazyki.pl\/#website\"},\"datePublished\":\"2022-03-01T18:09:15+00:00\",\"dateModified\":\"2022-03-15T20:19:40+00:00\",\"breadcrumb\":{\"@id\":\"https:\/\/kopia.garazyki.pl\/de\/kontakt\/#breadcrumb\"},\"inLanguage\":\"de-DE\",\"potentialAction\":[{\"@type\":\"ReadAction\",\"target\":[\"https:\/\/kopia.garazyki.pl\/de\/kontakt\/\"]}]},{\"@type\":\"BreadcrumbList\",\"@id\":\"https:\/\/kopia.garazyki.pl\/de\/kontakt\/#breadcrumb\",\"itemListElement\":[{\"@type\":\"ListItem\",\"position\":1,\"name\":\"Strona g\u0142\u00f3wna\",\"item\":\"https:\/\/kopia.garazyki.pl\/de\/\"},{\"@type\":\"ListItem\",\"position\":2,\"name\":\"Kontakt\"}]},{\"@type\":\"WebSite\",\"@id\":\"https:\/\/kopia.garazyki.pl\/#website\",\"url\":\"https:\/\/kopia.garazyki.pl\/\",\"name\":\"Producent kontener\u00f3w biurowych, wiat \u015bmietnikowych, hal i gara\u017cy blaszanych\",\"description\":\"Kontenery biurowe, wiaty \u015bmietnikowe, hale, gara\u017ce blaszane od producenta.\",\"publisher\":{\"@id\":\"https:\/\/kopia.garazyki.pl\/#organization\"},\"potentialAction\":[{\"@type\":\"SearchAction\",\"target\":{\"@type\":\"EntryPoint\",\"urlTemplate\":\"https:\/\/kopia.garazyki.pl\/?s={search_term_string}\"},\"query-input\":\"required name=search_term_string\"}],\"inLanguage\":\"de-DE\"},{\"@type\":\"Organization\",\"@id\":\"https:\/\/kopia.garazyki.pl\/#organization\",\"name\":\"Garazyki.pl Producent gara\u017cy i kontener\u00f3w biurowych i wiat\",\"url\":\"https:\/\/kopia.garazyki.pl\/\",\"logo\":{\"@type\":\"ImageObject\",\"inLanguage\":\"de-DE\",\"@id\":\"https:\/\/kopia.garazyki.pl\/#\/schema\/logo\/image\/\",\"url\":\"http:\/\/kopia.garazyki.pl\/wp-content\/uploads\/2022\/02\/logo_garazyki_pl.png\",\"contentUrl\":\"http:\/\/kopia.garazyki.pl\/wp-content\/uploads\/2022\/02\/logo_garazyki_pl.png\",\"width\":120,\"height\":64,\"caption\":\"Garazyki.pl Producent gara\u017cy i kontener\u00f3w biurowych i wiat\"},\"image\":{\"@id\":\"https:\/\/kopia.garazyki.pl\/#\/schema\/logo\/image\/\"},\"sameAs\":[\"https:\/\/www.facebook.com\/garazyki\",\"https:\/\/www.instagram.com\/garazyki.pl\/\",\"https:\/\/www.linkedin.com\/company\/alicja-garazyki\/\"]}]}<\/script>\n<!-- \/ Yoast SEO plugin. -->","yoast_head_json":{"title":"Kontakt - Producent kontener\u00f3w biurowych, wiat \u015bmietnikowych, hal i gara\u017cy blaszanych","robots":{"index":"noindex","follow":"follow","max-snippet":"max-snippet:-1","max-image-preview":"max-image-preview:large","max-video-preview":"max-video-preview:-1"},"og_locale":"de_DE","og_type":"article","og_title":"Kontakt - Producent kontener\u00f3w biurowych, wiat \u015bmietnikowych, hal i gara\u017cy blaszanych","og_description":"Kontakttel. (58)-535-15-96tel.\u00a0(52)-332-75-75biuro@garazyki.pl -------------------------------------- Rufen Sie an tel.607-651-887\u00a0 -------------------------------------- B\u00fcro Pieni\u0105\u017ckowo 4b83-135 Ma\u0142a Karczma \u00d6ffnungszeiten Montag-Donnerstag 7:00 - 15:15Freitag 7:00 - 14:00 Lieferungen und Abholungen bis 13:30 -------------------------------------- Verkaufsstellen: wojew\u00f3dztwo pomorskie:ERAPOLul.Hutnicza 4A81-061 Gdyniatel.(58)-783-35-48 wojew\u00f3dztwo mazowieckie:MERITUMJanki ul.Leszczynowa 1105-090 Raszyntel.512-042-730(Ausstelung im Verkauspunkt) &nbsp; Produktionsbetriebbefindet sich in Ortschaft Pieni\u0105\u017ckowo (woj.pomorskie)(7 km in Richtung Norden mit der Landes Stra\u00dfe 91 [&hellip;]","og_url":"https:\/\/kopia.garazyki.pl\/de\/kontakt\/","og_site_name":"Producent kontener\u00f3w biurowych, wiat \u015bmietnikowych, hal i gara\u017cy blaszanych","article_publisher":"https:\/\/www.facebook.com\/garazyki","article_modified_time":"2022-03-15T20:19:40+00:00","twitter_card":"summary_large_image","twitter_misc":{"Gesch\u00e4tzte Lesezeit":"6 Minuten"},"schema":{"@context":"https:\/\/schema.org","@graph":[{"@type":"WebPage","@id":"https:\/\/kopia.garazyki.pl\/de\/kontakt\/","url":"https:\/\/kopia.garazyki.pl\/de\/kontakt\/","name":"Kontakt - Producent kontener\u00f3w biurowych, wiat \u015bmietnikowych, hal i gara\u017cy blaszanych","isPartOf":{"@id":"https:\/\/kopia.garazyki.pl\/#website"},"datePublished":"2022-03-01T18:09:15+00:00","dateModified":"2022-03-15T20:19:40+00:00","breadcrumb":{"@id":"https:\/\/kopia.garazyki.pl\/de\/kontakt\/#breadcrumb"},"inLanguage":"de-DE","potentialAction":[{"@type":"ReadAction","target":["https:\/\/kopia.garazyki.pl\/de\/kontakt\/"]}]},{"@type":"BreadcrumbList","@id":"https:\/\/kopia.garazyki.pl\/de\/kontakt\/#breadcrumb","itemListElement":[{"@type":"ListItem","position":1,"name":"Strona g\u0142\u00f3wna","item":"https:\/\/kopia.garazyki.pl\/de\/"},{"@type":"ListItem","position":2,"name":"Kontakt"}]},{"@type":"WebSite","@id":"https:\/\/kopia.garazyki.pl\/#website","url":"https:\/\/kopia.garazyki.pl\/","name":"Producent kontener\u00f3w biurowych, wiat \u015bmietnikowych, hal i gara\u017cy blaszanych","description":"Kontenery biurowe, wiaty \u015bmietnikowe, hale, gara\u017ce blaszane od producenta.","publisher":{"@id":"https:\/\/kopia.garazyki.pl\/#organization"},"potentialAction":[{"@type":"SearchAction","target":{"@type":"EntryPoint","urlTemplate":"https:\/\/kopia.garazyki.pl\/?s={search_term_string}"},"query-input":"required name=search_term_string"}],"inLanguage":"de-DE"},{"@type":"Organization","@id":"https:\/\/kopia.garazyki.pl\/#organization","name":"Garazyki.pl Producent gara\u017cy i kontener\u00f3w biurowych i wiat","url":"https:\/\/kopia.garazyki.pl\/","logo":{"@type":"ImageObject","inLanguage":"de-DE","@id":"https:\/\/kopia.garazyki.pl\/#\/schema\/logo\/image\/","url":"http:\/\/kopia.garazyki.pl\/wp-content\/uploads\/2022\/02\/logo_garazyki_pl.png","contentUrl":"http:\/\/kopia.garazyki.pl\/wp-content\/uploads\/2022\/02\/logo_garazyki_pl.png","width":120,"height":64,"caption":"Garazyki.pl Producent gara\u017cy i kontener\u00f3w biurowych i wiat"},"image":{"@id":"https:\/\/kopia.garazyki.pl\/#\/schema\/logo\/image\/"},"sameAs":["https:\/\/www.facebook.com\/garazyki","https:\/\/www.instagram.com\/garazyki.pl\/","https:\/\/www.linkedin.com\/company\/alicja-garazyki\/"]}]}},"_links":{"self":[{"href":"https:\/\/kopia.garazyki.pl\/de\/wp-json\/wp\/v2\/pages\/105143"}],"collection":[{"href":"https:\/\/kopia.garazyki.pl\/de\/wp-json\/wp\/v2\/pages"}],"about":[{"href":"https:\/\/kopia.garazyki.pl\/de\/wp-json\/wp\/v2\/types\/page"}],"author":[{"embeddable":true,"href":"https:\/\/kopia.garazyki.pl\/de\/wp-json\/wp\/v2\/users\/1"}],"replies":[{"embeddable":true,"href":"https:\/\/kopia.garazyki.pl\/de\/wp-json\/wp\/v2\/comments?post=105143"}],"version-history":[{"count":0,"href":"https:\/\/kopia.garazyki.pl\/de\/wp-json\/wp\/v2\/pages\/105143\/revisions"}],"wp:attachment":[{"href":"https:\/\/kopia.garazyki.pl\/de\/wp-json\/wp\/v2\/media?parent=105143"}],"curies":[{"name":"wp","href":"https:\/\/api.w.org\/{rel}","templated":true}]}}