{"id":102435,"date":"2022-02-28T22:45:14","date_gmt":"2022-02-28T21:45:14","guid":{"rendered":"http:\/\/kopia.garazyki.pl\/?post_type=product&#038;p=102435"},"modified":"2023-11-21T22:33:12","modified_gmt":"2023-11-21T21:33:12","slug":"garaz-35x6-ocieplany-z-oknem-i-drzwiami","status":"publish","type":"product","link":"http:\/\/kopia.garazyki.pl\/en\/producent\/insulated-garages\/garaz-35x6-ocieplany-z-oknem-i-drzwiami\/","title":{"rendered":"Gara\u017c 3.5&#215;6 ocieplany z oknem i drzwiami GO-2"},"content":{"rendered":"<h2 style=\"text-align: center;\">Gara\u017c ocieplany z oknem i drzwiami<\/h2>\n<p>Wymiar konstrukcji bez p\u0142yty: 3,5 m szeroko\u015bci, 6,0 m g\u0142\u0119boko\u015bci, wysoko\u015b\u0107 2,45\/2,20m ze spadem na bok. Konstrukcja wykonana z kszta\u0142townik\u00f3w zamkni\u0119tych, malowana proszkowo. Stela\u017c konstrukcji spawany, a nast\u0119pnie skr\u0119cany \u015brubami i wkr\u0119tami. Poszycie stanowi p\u0142yta warstwowa gr .80 mm z rdzeniem poliuretanowym. Od wewn\u0105trz blacha w kolorze bia\u0142ym, od zewn\u0105trz blacha w kolorystyce dost\u0119pnej z <a href=\"http:\/\/kopia.garazyki.pl\/data\/pdf\/dostepne_kolory.pdf\">palety RAL<\/a>. Konstrukcja posiada kratk\u0119 wentylacyjn\u0105 i okno PCV 113&#215;100. Dach wyko\u0144czony wiatrownic\u0105, na rogach \u015bcian blaszane naro\u017cniki.<\/p>\n<p><strong>Cechy gara\u017cu ocieplanego 3,5&#215;6:<\/strong><\/p>\n<ul>\n<li>drzwi 0,9 m z zamkiem<\/li>\n<li>brama dwuskrzyd\u0142owa otwierana od \u015brodka<\/li>\n<li>idealnie wywa\u017cone skrzyd\u0142o bramy<\/li>\n<li>dach gara\u017cu poszyty p\u0142yt\u0105 z rdzeniem poliuretanowym gr. 80 mm mocowan\u0105 do konstrukcji za pomoc\u0105 wkr\u0119t\u00f3w<\/li>\n<li>na \u015bcianach oraz drzwiach p\u0142yta warstwowa z rdzeniem poliuretanowym gr. 80 mm<\/li>\n<li>lewa wysoko\u015b\u0107 gara\u017cu to 2,45m, natomiast prawa 2,20m<\/li>\n<li>okno PCV bia\u0142e z\u00a0 krat\u0105<\/li>\n<\/ul>\n","protected":false},"excerpt":{"rendered":"<p>Gara\u017c ocieplany z oknem i drzwiami Wymiar konstrukcji bez p\u0142yty: 3,5 m szeroko\u015bci, 6,0 m g\u0142\u0119boko\u015bci, wysoko\u015b\u0107 2,45\/2,20m ze spadem na bok. Konstrukcja wykonana z kszta\u0142townik\u00f3w zamkni\u0119tych, malowana proszkowo. Stela\u017c konstrukcji spawany, a nast\u0119pnie skr\u0119cany \u015brubami i wkr\u0119tami. Poszycie stanowi p\u0142yta warstwowa gr .80 mm z rdzeniem poliuretanowym. Od wewn\u0105trz blacha w kolorze bia\u0142ym, od [&hellip;]<\/p>\n","protected":false},"featured_media":102436,"comment_status":"open","ping_status":"closed","template":"","meta":{"_et_pb_use_builder":"","_et_pb_old_content":"","_et_gb_content_width":""},"product_cat":[330],"product_tag":[349,348,350],"yoast_head":"<!-- This site is optimized with the Yoast SEO plugin v21.6 - https:\/\/yoast.com\/wordpress\/plugins\/seo\/ -->\n<title>Gara\u017c ocieplany z oknem i drzwiami 3.5x6- Producent garazyki.pl<\/title>\n<meta name=\"description\" content=\"Producent gara\u017cy z p\u0142yty warstwowej w dowolnym wymiarze i kolorze na zam\u00f3wienie. Gara\u017c ocieplany z oknem i drzwiami od garazyki.pl\" \/>\n<meta name=\"robots\" content=\"noindex, follow, max-snippet:-1, max-image-preview:large, max-video-preview:-1\" \/>\n<meta property=\"og:locale\" content=\"en_US\" \/>\n<meta property=\"og:type\" content=\"article\" \/>\n<meta property=\"og:title\" content=\"Gara\u017c ocieplany z oknem i drzwiami 3.5x6- Producent garazyki.pl\" \/>\n<meta property=\"og:description\" content=\"Producent gara\u017cy z p\u0142yty warstwowej w dowolnym wymiarze i kolorze na zam\u00f3wienie. Gara\u017c ocieplany z oknem i drzwiami od garazyki.pl\" \/>\n<meta property=\"og:url\" content=\"http:\/\/kopia.garazyki.pl\/en\/producent\/insulated-garages\/garaz-35x6-ocieplany-z-oknem-i-drzwiami\/\" \/>\n<meta property=\"og:site_name\" content=\"Producent kontener\u00f3w biurowych, wiat \u015bmietnikowych, hal i gara\u017cy blaszanych\" \/>\n<meta property=\"article:publisher\" content=\"https:\/\/www.facebook.com\/garazyki\" \/>\n<meta property=\"article:modified_time\" content=\"2023-11-21T21:33:12+00:00\" \/>\n<meta property=\"og:image\" content=\"http:\/\/kopia.garazyki.pl\/wp-content\/uploads\/2022\/02\/0Garaz_35x6_ocieplany_z_oknem_i_drzwiami__1_.jpg\" \/>\n\t<meta property=\"og:image:width\" content=\"740\" \/>\n\t<meta property=\"og:image:height\" content=\"520\" \/>\n\t<meta property=\"og:image:type\" content=\"image\/jpeg\" \/>\n<meta name=\"twitter:card\" content=\"summary_large_image\" \/>\n<meta name=\"twitter:label1\" content=\"Est. reading time\" \/>\n\t<meta name=\"twitter:data1\" content=\"1 minute\" \/>\n<script type=\"application\/ld+json\" class=\"yoast-schema-graph\">{\"@context\":\"https:\/\/schema.org\",\"@graph\":[{\"@type\":\"WebPage\",\"@id\":\"http:\/\/kopia.garazyki.pl\/en\/producent\/insulated-garages\/garaz-35x6-ocieplany-z-oknem-i-drzwiami\/\",\"url\":\"http:\/\/kopia.garazyki.pl\/en\/producent\/insulated-garages\/garaz-35x6-ocieplany-z-oknem-i-drzwiami\/\",\"name\":\"Gara\u017c ocieplany z oknem i drzwiami 3.5x6- Producent garazyki.pl\",\"isPartOf\":{\"@id\":\"https:\/\/kopia.garazyki.pl\/#website\"},\"datePublished\":\"2022-02-28T21:45:14+00:00\",\"dateModified\":\"2023-11-21T21:33:12+00:00\",\"description\":\"Producent gara\u017cy z p\u0142yty warstwowej w dowolnym wymiarze i kolorze na zam\u00f3wienie. Gara\u017c ocieplany z oknem i drzwiami od garazyki.pl\",\"breadcrumb\":{\"@id\":\"http:\/\/kopia.garazyki.pl\/en\/producent\/insulated-garages\/garaz-35x6-ocieplany-z-oknem-i-drzwiami\/#breadcrumb\"},\"inLanguage\":\"en-US\",\"potentialAction\":[{\"@type\":\"ReadAction\",\"target\":[\"http:\/\/kopia.garazyki.pl\/en\/producent\/insulated-garages\/garaz-35x6-ocieplany-z-oknem-i-drzwiami\/\"]}]},{\"@type\":\"BreadcrumbList\",\"@id\":\"http:\/\/kopia.garazyki.pl\/en\/producent\/insulated-garages\/garaz-35x6-ocieplany-z-oknem-i-drzwiami\/#breadcrumb\",\"itemListElement\":[{\"@type\":\"ListItem\",\"position\":1,\"name\":\"Strona g\u0142\u00f3wna\",\"item\":\"https:\/\/kopia.garazyki.pl\/en\/\"},{\"@type\":\"ListItem\",\"position\":2,\"name\":\"Products\",\"item\":\"http:\/\/kopia.garazyki.pl\/en\/shop\/\"},{\"@type\":\"ListItem\",\"position\":3,\"name\":\"Gara\u017c 3.5&#215;6 ocieplany z oknem i drzwiami GO-2\"}]},{\"@type\":\"WebSite\",\"@id\":\"https:\/\/kopia.garazyki.pl\/#website\",\"url\":\"https:\/\/kopia.garazyki.pl\/\",\"name\":\"Producent kontener\u00f3w biurowych, wiat \u015bmietnikowych, hal i gara\u017cy blaszanych\",\"description\":\"Kontenery biurowe, wiaty \u015bmietnikowe, hale, gara\u017ce blaszane od producenta.\",\"publisher\":{\"@id\":\"https:\/\/kopia.garazyki.pl\/#organization\"},\"potentialAction\":[{\"@type\":\"SearchAction\",\"target\":{\"@type\":\"EntryPoint\",\"urlTemplate\":\"https:\/\/kopia.garazyki.pl\/?s={search_term_string}\"},\"query-input\":\"required name=search_term_string\"}],\"inLanguage\":\"en-US\"},{\"@type\":\"Organization\",\"@id\":\"https:\/\/kopia.garazyki.pl\/#organization\",\"name\":\"Garazyki.pl Producent gara\u017cy i kontener\u00f3w biurowych i wiat\",\"url\":\"https:\/\/kopia.garazyki.pl\/\",\"logo\":{\"@type\":\"ImageObject\",\"inLanguage\":\"en-US\",\"@id\":\"https:\/\/kopia.garazyki.pl\/#\/schema\/logo\/image\/\",\"url\":\"http:\/\/kopia.garazyki.pl\/wp-content\/uploads\/2022\/02\/logo_garazyki_pl.png\",\"contentUrl\":\"http:\/\/kopia.garazyki.pl\/wp-content\/uploads\/2022\/02\/logo_garazyki_pl.png\",\"width\":120,\"height\":64,\"caption\":\"Garazyki.pl Producent gara\u017cy i kontener\u00f3w biurowych i wiat\"},\"image\":{\"@id\":\"https:\/\/kopia.garazyki.pl\/#\/schema\/logo\/image\/\"},\"sameAs\":[\"https:\/\/www.facebook.com\/garazyki\",\"https:\/\/www.instagram.com\/garazyki.pl\/\",\"https:\/\/www.linkedin.com\/company\/alicja-garazyki\/\"]}]}<\/script>\n<!-- \/ Yoast SEO plugin. -->","yoast_head_json":{"title":"Gara\u017c ocieplany z oknem i drzwiami 3.5x6- Producent garazyki.pl","description":"Producent gara\u017cy z p\u0142yty warstwowej w dowolnym wymiarze i kolorze na zam\u00f3wienie. Gara\u017c ocieplany z oknem i drzwiami od garazyki.pl","robots":{"index":"noindex","follow":"follow","max-snippet":"max-snippet:-1","max-image-preview":"max-image-preview:large","max-video-preview":"max-video-preview:-1"},"og_locale":"en_US","og_type":"article","og_title":"Gara\u017c ocieplany z oknem i drzwiami 3.5x6- Producent garazyki.pl","og_description":"Producent gara\u017cy z p\u0142yty warstwowej w dowolnym wymiarze i kolorze na zam\u00f3wienie. Gara\u017c ocieplany z oknem i drzwiami od garazyki.pl","og_url":"http:\/\/kopia.garazyki.pl\/en\/producent\/insulated-garages\/garaz-35x6-ocieplany-z-oknem-i-drzwiami\/","og_site_name":"Producent kontener\u00f3w biurowych, wiat \u015bmietnikowych, hal i gara\u017cy blaszanych","article_publisher":"https:\/\/www.facebook.com\/garazyki","article_modified_time":"2023-11-21T21:33:12+00:00","og_image":[{"width":740,"height":520,"url":"http:\/\/kopia.garazyki.pl\/wp-content\/uploads\/2022\/02\/0Garaz_35x6_ocieplany_z_oknem_i_drzwiami__1_.jpg","type":"image\/jpeg"}],"twitter_card":"summary_large_image","twitter_misc":{"Est. reading time":"1 minute"},"schema":{"@context":"https:\/\/schema.org","@graph":[{"@type":"WebPage","@id":"http:\/\/kopia.garazyki.pl\/en\/producent\/insulated-garages\/garaz-35x6-ocieplany-z-oknem-i-drzwiami\/","url":"http:\/\/kopia.garazyki.pl\/en\/producent\/insulated-garages\/garaz-35x6-ocieplany-z-oknem-i-drzwiami\/","name":"Gara\u017c ocieplany z oknem i drzwiami 3.5x6- Producent garazyki.pl","isPartOf":{"@id":"https:\/\/kopia.garazyki.pl\/#website"},"datePublished":"2022-02-28T21:45:14+00:00","dateModified":"2023-11-21T21:33:12+00:00","description":"Producent gara\u017cy z p\u0142yty warstwowej w dowolnym wymiarze i kolorze na zam\u00f3wienie. Gara\u017c ocieplany z oknem i drzwiami od garazyki.pl","breadcrumb":{"@id":"http:\/\/kopia.garazyki.pl\/en\/producent\/insulated-garages\/garaz-35x6-ocieplany-z-oknem-i-drzwiami\/#breadcrumb"},"inLanguage":"en-US","potentialAction":[{"@type":"ReadAction","target":["http:\/\/kopia.garazyki.pl\/en\/producent\/insulated-garages\/garaz-35x6-ocieplany-z-oknem-i-drzwiami\/"]}]},{"@type":"BreadcrumbList","@id":"http:\/\/kopia.garazyki.pl\/en\/producent\/insulated-garages\/garaz-35x6-ocieplany-z-oknem-i-drzwiami\/#breadcrumb","itemListElement":[{"@type":"ListItem","position":1,"name":"Strona g\u0142\u00f3wna","item":"https:\/\/kopia.garazyki.pl\/en\/"},{"@type":"ListItem","position":2,"name":"Products","item":"http:\/\/kopia.garazyki.pl\/en\/shop\/"},{"@type":"ListItem","position":3,"name":"Gara\u017c 3.5&#215;6 ocieplany z oknem i drzwiami GO-2"}]},{"@type":"WebSite","@id":"https:\/\/kopia.garazyki.pl\/#website","url":"https:\/\/kopia.garazyki.pl\/","name":"Producent kontener\u00f3w biurowych, wiat \u015bmietnikowych, hal i gara\u017cy blaszanych","description":"Kontenery biurowe, wiaty \u015bmietnikowe, hale, gara\u017ce blaszane od producenta.","publisher":{"@id":"https:\/\/kopia.garazyki.pl\/#organization"},"potentialAction":[{"@type":"SearchAction","target":{"@type":"EntryPoint","urlTemplate":"https:\/\/kopia.garazyki.pl\/?s={search_term_string}"},"query-input":"required name=search_term_string"}],"inLanguage":"en-US"},{"@type":"Organization","@id":"https:\/\/kopia.garazyki.pl\/#organization","name":"Garazyki.pl Producent gara\u017cy i kontener\u00f3w biurowych i wiat","url":"https:\/\/kopia.garazyki.pl\/","logo":{"@type":"ImageObject","inLanguage":"en-US","@id":"https:\/\/kopia.garazyki.pl\/#\/schema\/logo\/image\/","url":"http:\/\/kopia.garazyki.pl\/wp-content\/uploads\/2022\/02\/logo_garazyki_pl.png","contentUrl":"http:\/\/kopia.garazyki.pl\/wp-content\/uploads\/2022\/02\/logo_garazyki_pl.png","width":120,"height":64,"caption":"Garazyki.pl Producent gara\u017cy i kontener\u00f3w biurowych i wiat"},"image":{"@id":"https:\/\/kopia.garazyki.pl\/#\/schema\/logo\/image\/"},"sameAs":["https:\/\/www.facebook.com\/garazyki","https:\/\/www.instagram.com\/garazyki.pl\/","https:\/\/www.linkedin.com\/company\/alicja-garazyki\/"]}]}},"_links":{"self":[{"href":"http:\/\/kopia.garazyki.pl\/en\/wp-json\/wp\/v2\/product\/102435"}],"collection":[{"href":"http:\/\/kopia.garazyki.pl\/en\/wp-json\/wp\/v2\/product"}],"about":[{"href":"http:\/\/kopia.garazyki.pl\/en\/wp-json\/wp\/v2\/types\/product"}],"replies":[{"embeddable":true,"href":"http:\/\/kopia.garazyki.pl\/en\/wp-json\/wp\/v2\/comments?post=102435"}],"wp:featuredmedia":[{"embeddable":true,"href":"http:\/\/kopia.garazyki.pl\/en\/wp-json\/wp\/v2\/media\/102436"}],"wp:attachment":[{"href":"http:\/\/kopia.garazyki.pl\/en\/wp-json\/wp\/v2\/media?parent=102435"}],"wp:term":[{"taxonomy":"product_cat","embeddable":true,"href":"http:\/\/kopia.garazyki.pl\/en\/wp-json\/wp\/v2\/product_cat?post=102435"},{"taxonomy":"product_tag","embeddable":true,"href":"http:\/\/kopia.garazyki.pl\/en\/wp-json\/wp\/v2\/product_tag?post=102435"}],"curies":[{"name":"wp","href":"https:\/\/api.w.org\/{rel}","templated":true}]}}