{"id":100400,"date":"2022-01-09T22:03:57","date_gmt":"2022-01-09T21:03:57","guid":{"rendered":"http:\/\/kopia.garazyki.pl\/?post_type=product&#038;p=100400"},"modified":"2023-10-20T23:32:30","modified_gmt":"2023-10-20T21:32:30","slug":"pomieszczenie-gospodarcze-premium-300x400","status":"publish","type":"product","link":"http:\/\/kopia.garazyki.pl\/en\/producent\/tin-garages\/premium-garages\/pomieszczenie-gospodarcze-premium-300x400\/","title":{"rendered":"Pomieszczenie gospodarcze PREMIUM 3,00&#215;4,00"},"content":{"rendered":"<p style=\"font-weight: 400;\"><strong>Pomieszczenie gospodarcze blaszane PREMIUM<\/strong> 3,00&#215;4,00. Gara\u017c o wymiarach 4m szeroko\u015bci x 3m\u00a0 g\u0142\u0119boko\u015bci z dachem dwuspadowym (2,30m wys. na\u00a0 \u015bcianie \/ 2,80m wys. w szczycie dachu). Konstrukcja, pomieszczenie gospodarcze blaszane wykonane jest z profili, malowane farb\u0105 podk\u0142adow\u0105 i nawierzchniow\u0105. Poszycie stanowi <a href=\"http:\/\/kopia.garazyki.pl\/blacha-trapezowa-2\/\">blacha trapezowa<\/a>, powlekana. Na \u015bcianach blacha T12 w kolorze ceglastym &#8211; RAL 8004, na dachu blacha T18 w kolorze br\u0105zowym. W gara\u017cu zamontowane okno PCV 60 x 40 uchylane oraz drzwi wej\u015bciowe o szeroko\u015bci 90cm. Drzwi i okno w kolorze br\u0105zowym. Ca\u0142o\u015b\u0107 konstrukcji wyko\u0144czona obr\u00f3bkami blacharskimi w postaci naro\u017cnik\u00f3w, wiatrownic oraz rynien w kolorze RAL 8017.<\/p>\n<p style=\"font-weight: 400;\"><b><strong><span style=\"font-weight: inherit; font-style: inherit;\">Cechy gara\u017cu 4&#215;3 premium\u00a0:<\/span><\/strong><\/b><\/p>\n<ul style=\"font-weight: 400;\">\n<li><span style=\"font-weight: inherit; font-style: inherit;\">drzwi wej\u015bciowe 90cm,<br \/>\n<\/span><\/li>\n<li><span style=\"font-weight: inherit; font-style: inherit;\">gara\u017c wykonany z kszta\u0142townika zamkni\u0119tego (profil)<\/span><\/li>\n<li><span style=\"font-weight: inherit; font-style: inherit;\">dach z jednej d\u0142ugo\u015bci blachy przykr\u0119cany do konstrukcji na wkr\u0119ty z podk\u0142adkami kauczukowy<\/span><span style=\"font-weight: inherit; font-style: inherit;\">m,<\/span><\/li>\n<li><span style=\"font-weight: inherit; font-style: inherit;\">dach z blachy trapezowej T18,<\/span><\/li>\n<li><span style=\"font-weight: inherit; font-style: inherit;\">na \u015bcianach oraz drzwiach blacha trapezowa T12<\/span><span style=\"font-weight: inherit; font-style: inherit;\">,<br \/>\n<\/span><\/li>\n<li><span style=\"font-weight: inherit; font-style: inherit;\">blacha powlekana,<\/span><\/li>\n<li><span style=\"font-weight: inherit; font-style: inherit;\">obr\u00f3bki blaszane ( wiatrownica, naro\u017cniki),<\/span><\/li>\n<li><span style=\"font-weight: inherit; font-style: inherit;\">dodatkowo zamontowana rynna stalowa,<\/span><\/li>\n<\/ul>\n","protected":false},"excerpt":{"rendered":"<p>Pomieszczenie gospodarcze blaszane PREMIUM 3,00&#215;4,00. Gara\u017c o wymiarach 4m szeroko\u015bci x 3m\u00a0 g\u0142\u0119boko\u015bci z dachem dwuspadowym (2,30m wys. na\u00a0 \u015bcianie \/ 2,80m wys. w szczycie dachu). Konstrukcja, pomieszczenie gospodarcze blaszane wykonane jest z profili, malowane farb\u0105 podk\u0142adow\u0105 i nawierzchniow\u0105. Poszycie stanowi blacha trapezowa, powlekana. Na \u015bcianach blacha T12 w kolorze ceglastym &#8211; RAL 8004, na [&hellip;]<\/p>\n","protected":false},"featured_media":100401,"comment_status":"open","ping_status":"closed","template":"","meta":{"_et_pb_use_builder":"","_et_pb_old_content":"","_et_gb_content_width":""},"product_cat":[334],"product_tag":[143],"yoast_head":"<!-- This site is optimized with the Yoast SEO plugin v21.6 - https:\/\/yoast.com\/wordpress\/plugins\/seo\/ -->\n<title>Pomieszczenie gospodarcze blaszane PREMIUM 3x4 - garazyki.pl<\/title>\n<meta name=\"description\" content=\"Producent gara\u017cy, pomieszcze\u0144 gospodarczych z blachy w dowolnym wymiarze.. Pomieszczenie gospodarcze blaszane PREMIUM 3,00x4,00 garazyki.pl\" \/>\n<meta name=\"robots\" content=\"noindex, follow, max-snippet:-1, max-image-preview:large, max-video-preview:-1\" \/>\n<meta property=\"og:locale\" content=\"en_US\" \/>\n<meta property=\"og:type\" content=\"article\" \/>\n<meta property=\"og:title\" content=\"Pomieszczenie gospodarcze blaszane PREMIUM 3x4 - garazyki.pl\" \/>\n<meta property=\"og:description\" content=\"Producent gara\u017cy, pomieszcze\u0144 gospodarczych z blachy w dowolnym wymiarze.. Pomieszczenie gospodarcze blaszane PREMIUM 3,00x4,00 garazyki.pl\" \/>\n<meta property=\"og:url\" content=\"http:\/\/kopia.garazyki.pl\/en\/producent\/tin-garages\/premium-garages\/pomieszczenie-gospodarcze-premium-300x400\/\" \/>\n<meta property=\"og:site_name\" content=\"Producent kontener\u00f3w biurowych, wiat \u015bmietnikowych, hal i gara\u017cy blaszanych\" \/>\n<meta property=\"article:publisher\" content=\"https:\/\/www.facebook.com\/garazyki\" \/>\n<meta property=\"article:modified_time\" content=\"2023-10-20T21:32:30+00:00\" \/>\n<meta property=\"og:image\" content=\"http:\/\/kopia.garazyki.pl\/wp-content\/uploads\/2022\/01\/0Pomieszczenie_gospodarcze_PREMIUM_3_x_4___1_.jpg\" \/>\n\t<meta property=\"og:image:width\" content=\"740\" \/>\n\t<meta property=\"og:image:height\" content=\"520\" \/>\n\t<meta property=\"og:image:type\" content=\"image\/jpeg\" \/>\n<meta name=\"twitter:card\" content=\"summary_large_image\" \/>\n<meta name=\"twitter:label1\" content=\"Est. reading time\" \/>\n\t<meta name=\"twitter:data1\" content=\"1 minute\" \/>\n<script type=\"application\/ld+json\" class=\"yoast-schema-graph\">{\"@context\":\"https:\/\/schema.org\",\"@graph\":[{\"@type\":\"WebPage\",\"@id\":\"http:\/\/kopia.garazyki.pl\/en\/producent\/tin-garages\/premium-garages\/pomieszczenie-gospodarcze-premium-300x400\/\",\"url\":\"http:\/\/kopia.garazyki.pl\/en\/producent\/tin-garages\/premium-garages\/pomieszczenie-gospodarcze-premium-300x400\/\",\"name\":\"Pomieszczenie gospodarcze blaszane PREMIUM 3x4 - garazyki.pl\",\"isPartOf\":{\"@id\":\"https:\/\/kopia.garazyki.pl\/#website\"},\"datePublished\":\"2022-01-09T21:03:57+00:00\",\"dateModified\":\"2023-10-20T21:32:30+00:00\",\"description\":\"Producent gara\u017cy, pomieszcze\u0144 gospodarczych z blachy w dowolnym wymiarze.. Pomieszczenie gospodarcze blaszane PREMIUM 3,00x4,00 garazyki.pl\",\"breadcrumb\":{\"@id\":\"http:\/\/kopia.garazyki.pl\/en\/producent\/tin-garages\/premium-garages\/pomieszczenie-gospodarcze-premium-300x400\/#breadcrumb\"},\"inLanguage\":\"en-US\",\"potentialAction\":[{\"@type\":\"ReadAction\",\"target\":[\"http:\/\/kopia.garazyki.pl\/en\/producent\/tin-garages\/premium-garages\/pomieszczenie-gospodarcze-premium-300x400\/\"]}]},{\"@type\":\"BreadcrumbList\",\"@id\":\"http:\/\/kopia.garazyki.pl\/en\/producent\/tin-garages\/premium-garages\/pomieszczenie-gospodarcze-premium-300x400\/#breadcrumb\",\"itemListElement\":[{\"@type\":\"ListItem\",\"position\":1,\"name\":\"Strona g\u0142\u00f3wna\",\"item\":\"https:\/\/kopia.garazyki.pl\/en\/\"},{\"@type\":\"ListItem\",\"position\":2,\"name\":\"Products\",\"item\":\"http:\/\/kopia.garazyki.pl\/en\/shop\/\"},{\"@type\":\"ListItem\",\"position\":3,\"name\":\"Pomieszczenie gospodarcze PREMIUM 3,00&#215;4,00\"}]},{\"@type\":\"WebSite\",\"@id\":\"https:\/\/kopia.garazyki.pl\/#website\",\"url\":\"https:\/\/kopia.garazyki.pl\/\",\"name\":\"Producent kontener\u00f3w biurowych, wiat \u015bmietnikowych, hal i gara\u017cy blaszanych\",\"description\":\"Kontenery biurowe, wiaty \u015bmietnikowe, hale, gara\u017ce blaszane od producenta.\",\"publisher\":{\"@id\":\"https:\/\/kopia.garazyki.pl\/#organization\"},\"potentialAction\":[{\"@type\":\"SearchAction\",\"target\":{\"@type\":\"EntryPoint\",\"urlTemplate\":\"https:\/\/kopia.garazyki.pl\/?s={search_term_string}\"},\"query-input\":\"required name=search_term_string\"}],\"inLanguage\":\"en-US\"},{\"@type\":\"Organization\",\"@id\":\"https:\/\/kopia.garazyki.pl\/#organization\",\"name\":\"Garazyki.pl Producent gara\u017cy i kontener\u00f3w biurowych i wiat\",\"url\":\"https:\/\/kopia.garazyki.pl\/\",\"logo\":{\"@type\":\"ImageObject\",\"inLanguage\":\"en-US\",\"@id\":\"https:\/\/kopia.garazyki.pl\/#\/schema\/logo\/image\/\",\"url\":\"http:\/\/kopia.garazyki.pl\/wp-content\/uploads\/2022\/02\/logo_garazyki_pl.png\",\"contentUrl\":\"http:\/\/kopia.garazyki.pl\/wp-content\/uploads\/2022\/02\/logo_garazyki_pl.png\",\"width\":120,\"height\":64,\"caption\":\"Garazyki.pl Producent gara\u017cy i kontener\u00f3w biurowych i wiat\"},\"image\":{\"@id\":\"https:\/\/kopia.garazyki.pl\/#\/schema\/logo\/image\/\"},\"sameAs\":[\"https:\/\/www.facebook.com\/garazyki\",\"https:\/\/www.instagram.com\/garazyki.pl\/\",\"https:\/\/www.linkedin.com\/company\/alicja-garazyki\/\"]}]}<\/script>\n<!-- \/ Yoast SEO plugin. -->","yoast_head_json":{"title":"Pomieszczenie gospodarcze blaszane PREMIUM 3x4 - garazyki.pl","description":"Producent gara\u017cy, pomieszcze\u0144 gospodarczych z blachy w dowolnym wymiarze.. Pomieszczenie gospodarcze blaszane PREMIUM 3,00x4,00 garazyki.pl","robots":{"index":"noindex","follow":"follow","max-snippet":"max-snippet:-1","max-image-preview":"max-image-preview:large","max-video-preview":"max-video-preview:-1"},"og_locale":"en_US","og_type":"article","og_title":"Pomieszczenie gospodarcze blaszane PREMIUM 3x4 - garazyki.pl","og_description":"Producent gara\u017cy, pomieszcze\u0144 gospodarczych z blachy w dowolnym wymiarze.. Pomieszczenie gospodarcze blaszane PREMIUM 3,00x4,00 garazyki.pl","og_url":"http:\/\/kopia.garazyki.pl\/en\/producent\/tin-garages\/premium-garages\/pomieszczenie-gospodarcze-premium-300x400\/","og_site_name":"Producent kontener\u00f3w biurowych, wiat \u015bmietnikowych, hal i gara\u017cy blaszanych","article_publisher":"https:\/\/www.facebook.com\/garazyki","article_modified_time":"2023-10-20T21:32:30+00:00","og_image":[{"width":740,"height":520,"url":"http:\/\/kopia.garazyki.pl\/wp-content\/uploads\/2022\/01\/0Pomieszczenie_gospodarcze_PREMIUM_3_x_4___1_.jpg","type":"image\/jpeg"}],"twitter_card":"summary_large_image","twitter_misc":{"Est. reading time":"1 minute"},"schema":{"@context":"https:\/\/schema.org","@graph":[{"@type":"WebPage","@id":"http:\/\/kopia.garazyki.pl\/en\/producent\/tin-garages\/premium-garages\/pomieszczenie-gospodarcze-premium-300x400\/","url":"http:\/\/kopia.garazyki.pl\/en\/producent\/tin-garages\/premium-garages\/pomieszczenie-gospodarcze-premium-300x400\/","name":"Pomieszczenie gospodarcze blaszane PREMIUM 3x4 - garazyki.pl","isPartOf":{"@id":"https:\/\/kopia.garazyki.pl\/#website"},"datePublished":"2022-01-09T21:03:57+00:00","dateModified":"2023-10-20T21:32:30+00:00","description":"Producent gara\u017cy, pomieszcze\u0144 gospodarczych z blachy w dowolnym wymiarze.. Pomieszczenie gospodarcze blaszane PREMIUM 3,00x4,00 garazyki.pl","breadcrumb":{"@id":"http:\/\/kopia.garazyki.pl\/en\/producent\/tin-garages\/premium-garages\/pomieszczenie-gospodarcze-premium-300x400\/#breadcrumb"},"inLanguage":"en-US","potentialAction":[{"@type":"ReadAction","target":["http:\/\/kopia.garazyki.pl\/en\/producent\/tin-garages\/premium-garages\/pomieszczenie-gospodarcze-premium-300x400\/"]}]},{"@type":"BreadcrumbList","@id":"http:\/\/kopia.garazyki.pl\/en\/producent\/tin-garages\/premium-garages\/pomieszczenie-gospodarcze-premium-300x400\/#breadcrumb","itemListElement":[{"@type":"ListItem","position":1,"name":"Strona g\u0142\u00f3wna","item":"https:\/\/kopia.garazyki.pl\/en\/"},{"@type":"ListItem","position":2,"name":"Products","item":"http:\/\/kopia.garazyki.pl\/en\/shop\/"},{"@type":"ListItem","position":3,"name":"Pomieszczenie gospodarcze PREMIUM 3,00&#215;4,00"}]},{"@type":"WebSite","@id":"https:\/\/kopia.garazyki.pl\/#website","url":"https:\/\/kopia.garazyki.pl\/","name":"Producent kontener\u00f3w biurowych, wiat \u015bmietnikowych, hal i gara\u017cy blaszanych","description":"Kontenery biurowe, wiaty \u015bmietnikowe, hale, gara\u017ce blaszane od producenta.","publisher":{"@id":"https:\/\/kopia.garazyki.pl\/#organization"},"potentialAction":[{"@type":"SearchAction","target":{"@type":"EntryPoint","urlTemplate":"https:\/\/kopia.garazyki.pl\/?s={search_term_string}"},"query-input":"required name=search_term_string"}],"inLanguage":"en-US"},{"@type":"Organization","@id":"https:\/\/kopia.garazyki.pl\/#organization","name":"Garazyki.pl Producent gara\u017cy i kontener\u00f3w biurowych i wiat","url":"https:\/\/kopia.garazyki.pl\/","logo":{"@type":"ImageObject","inLanguage":"en-US","@id":"https:\/\/kopia.garazyki.pl\/#\/schema\/logo\/image\/","url":"http:\/\/kopia.garazyki.pl\/wp-content\/uploads\/2022\/02\/logo_garazyki_pl.png","contentUrl":"http:\/\/kopia.garazyki.pl\/wp-content\/uploads\/2022\/02\/logo_garazyki_pl.png","width":120,"height":64,"caption":"Garazyki.pl Producent gara\u017cy i kontener\u00f3w biurowych i wiat"},"image":{"@id":"https:\/\/kopia.garazyki.pl\/#\/schema\/logo\/image\/"},"sameAs":["https:\/\/www.facebook.com\/garazyki","https:\/\/www.instagram.com\/garazyki.pl\/","https:\/\/www.linkedin.com\/company\/alicja-garazyki\/"]}]}},"_links":{"self":[{"href":"http:\/\/kopia.garazyki.pl\/en\/wp-json\/wp\/v2\/product\/100400"}],"collection":[{"href":"http:\/\/kopia.garazyki.pl\/en\/wp-json\/wp\/v2\/product"}],"about":[{"href":"http:\/\/kopia.garazyki.pl\/en\/wp-json\/wp\/v2\/types\/product"}],"replies":[{"embeddable":true,"href":"http:\/\/kopia.garazyki.pl\/en\/wp-json\/wp\/v2\/comments?post=100400"}],"wp:featuredmedia":[{"embeddable":true,"href":"http:\/\/kopia.garazyki.pl\/en\/wp-json\/wp\/v2\/media\/100401"}],"wp:attachment":[{"href":"http:\/\/kopia.garazyki.pl\/en\/wp-json\/wp\/v2\/media?parent=100400"}],"wp:term":[{"taxonomy":"product_cat","embeddable":true,"href":"http:\/\/kopia.garazyki.pl\/en\/wp-json\/wp\/v2\/product_cat?post=100400"},{"taxonomy":"product_tag","embeddable":true,"href":"http:\/\/kopia.garazyki.pl\/en\/wp-json\/wp\/v2\/product_tag?post=100400"}],"curies":[{"name":"wp","href":"https:\/\/api.w.org\/{rel}","templated":true}]}}