{"id":100394,"date":"2022-01-09T22:00:45","date_gmt":"2022-01-09T21:00:45","guid":{"rendered":"http:\/\/kopia.garazyki.pl\/?post_type=product&#038;p=100394"},"modified":"2023-10-20T23:32:30","modified_gmt":"2023-10-20T21:32:30","slug":"garaz-premium-800x600","status":"publish","type":"product","link":"http:\/\/kopia.garazyki.pl\/en\/producent\/tin-garages\/premium-garages\/garaz-premium-800x600\/","title":{"rendered":"Gara\u017c premium 8,00&#215;6,00"},"content":{"rendered":"<p style=\"font-weight: 400;\">Konstrukcja gara\u017cu premium o wymiarach 8,00m szeroko\u015bci x 6,00m g\u0142eboko\u015bci wykonana zosta\u0142a z kszta\u0142townik\u00f3w zamkni\u0119tych. Konstrukcja malowana farb\u0105 podk\u0142adow\u0105 i nawierzchniow\u0105 w kolorze szarym-RAL7000. Dach ze spadem spadem na ty\u0142 (2,50m front \/ 2,20m ty\u0142). Poszycie stanowi powlekana blacha trapezowa. Poszycie \u015bcian oraz bram stanowi blacha o wysoko\u015bci trapezu T12, na dachu trapez T18. Kolor blachy na \u015bcianach: szary-RAL7000, kolor blachy na bramach oraz dachu:\u00a0wi\u015bnia-RAL3011. Ca\u0142o\u015bc podzielona na pomieszczenie gara\u017cowe 5,00m szeroko\u015bci, w kt\u00f3rym zamotnowana zosta\u0142a brama uchylna oraz ma\u0142e drzwi, pozosta\u0142e 3,00m stanowi zadaszanie. Ca\u0142o\u015b\u0107 posiada obr\u00f3bki blacharskie w postaci naro\u017cnik\u00f3w (RAL7000) oraz wiatrownic (RAL3011). Dodatkowo nad frontem zamontowany daszek.<\/p>\n<p style=\"font-weight: 400;\"><b><strong><span style=\"font-weight: inherit; font-style: inherit;\">Cechy gara\u017cu 8,00 x 6,00 premium:<\/span><\/strong><\/b><\/p>\n<ul style=\"font-weight: 400;\">\n<li><span style=\"font-weight: inherit; font-style: inherit;\">brama uchylna<\/span><\/li>\n<li><span style=\"font-weight: inherit; font-style: inherit;\">gara\u017c wykonany z kszta\u0142townika zamkni\u0119tego (profil)<\/span><\/li>\n<li><span style=\"font-weight: inherit; font-style: inherit;\">dach z jednej d\u0142ugo\u015bci blachy przykr\u0119cany do konstrukcji na wkr\u0119ty z podk\u0142adkami kauczukowy<\/span><span style=\"font-weight: inherit; font-style: inherit;\">m<\/span><\/li>\n<li><span style=\"font-weight: inherit; font-style: inherit;\">dach z blachy trapezowej T 18<\/span><\/li>\n<li><span style=\"font-weight: inherit; font-style: inherit;\">na \u015bcianach oraz drzwiach blacha trapezowa T12<\/span><\/li>\n<li><span style=\"font-weight: inherit; font-style: inherit;\">blacha powlekana<\/span><\/li>\n<li><span style=\"font-weight: inherit; font-style: inherit;\">wysoko\u015b\u0107 &#8211; prz\u00f3d &#8211; 2,50m\/2,20m ty\u0142<\/span><\/li>\n<li><span style=\"font-weight: inherit; font-style: inherit;\">nad bram\u0105 daszek<\/span><\/li>\n<li><span style=\"font-weight: inherit; font-style: inherit;\">obr\u00f3bki blaszane ( wiatrownica, naro\u017cniki)<\/span><\/li>\n<\/ul>\n","protected":false},"excerpt":{"rendered":"<p>Konstrukcja gara\u017cu premium o wymiarach 8,00m szeroko\u015bci x 6,00m g\u0142eboko\u015bci wykonana zosta\u0142a z kszta\u0142townik\u00f3w zamkni\u0119tych. Konstrukcja malowana farb\u0105 podk\u0142adow\u0105 i nawierzchniow\u0105 w kolorze szarym-RAL7000. Dach ze spadem spadem na ty\u0142 (2,50m front \/ 2,20m ty\u0142). Poszycie stanowi powlekana blacha trapezowa. Poszycie \u015bcian oraz bram stanowi blacha o wysoko\u015bci trapezu T12, na dachu trapez T18. Kolor [&hellip;]<\/p>\n","protected":false},"featured_media":100399,"comment_status":"open","ping_status":"closed","template":"","meta":{"_et_pb_use_builder":"","_et_pb_old_content":"","_et_gb_content_width":""},"product_cat":[334],"product_tag":[],"yoast_head":"<!-- This site is optimized with the Yoast SEO plugin v21.6 - https:\/\/yoast.com\/wordpress\/plugins\/seo\/ -->\n<title>Gara\u017c premium 8,00x6,00 - Producent kontener\u00f3w biurowych, wiat \u015bmietnikowych, hal i gara\u017cy blaszanych<\/title>\n<meta name=\"robots\" content=\"noindex, follow, max-snippet:-1, max-image-preview:large, max-video-preview:-1\" \/>\n<meta property=\"og:locale\" content=\"en_US\" \/>\n<meta property=\"og:type\" content=\"article\" \/>\n<meta property=\"og:title\" content=\"Gara\u017c premium 8,00x6,00 - Producent kontener\u00f3w biurowych, wiat \u015bmietnikowych, hal i gara\u017cy blaszanych\" \/>\n<meta property=\"og:description\" content=\"Konstrukcja gara\u017cu premium o wymiarach 8,00m szeroko\u015bci x 6,00m g\u0142eboko\u015bci wykonana zosta\u0142a z kszta\u0142townik\u00f3w zamkni\u0119tych. Konstrukcja malowana farb\u0105 podk\u0142adow\u0105 i nawierzchniow\u0105 w kolorze szarym-RAL7000. Dach ze spadem spadem na ty\u0142 (2,50m front \/ 2,20m ty\u0142). Poszycie stanowi powlekana blacha trapezowa. Poszycie \u015bcian oraz bram stanowi blacha o wysoko\u015bci trapezu T12, na dachu trapez T18. Kolor [&hellip;]\" \/>\n<meta property=\"og:url\" content=\"http:\/\/kopia.garazyki.pl\/en\/producent\/tin-garages\/premium-garages\/garaz-premium-800x600\/\" \/>\n<meta property=\"og:site_name\" content=\"Producent kontener\u00f3w biurowych, wiat \u015bmietnikowych, hal i gara\u017cy blaszanych\" \/>\n<meta property=\"article:publisher\" content=\"https:\/\/www.facebook.com\/garazyki\" \/>\n<meta property=\"article:modified_time\" content=\"2023-10-20T21:32:30+00:00\" \/>\n<meta property=\"og:image\" content=\"http:\/\/kopia.garazyki.pl\/wp-content\/uploads\/2022\/01\/81Min.jpg\" \/>\n\t<meta property=\"og:image:width\" content=\"740\" \/>\n\t<meta property=\"og:image:height\" content=\"520\" \/>\n\t<meta property=\"og:image:type\" content=\"image\/jpeg\" \/>\n<meta name=\"twitter:card\" content=\"summary_large_image\" \/>\n<meta name=\"twitter:label1\" content=\"Est. reading time\" \/>\n\t<meta name=\"twitter:data1\" content=\"1 minute\" \/>\n<script type=\"application\/ld+json\" class=\"yoast-schema-graph\">{\"@context\":\"https:\/\/schema.org\",\"@graph\":[{\"@type\":\"WebPage\",\"@id\":\"http:\/\/kopia.garazyki.pl\/en\/producent\/tin-garages\/premium-garages\/garaz-premium-800x600\/\",\"url\":\"http:\/\/kopia.garazyki.pl\/en\/producent\/tin-garages\/premium-garages\/garaz-premium-800x600\/\",\"name\":\"Gara\u017c premium 8,00x6,00 - Producent kontener\u00f3w biurowych, wiat \u015bmietnikowych, hal i gara\u017cy blaszanych\",\"isPartOf\":{\"@id\":\"https:\/\/kopia.garazyki.pl\/#website\"},\"datePublished\":\"2022-01-09T21:00:45+00:00\",\"dateModified\":\"2023-10-20T21:32:30+00:00\",\"breadcrumb\":{\"@id\":\"http:\/\/kopia.garazyki.pl\/en\/producent\/tin-garages\/premium-garages\/garaz-premium-800x600\/#breadcrumb\"},\"inLanguage\":\"en-US\",\"potentialAction\":[{\"@type\":\"ReadAction\",\"target\":[\"http:\/\/kopia.garazyki.pl\/en\/producent\/tin-garages\/premium-garages\/garaz-premium-800x600\/\"]}]},{\"@type\":\"BreadcrumbList\",\"@id\":\"http:\/\/kopia.garazyki.pl\/en\/producent\/tin-garages\/premium-garages\/garaz-premium-800x600\/#breadcrumb\",\"itemListElement\":[{\"@type\":\"ListItem\",\"position\":1,\"name\":\"Strona g\u0142\u00f3wna\",\"item\":\"https:\/\/kopia.garazyki.pl\/en\/\"},{\"@type\":\"ListItem\",\"position\":2,\"name\":\"Products\",\"item\":\"http:\/\/kopia.garazyki.pl\/en\/shop\/\"},{\"@type\":\"ListItem\",\"position\":3,\"name\":\"Gara\u017c premium 8,00&#215;6,00\"}]},{\"@type\":\"WebSite\",\"@id\":\"https:\/\/kopia.garazyki.pl\/#website\",\"url\":\"https:\/\/kopia.garazyki.pl\/\",\"name\":\"Producent kontener\u00f3w biurowych, wiat \u015bmietnikowych, hal i gara\u017cy blaszanych\",\"description\":\"Kontenery biurowe, wiaty \u015bmietnikowe, hale, gara\u017ce blaszane od producenta.\",\"publisher\":{\"@id\":\"https:\/\/kopia.garazyki.pl\/#organization\"},\"potentialAction\":[{\"@type\":\"SearchAction\",\"target\":{\"@type\":\"EntryPoint\",\"urlTemplate\":\"https:\/\/kopia.garazyki.pl\/?s={search_term_string}\"},\"query-input\":\"required name=search_term_string\"}],\"inLanguage\":\"en-US\"},{\"@type\":\"Organization\",\"@id\":\"https:\/\/kopia.garazyki.pl\/#organization\",\"name\":\"Garazyki.pl Producent gara\u017cy i kontener\u00f3w biurowych i wiat\",\"url\":\"https:\/\/kopia.garazyki.pl\/\",\"logo\":{\"@type\":\"ImageObject\",\"inLanguage\":\"en-US\",\"@id\":\"https:\/\/kopia.garazyki.pl\/#\/schema\/logo\/image\/\",\"url\":\"http:\/\/kopia.garazyki.pl\/wp-content\/uploads\/2022\/02\/logo_garazyki_pl.png\",\"contentUrl\":\"http:\/\/kopia.garazyki.pl\/wp-content\/uploads\/2022\/02\/logo_garazyki_pl.png\",\"width\":120,\"height\":64,\"caption\":\"Garazyki.pl Producent gara\u017cy i kontener\u00f3w biurowych i wiat\"},\"image\":{\"@id\":\"https:\/\/kopia.garazyki.pl\/#\/schema\/logo\/image\/\"},\"sameAs\":[\"https:\/\/www.facebook.com\/garazyki\",\"https:\/\/www.instagram.com\/garazyki.pl\/\",\"https:\/\/www.linkedin.com\/company\/alicja-garazyki\/\"]}]}<\/script>\n<!-- \/ Yoast SEO plugin. -->","yoast_head_json":{"title":"Gara\u017c premium 8,00x6,00 - Producent kontener\u00f3w biurowych, wiat \u015bmietnikowych, hal i gara\u017cy blaszanych","robots":{"index":"noindex","follow":"follow","max-snippet":"max-snippet:-1","max-image-preview":"max-image-preview:large","max-video-preview":"max-video-preview:-1"},"og_locale":"en_US","og_type":"article","og_title":"Gara\u017c premium 8,00x6,00 - Producent kontener\u00f3w biurowych, wiat \u015bmietnikowych, hal i gara\u017cy blaszanych","og_description":"Konstrukcja gara\u017cu premium o wymiarach 8,00m szeroko\u015bci x 6,00m g\u0142eboko\u015bci wykonana zosta\u0142a z kszta\u0142townik\u00f3w zamkni\u0119tych. Konstrukcja malowana farb\u0105 podk\u0142adow\u0105 i nawierzchniow\u0105 w kolorze szarym-RAL7000. Dach ze spadem spadem na ty\u0142 (2,50m front \/ 2,20m ty\u0142). Poszycie stanowi powlekana blacha trapezowa. Poszycie \u015bcian oraz bram stanowi blacha o wysoko\u015bci trapezu T12, na dachu trapez T18. Kolor [&hellip;]","og_url":"http:\/\/kopia.garazyki.pl\/en\/producent\/tin-garages\/premium-garages\/garaz-premium-800x600\/","og_site_name":"Producent kontener\u00f3w biurowych, wiat \u015bmietnikowych, hal i gara\u017cy blaszanych","article_publisher":"https:\/\/www.facebook.com\/garazyki","article_modified_time":"2023-10-20T21:32:30+00:00","og_image":[{"width":740,"height":520,"url":"http:\/\/kopia.garazyki.pl\/wp-content\/uploads\/2022\/01\/81Min.jpg","type":"image\/jpeg"}],"twitter_card":"summary_large_image","twitter_misc":{"Est. reading time":"1 minute"},"schema":{"@context":"https:\/\/schema.org","@graph":[{"@type":"WebPage","@id":"http:\/\/kopia.garazyki.pl\/en\/producent\/tin-garages\/premium-garages\/garaz-premium-800x600\/","url":"http:\/\/kopia.garazyki.pl\/en\/producent\/tin-garages\/premium-garages\/garaz-premium-800x600\/","name":"Gara\u017c premium 8,00x6,00 - Producent kontener\u00f3w biurowych, wiat \u015bmietnikowych, hal i gara\u017cy blaszanych","isPartOf":{"@id":"https:\/\/kopia.garazyki.pl\/#website"},"datePublished":"2022-01-09T21:00:45+00:00","dateModified":"2023-10-20T21:32:30+00:00","breadcrumb":{"@id":"http:\/\/kopia.garazyki.pl\/en\/producent\/tin-garages\/premium-garages\/garaz-premium-800x600\/#breadcrumb"},"inLanguage":"en-US","potentialAction":[{"@type":"ReadAction","target":["http:\/\/kopia.garazyki.pl\/en\/producent\/tin-garages\/premium-garages\/garaz-premium-800x600\/"]}]},{"@type":"BreadcrumbList","@id":"http:\/\/kopia.garazyki.pl\/en\/producent\/tin-garages\/premium-garages\/garaz-premium-800x600\/#breadcrumb","itemListElement":[{"@type":"ListItem","position":1,"name":"Strona g\u0142\u00f3wna","item":"https:\/\/kopia.garazyki.pl\/en\/"},{"@type":"ListItem","position":2,"name":"Products","item":"http:\/\/kopia.garazyki.pl\/en\/shop\/"},{"@type":"ListItem","position":3,"name":"Gara\u017c premium 8,00&#215;6,00"}]},{"@type":"WebSite","@id":"https:\/\/kopia.garazyki.pl\/#website","url":"https:\/\/kopia.garazyki.pl\/","name":"Producent kontener\u00f3w biurowych, wiat \u015bmietnikowych, hal i gara\u017cy blaszanych","description":"Kontenery biurowe, wiaty \u015bmietnikowe, hale, gara\u017ce blaszane od producenta.","publisher":{"@id":"https:\/\/kopia.garazyki.pl\/#organization"},"potentialAction":[{"@type":"SearchAction","target":{"@type":"EntryPoint","urlTemplate":"https:\/\/kopia.garazyki.pl\/?s={search_term_string}"},"query-input":"required name=search_term_string"}],"inLanguage":"en-US"},{"@type":"Organization","@id":"https:\/\/kopia.garazyki.pl\/#organization","name":"Garazyki.pl Producent gara\u017cy i kontener\u00f3w biurowych i wiat","url":"https:\/\/kopia.garazyki.pl\/","logo":{"@type":"ImageObject","inLanguage":"en-US","@id":"https:\/\/kopia.garazyki.pl\/#\/schema\/logo\/image\/","url":"http:\/\/kopia.garazyki.pl\/wp-content\/uploads\/2022\/02\/logo_garazyki_pl.png","contentUrl":"http:\/\/kopia.garazyki.pl\/wp-content\/uploads\/2022\/02\/logo_garazyki_pl.png","width":120,"height":64,"caption":"Garazyki.pl Producent gara\u017cy i kontener\u00f3w biurowych i wiat"},"image":{"@id":"https:\/\/kopia.garazyki.pl\/#\/schema\/logo\/image\/"},"sameAs":["https:\/\/www.facebook.com\/garazyki","https:\/\/www.instagram.com\/garazyki.pl\/","https:\/\/www.linkedin.com\/company\/alicja-garazyki\/"]}]}},"_links":{"self":[{"href":"http:\/\/kopia.garazyki.pl\/en\/wp-json\/wp\/v2\/product\/100394"}],"collection":[{"href":"http:\/\/kopia.garazyki.pl\/en\/wp-json\/wp\/v2\/product"}],"about":[{"href":"http:\/\/kopia.garazyki.pl\/en\/wp-json\/wp\/v2\/types\/product"}],"replies":[{"embeddable":true,"href":"http:\/\/kopia.garazyki.pl\/en\/wp-json\/wp\/v2\/comments?post=100394"}],"wp:featuredmedia":[{"embeddable":true,"href":"http:\/\/kopia.garazyki.pl\/en\/wp-json\/wp\/v2\/media\/100399"}],"wp:attachment":[{"href":"http:\/\/kopia.garazyki.pl\/en\/wp-json\/wp\/v2\/media?parent=100394"}],"wp:term":[{"taxonomy":"product_cat","embeddable":true,"href":"http:\/\/kopia.garazyki.pl\/en\/wp-json\/wp\/v2\/product_cat?post=100394"},{"taxonomy":"product_tag","embeddable":true,"href":"http:\/\/kopia.garazyki.pl\/en\/wp-json\/wp\/v2\/product_tag?post=100394"}],"curies":[{"name":"wp","href":"https:\/\/api.w.org\/{rel}","templated":true}]}}