{"id":105105,"date":"2022-02-22T23:34:31","date_gmt":"2022-02-22T22:34:31","guid":{"rendered":"http:\/\/kopia.garazyki.pl\/producent\/unkategorisiert\/verzinkte-4x4-uberdachung-in-brauner-farbe\/"},"modified":"2022-03-17T12:22:38","modified_gmt":"2022-03-17T11:22:38","slug":"verzinkte-4x4-uberdachung-in-brauner-farbe","status":"publish","type":"product","link":"http:\/\/kopia.garazyki.pl\/de\/producent\/muellhaeuschen\/verzinkte-4x4-uberdachung-in-brauner-farbe\/","title":{"rendered":"VERZINKTE 4&#215;4 \u00dcBERDACHUNG IN BRAUNER FARBE"},"content":{"rendered":"<p lang=\"\"><span style=\"font-family: Arial, sans-serif;\"><span style=\"font-size: medium;\">Die Konstruktion wird auf Basis von geschlossenen und verzinkten Profilen hergestellt. Verkleidung der W\u00e4nde: Trapezblech T12 beschichtet in brauner Farbe, verzinktes Schwei\u00dfgitter, Verkleidung des Dachs: in braun beschichtetes Trapezblech T18. H\u00f6he vorn: 2,30m, mit einer nach hinten abfallenden Neigung: bis 2,10m. Kipptor mit Schloss an der Front und eine zus\u00e4tzliche Einzelt\u00fcr.<\/span><\/span><\/p>\n<p><span style=\"font-family: Times New Roman, serif;\"><span style=\"font-size: medium;\"><strong><span style=\"font-family: Arial, sans-serif;\">Merkmale der 4&#215;4-\u00dcberdachung mit verzinkter Konstruktion:<\/span><\/strong><\/span><\/span><\/p>\n<ul>\n<li>\n<p lang=\"\"><span style=\"font-family: Arial, sans-serif;\"><span style=\"font-size: medium;\">Raumbreite 4,0 m, Tiefe 4,0 m<\/span><\/span><\/p>\n<\/li>\n<li>\n<p lang=\"\"><span style=\"font-family: Arial, sans-serif;\"><span style=\"font-size: medium;\">Mittig angebrachtes 2 m breites Kipptor an der Frontwand<\/span><\/span><\/p>\n<\/li>\n<li>\n<p lang=\"\"><span style=\"font-family: Arial, sans-serif;\"><span style=\"font-size: medium;\">Die Konstruktion wird auf Basis von geschlossenen und verzinkten Profilen gefertigt.<\/span><\/span><\/p>\n<\/li>\n<li>\n<p lang=\"\"><span style=\"font-family: Arial, sans-serif;\"><span style=\"font-size: medium;\">Verkleidung: beschichtetes Blech<\/span><\/span><\/p>\n<\/li>\n<li>\n<p lang=\"\"><span style=\"font-family: Arial, sans-serif;\"><span style=\"font-size: medium;\">verzinktes Schwei\u00dfgitter<\/span><\/span><\/p>\n<\/li>\n<li>\n<p lang=\"\"><span style=\"font-family: Arial, sans-serif;\"><span style=\"font-size: medium;\">H\u00f6he vorn: 2,30m, mit einer nach hinten abfallenden Neigung: bis 2,10m<\/span><\/span><\/p>\n<\/li>\n<\/ul>\n","protected":false},"excerpt":{"rendered":"<p>Die Konstruktion wird auf Basis von geschlossenen und verzinkten Profilen hergestellt. Verkleidung der W\u00e4nde: Trapezblech T12 beschichtet in brauner Farbe, verzinktes Schwei\u00dfgitter, Verkleidung des Dachs: in braun beschichtetes Trapezblech T18. H\u00f6he vorn: 2,30m, mit einer nach hinten abfallenden Neigung: bis 2,10m. Kipptor mit Schloss an der Front und eine zus\u00e4tzliche Einzelt\u00fcr. Merkmale der 4&#215;4-\u00dcberdachung mit [&hellip;]<\/p>\n","protected":false},"featured_media":104403,"comment_status":"open","ping_status":"closed","template":"","meta":{"_et_pb_use_builder":"","_et_pb_old_content":"","_et_gb_content_width":""},"product_cat":[106],"product_tag":[],"yoast_head":"<!-- This site is optimized with the Yoast SEO plugin v21.6 - https:\/\/yoast.com\/wordpress\/plugins\/seo\/ -->\n<title>VERZINKTE 4x4 \u00dcBERDACHUNG IN BRAUNER FARBE - Producent kontener\u00f3w biurowych, wiat \u015bmietnikowych, hal i gara\u017cy blaszanych<\/title>\n<meta name=\"robots\" content=\"noindex, follow, max-snippet:-1, max-image-preview:large, max-video-preview:-1\" \/>\n<meta property=\"og:locale\" content=\"de_DE\" \/>\n<meta property=\"og:type\" content=\"article\" \/>\n<meta property=\"og:title\" content=\"VERZINKTE 4x4 \u00dcBERDACHUNG IN BRAUNER FARBE - Producent kontener\u00f3w biurowych, wiat \u015bmietnikowych, hal i gara\u017cy blaszanych\" \/>\n<meta property=\"og:description\" content=\"Die Konstruktion wird auf Basis von geschlossenen und verzinkten Profilen hergestellt. Verkleidung der W\u00e4nde: Trapezblech T12 beschichtet in brauner Farbe, verzinktes Schwei\u00dfgitter, Verkleidung des Dachs: in braun beschichtetes Trapezblech T18. H\u00f6he vorn: 2,30m, mit einer nach hinten abfallenden Neigung: bis 2,10m. Kipptor mit Schloss an der Front und eine zus\u00e4tzliche Einzelt\u00fcr. Merkmale der 4&#215;4-\u00dcberdachung mit [&hellip;]\" \/>\n<meta property=\"og:url\" content=\"http:\/\/kopia.garazyki.pl\/de\/producent\/muellhaeuschen\/verzinkte-4x4-uberdachung-in-brauner-farbe\/\" \/>\n<meta property=\"og:site_name\" content=\"Producent kontener\u00f3w biurowych, wiat \u015bmietnikowych, hal i gara\u017cy blaszanych\" \/>\n<meta property=\"article:publisher\" content=\"https:\/\/www.facebook.com\/garazyki\" \/>\n<meta property=\"article:modified_time\" content=\"2022-03-17T11:22:38+00:00\" \/>\n<meta property=\"og:image\" content=\"http:\/\/kopia.garazyki.pl\/wp-content\/uploads\/2022\/02\/0Wiata_ocynkowana_4x4_brazowa__1_.jpg\" \/>\n\t<meta property=\"og:image:width\" content=\"740\" \/>\n\t<meta property=\"og:image:height\" content=\"520\" \/>\n\t<meta property=\"og:image:type\" content=\"image\/jpeg\" \/>\n<meta name=\"twitter:card\" content=\"summary_large_image\" \/>\n<meta name=\"twitter:label1\" content=\"Gesch\u00e4tzte Lesezeit\" \/>\n\t<meta name=\"twitter:data1\" content=\"1 Minute\" \/>\n<script type=\"application\/ld+json\" class=\"yoast-schema-graph\">{\"@context\":\"https:\/\/schema.org\",\"@graph\":[{\"@type\":\"WebPage\",\"@id\":\"http:\/\/kopia.garazyki.pl\/de\/producent\/muellhaeuschen\/verzinkte-4x4-uberdachung-in-brauner-farbe\/\",\"url\":\"http:\/\/kopia.garazyki.pl\/de\/producent\/muellhaeuschen\/verzinkte-4x4-uberdachung-in-brauner-farbe\/\",\"name\":\"VERZINKTE 4x4 \u00dcBERDACHUNG IN BRAUNER FARBE - Producent kontener\u00f3w biurowych, wiat \u015bmietnikowych, hal i gara\u017cy blaszanych\",\"isPartOf\":{\"@id\":\"https:\/\/kopia.garazyki.pl\/#website\"},\"datePublished\":\"2022-02-22T22:34:31+00:00\",\"dateModified\":\"2022-03-17T11:22:38+00:00\",\"breadcrumb\":{\"@id\":\"http:\/\/kopia.garazyki.pl\/de\/producent\/muellhaeuschen\/verzinkte-4x4-uberdachung-in-brauner-farbe\/#breadcrumb\"},\"inLanguage\":\"de-DE\",\"potentialAction\":[{\"@type\":\"ReadAction\",\"target\":[\"http:\/\/kopia.garazyki.pl\/de\/producent\/muellhaeuschen\/verzinkte-4x4-uberdachung-in-brauner-farbe\/\"]}]},{\"@type\":\"BreadcrumbList\",\"@id\":\"http:\/\/kopia.garazyki.pl\/de\/producent\/muellhaeuschen\/verzinkte-4x4-uberdachung-in-brauner-farbe\/#breadcrumb\",\"itemListElement\":[{\"@type\":\"ListItem\",\"position\":1,\"name\":\"Strona g\u0142\u00f3wna\",\"item\":\"https:\/\/kopia.garazyki.pl\/de\/\"},{\"@type\":\"ListItem\",\"position\":2,\"name\":\"Produkte\",\"item\":\"http:\/\/kopia.garazyki.pl\/de\/shop\/\"},{\"@type\":\"ListItem\",\"position\":3,\"name\":\"VERZINKTE 4&#215;4 \u00dcBERDACHUNG IN BRAUNER FARBE\"}]},{\"@type\":\"WebSite\",\"@id\":\"https:\/\/kopia.garazyki.pl\/#website\",\"url\":\"https:\/\/kopia.garazyki.pl\/\",\"name\":\"Producent kontener\u00f3w biurowych, wiat \u015bmietnikowych, hal i gara\u017cy blaszanych\",\"description\":\"Kontenery biurowe, wiaty \u015bmietnikowe, hale, gara\u017ce blaszane od producenta.\",\"publisher\":{\"@id\":\"https:\/\/kopia.garazyki.pl\/#organization\"},\"potentialAction\":[{\"@type\":\"SearchAction\",\"target\":{\"@type\":\"EntryPoint\",\"urlTemplate\":\"https:\/\/kopia.garazyki.pl\/?s={search_term_string}\"},\"query-input\":\"required name=search_term_string\"}],\"inLanguage\":\"de-DE\"},{\"@type\":\"Organization\",\"@id\":\"https:\/\/kopia.garazyki.pl\/#organization\",\"name\":\"Garazyki.pl Producent gara\u017cy i kontener\u00f3w biurowych i wiat\",\"url\":\"https:\/\/kopia.garazyki.pl\/\",\"logo\":{\"@type\":\"ImageObject\",\"inLanguage\":\"de-DE\",\"@id\":\"https:\/\/kopia.garazyki.pl\/#\/schema\/logo\/image\/\",\"url\":\"http:\/\/kopia.garazyki.pl\/wp-content\/uploads\/2022\/02\/logo_garazyki_pl.png\",\"contentUrl\":\"http:\/\/kopia.garazyki.pl\/wp-content\/uploads\/2022\/02\/logo_garazyki_pl.png\",\"width\":120,\"height\":64,\"caption\":\"Garazyki.pl Producent gara\u017cy i kontener\u00f3w biurowych i wiat\"},\"image\":{\"@id\":\"https:\/\/kopia.garazyki.pl\/#\/schema\/logo\/image\/\"},\"sameAs\":[\"https:\/\/www.facebook.com\/garazyki\",\"https:\/\/www.instagram.com\/garazyki.pl\/\",\"https:\/\/www.linkedin.com\/company\/alicja-garazyki\/\"]}]}<\/script>\n<!-- \/ Yoast SEO plugin. -->","yoast_head_json":{"title":"VERZINKTE 4x4 \u00dcBERDACHUNG IN BRAUNER FARBE - Producent kontener\u00f3w biurowych, wiat \u015bmietnikowych, hal i gara\u017cy blaszanych","robots":{"index":"noindex","follow":"follow","max-snippet":"max-snippet:-1","max-image-preview":"max-image-preview:large","max-video-preview":"max-video-preview:-1"},"og_locale":"de_DE","og_type":"article","og_title":"VERZINKTE 4x4 \u00dcBERDACHUNG IN BRAUNER FARBE - Producent kontener\u00f3w biurowych, wiat \u015bmietnikowych, hal i gara\u017cy blaszanych","og_description":"Die Konstruktion wird auf Basis von geschlossenen und verzinkten Profilen hergestellt. Verkleidung der W\u00e4nde: Trapezblech T12 beschichtet in brauner Farbe, verzinktes Schwei\u00dfgitter, Verkleidung des Dachs: in braun beschichtetes Trapezblech T18. H\u00f6he vorn: 2,30m, mit einer nach hinten abfallenden Neigung: bis 2,10m. Kipptor mit Schloss an der Front und eine zus\u00e4tzliche Einzelt\u00fcr. Merkmale der 4&#215;4-\u00dcberdachung mit [&hellip;]","og_url":"http:\/\/kopia.garazyki.pl\/de\/producent\/muellhaeuschen\/verzinkte-4x4-uberdachung-in-brauner-farbe\/","og_site_name":"Producent kontener\u00f3w biurowych, wiat \u015bmietnikowych, hal i gara\u017cy blaszanych","article_publisher":"https:\/\/www.facebook.com\/garazyki","article_modified_time":"2022-03-17T11:22:38+00:00","og_image":[{"width":740,"height":520,"url":"http:\/\/kopia.garazyki.pl\/wp-content\/uploads\/2022\/02\/0Wiata_ocynkowana_4x4_brazowa__1_.jpg","type":"image\/jpeg"}],"twitter_card":"summary_large_image","twitter_misc":{"Gesch\u00e4tzte Lesezeit":"1 Minute"},"schema":{"@context":"https:\/\/schema.org","@graph":[{"@type":"WebPage","@id":"http:\/\/kopia.garazyki.pl\/de\/producent\/muellhaeuschen\/verzinkte-4x4-uberdachung-in-brauner-farbe\/","url":"http:\/\/kopia.garazyki.pl\/de\/producent\/muellhaeuschen\/verzinkte-4x4-uberdachung-in-brauner-farbe\/","name":"VERZINKTE 4x4 \u00dcBERDACHUNG IN BRAUNER FARBE - Producent kontener\u00f3w biurowych, wiat \u015bmietnikowych, hal i gara\u017cy blaszanych","isPartOf":{"@id":"https:\/\/kopia.garazyki.pl\/#website"},"datePublished":"2022-02-22T22:34:31+00:00","dateModified":"2022-03-17T11:22:38+00:00","breadcrumb":{"@id":"http:\/\/kopia.garazyki.pl\/de\/producent\/muellhaeuschen\/verzinkte-4x4-uberdachung-in-brauner-farbe\/#breadcrumb"},"inLanguage":"de-DE","potentialAction":[{"@type":"ReadAction","target":["http:\/\/kopia.garazyki.pl\/de\/producent\/muellhaeuschen\/verzinkte-4x4-uberdachung-in-brauner-farbe\/"]}]},{"@type":"BreadcrumbList","@id":"http:\/\/kopia.garazyki.pl\/de\/producent\/muellhaeuschen\/verzinkte-4x4-uberdachung-in-brauner-farbe\/#breadcrumb","itemListElement":[{"@type":"ListItem","position":1,"name":"Strona g\u0142\u00f3wna","item":"https:\/\/kopia.garazyki.pl\/de\/"},{"@type":"ListItem","position":2,"name":"Produkte","item":"http:\/\/kopia.garazyki.pl\/de\/shop\/"},{"@type":"ListItem","position":3,"name":"VERZINKTE 4&#215;4 \u00dcBERDACHUNG IN BRAUNER FARBE"}]},{"@type":"WebSite","@id":"https:\/\/kopia.garazyki.pl\/#website","url":"https:\/\/kopia.garazyki.pl\/","name":"Producent kontener\u00f3w biurowych, wiat \u015bmietnikowych, hal i gara\u017cy blaszanych","description":"Kontenery biurowe, wiaty \u015bmietnikowe, hale, gara\u017ce blaszane od producenta.","publisher":{"@id":"https:\/\/kopia.garazyki.pl\/#organization"},"potentialAction":[{"@type":"SearchAction","target":{"@type":"EntryPoint","urlTemplate":"https:\/\/kopia.garazyki.pl\/?s={search_term_string}"},"query-input":"required name=search_term_string"}],"inLanguage":"de-DE"},{"@type":"Organization","@id":"https:\/\/kopia.garazyki.pl\/#organization","name":"Garazyki.pl Producent gara\u017cy i kontener\u00f3w biurowych i wiat","url":"https:\/\/kopia.garazyki.pl\/","logo":{"@type":"ImageObject","inLanguage":"de-DE","@id":"https:\/\/kopia.garazyki.pl\/#\/schema\/logo\/image\/","url":"http:\/\/kopia.garazyki.pl\/wp-content\/uploads\/2022\/02\/logo_garazyki_pl.png","contentUrl":"http:\/\/kopia.garazyki.pl\/wp-content\/uploads\/2022\/02\/logo_garazyki_pl.png","width":120,"height":64,"caption":"Garazyki.pl Producent gara\u017cy i kontener\u00f3w biurowych i wiat"},"image":{"@id":"https:\/\/kopia.garazyki.pl\/#\/schema\/logo\/image\/"},"sameAs":["https:\/\/www.facebook.com\/garazyki","https:\/\/www.instagram.com\/garazyki.pl\/","https:\/\/www.linkedin.com\/company\/alicja-garazyki\/"]}]}},"_links":{"self":[{"href":"http:\/\/kopia.garazyki.pl\/de\/wp-json\/wp\/v2\/product\/105105"}],"collection":[{"href":"http:\/\/kopia.garazyki.pl\/de\/wp-json\/wp\/v2\/product"}],"about":[{"href":"http:\/\/kopia.garazyki.pl\/de\/wp-json\/wp\/v2\/types\/product"}],"replies":[{"embeddable":true,"href":"http:\/\/kopia.garazyki.pl\/de\/wp-json\/wp\/v2\/comments?post=105105"}],"wp:featuredmedia":[{"embeddable":true,"href":"http:\/\/kopia.garazyki.pl\/de\/wp-json\/wp\/v2\/media\/104403"}],"wp:attachment":[{"href":"http:\/\/kopia.garazyki.pl\/de\/wp-json\/wp\/v2\/media?parent=105105"}],"wp:term":[{"taxonomy":"product_cat","embeddable":true,"href":"http:\/\/kopia.garazyki.pl\/de\/wp-json\/wp\/v2\/product_cat?post=105105"},{"taxonomy":"product_tag","embeddable":true,"href":"http:\/\/kopia.garazyki.pl\/de\/wp-json\/wp\/v2\/product_tag?post=105105"}],"curies":[{"name":"wp","href":"https:\/\/api.w.org\/{rel}","templated":true}]}}