{"id":105050,"date":"2022-02-10T23:54:00","date_gmt":"2022-02-10T22:54:00","guid":{"rendered":"http:\/\/kopia.garazyki.pl\/producent\/unkategorisiert\/container-713-x-236\/"},"modified":"2022-02-10T23:54:00","modified_gmt":"2022-02-10T22:54:00","slug":"container-713-x-236","status":"publish","type":"product","link":"http:\/\/kopia.garazyki.pl\/de\/producent\/container\/buro-container\/container-713-x-236\/","title":{"rendered":"Container 7,13 x 2,36"},"content":{"rendered":"<p>Container mit den Ma\u00dfen 7,13m breit x 2,36m tief. Konstruktion aus Kant-und C-Profilen die gegen Korrosion gesichert und mit Strukturfarbe lackiert wurden. Beschichtung aus Sandwich-\/ Schichtplatten mit Styroporkern. Dach ist aus Platten in 15cm und die W\u00e4nde in 10cm St\u00e4rke in den Farbton Wei\u00df-RAL9002. In den Container wurde eine 90cm isollierte T\u00fcr und eine verglaste PVC T\u00fcr eingebaut. Der Container hat ein PVC Fenster das sich \u00f6ffnen und kippen l\u00e4\u00dft, eine Vitrine 170cm x 120cm und eine Vitrine mit einen Fenster das sich \u00d6ffnen und kippen l\u00e4\u00dft im Gesamtma\u00df von 220cmx120cm. Der Container ist mit eine Elektroinstallation ausgestattet( 2 Lichtschalter, 2 Deckenlampen, 2 Schuko Dosen, 1 Sicherungskasten und eine Au\u00dfendose). Im Container ist ein Raum abgetrennt wo sich ein Waschbecken und eine Toillete befinden. Au\u00dfen befindet sich ein Wasseranschlu\u00df. Im Container sind sechs L\u00fcftungsgitter eingebaut. Stahlblechbearbeitungen an den Ecken und Windabweisern und Regenrinnen in dem Farbton Blau-RAL5010.<\/p>\n<p><strong><span style=\"font-family: Arial, sans-serif;\">Eigenschaften des Containers 7,13 x 2,36:<\/span><\/strong><\/p>\n<ul>\n<li>Konstruktion aus Kantprofilen<\/li>\n<li>Stahlblechbearbeitungen an den Ecken und den Windabweisern<\/li>\n<li>Fenster und Vitrinnen aus PVC<\/li>\n<li>externer Wasseranschlu\u00df<\/li>\n<li>Elektroinstallation<\/li>\n<li>Sech L\u00fcftungsgitter<\/li>\n<\/ul>\n","protected":false},"excerpt":{"rendered":"<p>Container mit den Ma\u00dfen 7,13m breit x 2,36m tief. Konstruktion aus Kant-und C-Profilen die gegen Korrosion gesichert und mit Strukturfarbe lackiert wurden. Beschichtung aus Sandwich-\/ Schichtplatten mit Styroporkern. Dach ist aus Platten in 15cm und die W\u00e4nde in 10cm St\u00e4rke in den Farbton Wei\u00df-RAL9002. In den Container wurde eine 90cm isollierte T\u00fcr und eine verglaste [&hellip;]<\/p>\n","protected":false},"featured_media":103713,"comment_status":"open","ping_status":"closed","template":"","meta":{"_et_pb_use_builder":"","_et_pb_old_content":"","_et_gb_content_width":""},"product_cat":[94],"product_tag":[],"yoast_head":"<!-- This site is optimized with the Yoast SEO plugin v21.6 - https:\/\/yoast.com\/wordpress\/plugins\/seo\/ -->\n<title>Container 7,13 x 2,36 - Producent kontener\u00f3w biurowych, wiat \u015bmietnikowych, hal i gara\u017cy blaszanych<\/title>\n<meta name=\"robots\" content=\"noindex, follow, max-snippet:-1, max-image-preview:large, max-video-preview:-1\" \/>\n<meta property=\"og:locale\" content=\"de_DE\" \/>\n<meta property=\"og:type\" content=\"article\" \/>\n<meta property=\"og:title\" content=\"Container 7,13 x 2,36 - Producent kontener\u00f3w biurowych, wiat \u015bmietnikowych, hal i gara\u017cy blaszanych\" \/>\n<meta property=\"og:description\" content=\"Container mit den Ma\u00dfen 7,13m breit x 2,36m tief. Konstruktion aus Kant-und C-Profilen die gegen Korrosion gesichert und mit Strukturfarbe lackiert wurden. Beschichtung aus Sandwich-\/ Schichtplatten mit Styroporkern. Dach ist aus Platten in 15cm und die W\u00e4nde in 10cm St\u00e4rke in den Farbton Wei\u00df-RAL9002. In den Container wurde eine 90cm isollierte T\u00fcr und eine verglaste [&hellip;]\" \/>\n<meta property=\"og:url\" content=\"http:\/\/kopia.garazyki.pl\/de\/producent\/container\/buro-container\/container-713-x-236\/\" \/>\n<meta property=\"og:site_name\" content=\"Producent kontener\u00f3w biurowych, wiat \u015bmietnikowych, hal i gara\u017cy blaszanych\" \/>\n<meta property=\"article:publisher\" content=\"https:\/\/www.facebook.com\/garazyki\" \/>\n<meta property=\"og:image\" content=\"http:\/\/kopia.garazyki.pl\/wp-content\/uploads\/2022\/02\/0Kontener_713_x_236__min_.jpg\" \/>\n\t<meta property=\"og:image:width\" content=\"740\" \/>\n\t<meta property=\"og:image:height\" content=\"520\" \/>\n\t<meta property=\"og:image:type\" content=\"image\/jpeg\" \/>\n<meta name=\"twitter:card\" content=\"summary_large_image\" \/>\n<meta name=\"twitter:label1\" content=\"Gesch\u00e4tzte Lesezeit\" \/>\n\t<meta name=\"twitter:data1\" content=\"1 Minute\" \/>\n<script type=\"application\/ld+json\" class=\"yoast-schema-graph\">{\"@context\":\"https:\/\/schema.org\",\"@graph\":[{\"@type\":\"WebPage\",\"@id\":\"http:\/\/kopia.garazyki.pl\/de\/producent\/container\/buro-container\/container-713-x-236\/\",\"url\":\"http:\/\/kopia.garazyki.pl\/de\/producent\/container\/buro-container\/container-713-x-236\/\",\"name\":\"Container 7,13 x 2,36 - Producent kontener\u00f3w biurowych, wiat \u015bmietnikowych, hal i gara\u017cy blaszanych\",\"isPartOf\":{\"@id\":\"https:\/\/kopia.garazyki.pl\/#website\"},\"datePublished\":\"2022-02-10T22:54:00+00:00\",\"dateModified\":\"2022-02-10T22:54:00+00:00\",\"breadcrumb\":{\"@id\":\"http:\/\/kopia.garazyki.pl\/de\/producent\/container\/buro-container\/container-713-x-236\/#breadcrumb\"},\"inLanguage\":\"de-DE\",\"potentialAction\":[{\"@type\":\"ReadAction\",\"target\":[\"http:\/\/kopia.garazyki.pl\/de\/producent\/container\/buro-container\/container-713-x-236\/\"]}]},{\"@type\":\"BreadcrumbList\",\"@id\":\"http:\/\/kopia.garazyki.pl\/de\/producent\/container\/buro-container\/container-713-x-236\/#breadcrumb\",\"itemListElement\":[{\"@type\":\"ListItem\",\"position\":1,\"name\":\"Strona g\u0142\u00f3wna\",\"item\":\"https:\/\/kopia.garazyki.pl\/de\/\"},{\"@type\":\"ListItem\",\"position\":2,\"name\":\"Produkte\",\"item\":\"http:\/\/kopia.garazyki.pl\/de\/shop\/\"},{\"@type\":\"ListItem\",\"position\":3,\"name\":\"Container 7,13 x 2,36\"}]},{\"@type\":\"WebSite\",\"@id\":\"https:\/\/kopia.garazyki.pl\/#website\",\"url\":\"https:\/\/kopia.garazyki.pl\/\",\"name\":\"Producent kontener\u00f3w biurowych, wiat \u015bmietnikowych, hal i gara\u017cy blaszanych\",\"description\":\"Kontenery biurowe, wiaty \u015bmietnikowe, hale, gara\u017ce blaszane od producenta.\",\"publisher\":{\"@id\":\"https:\/\/kopia.garazyki.pl\/#organization\"},\"potentialAction\":[{\"@type\":\"SearchAction\",\"target\":{\"@type\":\"EntryPoint\",\"urlTemplate\":\"https:\/\/kopia.garazyki.pl\/?s={search_term_string}\"},\"query-input\":\"required name=search_term_string\"}],\"inLanguage\":\"de-DE\"},{\"@type\":\"Organization\",\"@id\":\"https:\/\/kopia.garazyki.pl\/#organization\",\"name\":\"Garazyki.pl Producent gara\u017cy i kontener\u00f3w biurowych i wiat\",\"url\":\"https:\/\/kopia.garazyki.pl\/\",\"logo\":{\"@type\":\"ImageObject\",\"inLanguage\":\"de-DE\",\"@id\":\"https:\/\/kopia.garazyki.pl\/#\/schema\/logo\/image\/\",\"url\":\"http:\/\/kopia.garazyki.pl\/wp-content\/uploads\/2022\/02\/logo_garazyki_pl.png\",\"contentUrl\":\"http:\/\/kopia.garazyki.pl\/wp-content\/uploads\/2022\/02\/logo_garazyki_pl.png\",\"width\":120,\"height\":64,\"caption\":\"Garazyki.pl Producent gara\u017cy i kontener\u00f3w biurowych i wiat\"},\"image\":{\"@id\":\"https:\/\/kopia.garazyki.pl\/#\/schema\/logo\/image\/\"},\"sameAs\":[\"https:\/\/www.facebook.com\/garazyki\",\"https:\/\/www.instagram.com\/garazyki.pl\/\",\"https:\/\/www.linkedin.com\/company\/alicja-garazyki\/\"]}]}<\/script>\n<!-- \/ Yoast SEO plugin. -->","yoast_head_json":{"title":"Container 7,13 x 2,36 - Producent kontener\u00f3w biurowych, wiat \u015bmietnikowych, hal i gara\u017cy blaszanych","robots":{"index":"noindex","follow":"follow","max-snippet":"max-snippet:-1","max-image-preview":"max-image-preview:large","max-video-preview":"max-video-preview:-1"},"og_locale":"de_DE","og_type":"article","og_title":"Container 7,13 x 2,36 - Producent kontener\u00f3w biurowych, wiat \u015bmietnikowych, hal i gara\u017cy blaszanych","og_description":"Container mit den Ma\u00dfen 7,13m breit x 2,36m tief. Konstruktion aus Kant-und C-Profilen die gegen Korrosion gesichert und mit Strukturfarbe lackiert wurden. Beschichtung aus Sandwich-\/ Schichtplatten mit Styroporkern. Dach ist aus Platten in 15cm und die W\u00e4nde in 10cm St\u00e4rke in den Farbton Wei\u00df-RAL9002. In den Container wurde eine 90cm isollierte T\u00fcr und eine verglaste [&hellip;]","og_url":"http:\/\/kopia.garazyki.pl\/de\/producent\/container\/buro-container\/container-713-x-236\/","og_site_name":"Producent kontener\u00f3w biurowych, wiat \u015bmietnikowych, hal i gara\u017cy blaszanych","article_publisher":"https:\/\/www.facebook.com\/garazyki","og_image":[{"width":740,"height":520,"url":"http:\/\/kopia.garazyki.pl\/wp-content\/uploads\/2022\/02\/0Kontener_713_x_236__min_.jpg","type":"image\/jpeg"}],"twitter_card":"summary_large_image","twitter_misc":{"Gesch\u00e4tzte Lesezeit":"1 Minute"},"schema":{"@context":"https:\/\/schema.org","@graph":[{"@type":"WebPage","@id":"http:\/\/kopia.garazyki.pl\/de\/producent\/container\/buro-container\/container-713-x-236\/","url":"http:\/\/kopia.garazyki.pl\/de\/producent\/container\/buro-container\/container-713-x-236\/","name":"Container 7,13 x 2,36 - Producent kontener\u00f3w biurowych, wiat \u015bmietnikowych, hal i gara\u017cy blaszanych","isPartOf":{"@id":"https:\/\/kopia.garazyki.pl\/#website"},"datePublished":"2022-02-10T22:54:00+00:00","dateModified":"2022-02-10T22:54:00+00:00","breadcrumb":{"@id":"http:\/\/kopia.garazyki.pl\/de\/producent\/container\/buro-container\/container-713-x-236\/#breadcrumb"},"inLanguage":"de-DE","potentialAction":[{"@type":"ReadAction","target":["http:\/\/kopia.garazyki.pl\/de\/producent\/container\/buro-container\/container-713-x-236\/"]}]},{"@type":"BreadcrumbList","@id":"http:\/\/kopia.garazyki.pl\/de\/producent\/container\/buro-container\/container-713-x-236\/#breadcrumb","itemListElement":[{"@type":"ListItem","position":1,"name":"Strona g\u0142\u00f3wna","item":"https:\/\/kopia.garazyki.pl\/de\/"},{"@type":"ListItem","position":2,"name":"Produkte","item":"http:\/\/kopia.garazyki.pl\/de\/shop\/"},{"@type":"ListItem","position":3,"name":"Container 7,13 x 2,36"}]},{"@type":"WebSite","@id":"https:\/\/kopia.garazyki.pl\/#website","url":"https:\/\/kopia.garazyki.pl\/","name":"Producent kontener\u00f3w biurowych, wiat \u015bmietnikowych, hal i gara\u017cy blaszanych","description":"Kontenery biurowe, wiaty \u015bmietnikowe, hale, gara\u017ce blaszane od producenta.","publisher":{"@id":"https:\/\/kopia.garazyki.pl\/#organization"},"potentialAction":[{"@type":"SearchAction","target":{"@type":"EntryPoint","urlTemplate":"https:\/\/kopia.garazyki.pl\/?s={search_term_string}"},"query-input":"required name=search_term_string"}],"inLanguage":"de-DE"},{"@type":"Organization","@id":"https:\/\/kopia.garazyki.pl\/#organization","name":"Garazyki.pl Producent gara\u017cy i kontener\u00f3w biurowych i wiat","url":"https:\/\/kopia.garazyki.pl\/","logo":{"@type":"ImageObject","inLanguage":"de-DE","@id":"https:\/\/kopia.garazyki.pl\/#\/schema\/logo\/image\/","url":"http:\/\/kopia.garazyki.pl\/wp-content\/uploads\/2022\/02\/logo_garazyki_pl.png","contentUrl":"http:\/\/kopia.garazyki.pl\/wp-content\/uploads\/2022\/02\/logo_garazyki_pl.png","width":120,"height":64,"caption":"Garazyki.pl Producent gara\u017cy i kontener\u00f3w biurowych i wiat"},"image":{"@id":"https:\/\/kopia.garazyki.pl\/#\/schema\/logo\/image\/"},"sameAs":["https:\/\/www.facebook.com\/garazyki","https:\/\/www.instagram.com\/garazyki.pl\/","https:\/\/www.linkedin.com\/company\/alicja-garazyki\/"]}]}},"_links":{"self":[{"href":"http:\/\/kopia.garazyki.pl\/de\/wp-json\/wp\/v2\/product\/105050"}],"collection":[{"href":"http:\/\/kopia.garazyki.pl\/de\/wp-json\/wp\/v2\/product"}],"about":[{"href":"http:\/\/kopia.garazyki.pl\/de\/wp-json\/wp\/v2\/types\/product"}],"replies":[{"embeddable":true,"href":"http:\/\/kopia.garazyki.pl\/de\/wp-json\/wp\/v2\/comments?post=105050"}],"wp:featuredmedia":[{"embeddable":true,"href":"http:\/\/kopia.garazyki.pl\/de\/wp-json\/wp\/v2\/media\/103713"}],"wp:attachment":[{"href":"http:\/\/kopia.garazyki.pl\/de\/wp-json\/wp\/v2\/media?parent=105050"}],"wp:term":[{"taxonomy":"product_cat","embeddable":true,"href":"http:\/\/kopia.garazyki.pl\/de\/wp-json\/wp\/v2\/product_cat?post=105050"},{"taxonomy":"product_tag","embeddable":true,"href":"http:\/\/kopia.garazyki.pl\/de\/wp-json\/wp\/v2\/product_tag?post=105050"}],"curies":[{"name":"wp","href":"https:\/\/api.w.org\/{rel}","templated":true}]}}