{"id":105048,"date":"2022-02-10T21:30:57","date_gmt":"2022-02-10T20:30:57","guid":{"rendered":"http:\/\/kopia.garazyki.pl\/producent\/unkategorisiert\/container-400-x-200-2\/"},"modified":"2022-02-10T21:30:57","modified_gmt":"2022-02-10T20:30:57","slug":"container-400-x-200-2","status":"publish","type":"product","link":"http:\/\/kopia.garazyki.pl\/de\/producent\/container\/buro-container\/container-400-x-200-2\/","title":{"rendered":"Container 4,00 x 2,00"},"content":{"rendered":"<p>Container mit den Ma\u00dfen 4,00m Breite x 2,00m Tiefe wurde aus Kant-und C-Profilen hergestellt, gegen Rost gesichert und mit Strukturfarbe in dem Farbton Blau-RAL5010 lackiert. Beschichtung aus Sandwich-\/Schichtplatten mit Styroporkern in der Sta\u00e4rke 75mm und silbernen Farbton RAL9006. Ausgestattet mit einer Stahlt\u00fcr und einem PVC Fenster, das sich \u00f6ffnen und kippen l\u00e4\u00dft. Zus\u00e4tzlich eine Au\u00dfenjallousie im Farbton silber-RAL9006. Ausgestattet ist der Container mit einer Elektroinstallation(Au\u00dfenanschlu\u00df 230V, Sicherungkasten, zwei einzell Schuko dosen, Deckenlampe und ein Lichtschalter). Das ganze ist an den Ecken und den Windabweisern mit Stahlbechen im silbernen Farbton-RAL5010 bearbeitet.<\/p>\n<p><strong><span style=\"font-family: Arial, sans-serif;\">Eigenschaften des Containers 4,00 x 2,00:<\/span><\/strong><\/p>\n<ul>\n<li>Konstruktion aus Kant- und C-Profilen<\/li>\n<li>Stahlblechbearbeitungen an den Ecken und Windabweisern<\/li>\n<li>PVC Fenster mit Vitrine<\/li>\n<li>Elektroinstallation<\/li>\n<\/ul>\n","protected":false},"excerpt":{"rendered":"<p>Container mit den Ma\u00dfen 4,00m Breite x 2,00m Tiefe wurde aus Kant-und C-Profilen hergestellt, gegen Rost gesichert und mit Strukturfarbe in dem Farbton Blau-RAL5010 lackiert. Beschichtung aus Sandwich-\/Schichtplatten mit Styroporkern in der Sta\u00e4rke 75mm und silbernen Farbton RAL9006. Ausgestattet mit einer Stahlt\u00fcr und einem PVC Fenster, das sich \u00f6ffnen und kippen l\u00e4\u00dft. Zus\u00e4tzlich eine Au\u00dfenjallousie [&hellip;]<\/p>\n","protected":false},"featured_media":103684,"comment_status":"open","ping_status":"closed","template":"","meta":{"_et_pb_use_builder":"","_et_pb_old_content":"","_et_gb_content_width":""},"product_cat":[94],"product_tag":[],"yoast_head":"<!-- This site is optimized with the Yoast SEO plugin v21.6 - https:\/\/yoast.com\/wordpress\/plugins\/seo\/ -->\n<title>Container 4,00 x 2,00 - Producent kontener\u00f3w biurowych, wiat \u015bmietnikowych, hal i gara\u017cy blaszanych<\/title>\n<meta name=\"robots\" content=\"noindex, follow, max-snippet:-1, max-image-preview:large, max-video-preview:-1\" \/>\n<meta property=\"og:locale\" content=\"de_DE\" \/>\n<meta property=\"og:type\" content=\"article\" \/>\n<meta property=\"og:title\" content=\"Container 4,00 x 2,00 - Producent kontener\u00f3w biurowych, wiat \u015bmietnikowych, hal i gara\u017cy blaszanych\" \/>\n<meta property=\"og:description\" content=\"Container mit den Ma\u00dfen 4,00m Breite x 2,00m Tiefe wurde aus Kant-und C-Profilen hergestellt, gegen Rost gesichert und mit Strukturfarbe in dem Farbton Blau-RAL5010 lackiert. Beschichtung aus Sandwich-\/Schichtplatten mit Styroporkern in der Sta\u00e4rke 75mm und silbernen Farbton RAL9006. Ausgestattet mit einer Stahlt\u00fcr und einem PVC Fenster, das sich \u00f6ffnen und kippen l\u00e4\u00dft. Zus\u00e4tzlich eine Au\u00dfenjallousie [&hellip;]\" \/>\n<meta property=\"og:url\" content=\"http:\/\/kopia.garazyki.pl\/de\/producent\/container\/buro-container\/container-400-x-200-2\/\" \/>\n<meta property=\"og:site_name\" content=\"Producent kontener\u00f3w biurowych, wiat \u015bmietnikowych, hal i gara\u017cy blaszanych\" \/>\n<meta property=\"article:publisher\" content=\"https:\/\/www.facebook.com\/garazyki\" \/>\n<meta property=\"og:image\" content=\"http:\/\/kopia.garazyki.pl\/wp-content\/uploads\/2022\/02\/63Min.jpg\" \/>\n\t<meta property=\"og:image:width\" content=\"740\" \/>\n\t<meta property=\"og:image:height\" content=\"520\" \/>\n\t<meta property=\"og:image:type\" content=\"image\/jpeg\" \/>\n<meta name=\"twitter:card\" content=\"summary_large_image\" \/>\n<meta name=\"twitter:label1\" content=\"Gesch\u00e4tzte Lesezeit\" \/>\n\t<meta name=\"twitter:data1\" content=\"1 Minute\" \/>\n<script type=\"application\/ld+json\" class=\"yoast-schema-graph\">{\"@context\":\"https:\/\/schema.org\",\"@graph\":[{\"@type\":\"WebPage\",\"@id\":\"http:\/\/kopia.garazyki.pl\/de\/producent\/container\/buro-container\/container-400-x-200-2\/\",\"url\":\"http:\/\/kopia.garazyki.pl\/de\/producent\/container\/buro-container\/container-400-x-200-2\/\",\"name\":\"Container 4,00 x 2,00 - Producent kontener\u00f3w biurowych, wiat \u015bmietnikowych, hal i gara\u017cy blaszanych\",\"isPartOf\":{\"@id\":\"https:\/\/kopia.garazyki.pl\/#website\"},\"datePublished\":\"2022-02-10T20:30:57+00:00\",\"dateModified\":\"2022-02-10T20:30:57+00:00\",\"breadcrumb\":{\"@id\":\"http:\/\/kopia.garazyki.pl\/de\/producent\/container\/buro-container\/container-400-x-200-2\/#breadcrumb\"},\"inLanguage\":\"de-DE\",\"potentialAction\":[{\"@type\":\"ReadAction\",\"target\":[\"http:\/\/kopia.garazyki.pl\/de\/producent\/container\/buro-container\/container-400-x-200-2\/\"]}]},{\"@type\":\"BreadcrumbList\",\"@id\":\"http:\/\/kopia.garazyki.pl\/de\/producent\/container\/buro-container\/container-400-x-200-2\/#breadcrumb\",\"itemListElement\":[{\"@type\":\"ListItem\",\"position\":1,\"name\":\"Strona g\u0142\u00f3wna\",\"item\":\"https:\/\/kopia.garazyki.pl\/de\/\"},{\"@type\":\"ListItem\",\"position\":2,\"name\":\"Produkte\",\"item\":\"http:\/\/kopia.garazyki.pl\/de\/shop\/\"},{\"@type\":\"ListItem\",\"position\":3,\"name\":\"Container 4,00 x 2,00\"}]},{\"@type\":\"WebSite\",\"@id\":\"https:\/\/kopia.garazyki.pl\/#website\",\"url\":\"https:\/\/kopia.garazyki.pl\/\",\"name\":\"Producent kontener\u00f3w biurowych, wiat \u015bmietnikowych, hal i gara\u017cy blaszanych\",\"description\":\"Kontenery biurowe, wiaty \u015bmietnikowe, hale, gara\u017ce blaszane od producenta.\",\"publisher\":{\"@id\":\"https:\/\/kopia.garazyki.pl\/#organization\"},\"potentialAction\":[{\"@type\":\"SearchAction\",\"target\":{\"@type\":\"EntryPoint\",\"urlTemplate\":\"https:\/\/kopia.garazyki.pl\/?s={search_term_string}\"},\"query-input\":\"required name=search_term_string\"}],\"inLanguage\":\"de-DE\"},{\"@type\":\"Organization\",\"@id\":\"https:\/\/kopia.garazyki.pl\/#organization\",\"name\":\"Garazyki.pl Producent gara\u017cy i kontener\u00f3w biurowych i wiat\",\"url\":\"https:\/\/kopia.garazyki.pl\/\",\"logo\":{\"@type\":\"ImageObject\",\"inLanguage\":\"de-DE\",\"@id\":\"https:\/\/kopia.garazyki.pl\/#\/schema\/logo\/image\/\",\"url\":\"http:\/\/kopia.garazyki.pl\/wp-content\/uploads\/2022\/02\/logo_garazyki_pl.png\",\"contentUrl\":\"http:\/\/kopia.garazyki.pl\/wp-content\/uploads\/2022\/02\/logo_garazyki_pl.png\",\"width\":120,\"height\":64,\"caption\":\"Garazyki.pl Producent gara\u017cy i kontener\u00f3w biurowych i wiat\"},\"image\":{\"@id\":\"https:\/\/kopia.garazyki.pl\/#\/schema\/logo\/image\/\"},\"sameAs\":[\"https:\/\/www.facebook.com\/garazyki\",\"https:\/\/www.instagram.com\/garazyki.pl\/\",\"https:\/\/www.linkedin.com\/company\/alicja-garazyki\/\"]}]}<\/script>\n<!-- \/ Yoast SEO plugin. -->","yoast_head_json":{"title":"Container 4,00 x 2,00 - Producent kontener\u00f3w biurowych, wiat \u015bmietnikowych, hal i gara\u017cy blaszanych","robots":{"index":"noindex","follow":"follow","max-snippet":"max-snippet:-1","max-image-preview":"max-image-preview:large","max-video-preview":"max-video-preview:-1"},"og_locale":"de_DE","og_type":"article","og_title":"Container 4,00 x 2,00 - Producent kontener\u00f3w biurowych, wiat \u015bmietnikowych, hal i gara\u017cy blaszanych","og_description":"Container mit den Ma\u00dfen 4,00m Breite x 2,00m Tiefe wurde aus Kant-und C-Profilen hergestellt, gegen Rost gesichert und mit Strukturfarbe in dem Farbton Blau-RAL5010 lackiert. Beschichtung aus Sandwich-\/Schichtplatten mit Styroporkern in der Sta\u00e4rke 75mm und silbernen Farbton RAL9006. Ausgestattet mit einer Stahlt\u00fcr und einem PVC Fenster, das sich \u00f6ffnen und kippen l\u00e4\u00dft. Zus\u00e4tzlich eine Au\u00dfenjallousie [&hellip;]","og_url":"http:\/\/kopia.garazyki.pl\/de\/producent\/container\/buro-container\/container-400-x-200-2\/","og_site_name":"Producent kontener\u00f3w biurowych, wiat \u015bmietnikowych, hal i gara\u017cy blaszanych","article_publisher":"https:\/\/www.facebook.com\/garazyki","og_image":[{"width":740,"height":520,"url":"http:\/\/kopia.garazyki.pl\/wp-content\/uploads\/2022\/02\/63Min.jpg","type":"image\/jpeg"}],"twitter_card":"summary_large_image","twitter_misc":{"Gesch\u00e4tzte Lesezeit":"1 Minute"},"schema":{"@context":"https:\/\/schema.org","@graph":[{"@type":"WebPage","@id":"http:\/\/kopia.garazyki.pl\/de\/producent\/container\/buro-container\/container-400-x-200-2\/","url":"http:\/\/kopia.garazyki.pl\/de\/producent\/container\/buro-container\/container-400-x-200-2\/","name":"Container 4,00 x 2,00 - Producent kontener\u00f3w biurowych, wiat \u015bmietnikowych, hal i gara\u017cy blaszanych","isPartOf":{"@id":"https:\/\/kopia.garazyki.pl\/#website"},"datePublished":"2022-02-10T20:30:57+00:00","dateModified":"2022-02-10T20:30:57+00:00","breadcrumb":{"@id":"http:\/\/kopia.garazyki.pl\/de\/producent\/container\/buro-container\/container-400-x-200-2\/#breadcrumb"},"inLanguage":"de-DE","potentialAction":[{"@type":"ReadAction","target":["http:\/\/kopia.garazyki.pl\/de\/producent\/container\/buro-container\/container-400-x-200-2\/"]}]},{"@type":"BreadcrumbList","@id":"http:\/\/kopia.garazyki.pl\/de\/producent\/container\/buro-container\/container-400-x-200-2\/#breadcrumb","itemListElement":[{"@type":"ListItem","position":1,"name":"Strona g\u0142\u00f3wna","item":"https:\/\/kopia.garazyki.pl\/de\/"},{"@type":"ListItem","position":2,"name":"Produkte","item":"http:\/\/kopia.garazyki.pl\/de\/shop\/"},{"@type":"ListItem","position":3,"name":"Container 4,00 x 2,00"}]},{"@type":"WebSite","@id":"https:\/\/kopia.garazyki.pl\/#website","url":"https:\/\/kopia.garazyki.pl\/","name":"Producent kontener\u00f3w biurowych, wiat \u015bmietnikowych, hal i gara\u017cy blaszanych","description":"Kontenery biurowe, wiaty \u015bmietnikowe, hale, gara\u017ce blaszane od producenta.","publisher":{"@id":"https:\/\/kopia.garazyki.pl\/#organization"},"potentialAction":[{"@type":"SearchAction","target":{"@type":"EntryPoint","urlTemplate":"https:\/\/kopia.garazyki.pl\/?s={search_term_string}"},"query-input":"required name=search_term_string"}],"inLanguage":"de-DE"},{"@type":"Organization","@id":"https:\/\/kopia.garazyki.pl\/#organization","name":"Garazyki.pl Producent gara\u017cy i kontener\u00f3w biurowych i wiat","url":"https:\/\/kopia.garazyki.pl\/","logo":{"@type":"ImageObject","inLanguage":"de-DE","@id":"https:\/\/kopia.garazyki.pl\/#\/schema\/logo\/image\/","url":"http:\/\/kopia.garazyki.pl\/wp-content\/uploads\/2022\/02\/logo_garazyki_pl.png","contentUrl":"http:\/\/kopia.garazyki.pl\/wp-content\/uploads\/2022\/02\/logo_garazyki_pl.png","width":120,"height":64,"caption":"Garazyki.pl Producent gara\u017cy i kontener\u00f3w biurowych i wiat"},"image":{"@id":"https:\/\/kopia.garazyki.pl\/#\/schema\/logo\/image\/"},"sameAs":["https:\/\/www.facebook.com\/garazyki","https:\/\/www.instagram.com\/garazyki.pl\/","https:\/\/www.linkedin.com\/company\/alicja-garazyki\/"]}]}},"_links":{"self":[{"href":"http:\/\/kopia.garazyki.pl\/de\/wp-json\/wp\/v2\/product\/105048"}],"collection":[{"href":"http:\/\/kopia.garazyki.pl\/de\/wp-json\/wp\/v2\/product"}],"about":[{"href":"http:\/\/kopia.garazyki.pl\/de\/wp-json\/wp\/v2\/types\/product"}],"replies":[{"embeddable":true,"href":"http:\/\/kopia.garazyki.pl\/de\/wp-json\/wp\/v2\/comments?post=105048"}],"wp:featuredmedia":[{"embeddable":true,"href":"http:\/\/kopia.garazyki.pl\/de\/wp-json\/wp\/v2\/media\/103684"}],"wp:attachment":[{"href":"http:\/\/kopia.garazyki.pl\/de\/wp-json\/wp\/v2\/media?parent=105048"}],"wp:term":[{"taxonomy":"product_cat","embeddable":true,"href":"http:\/\/kopia.garazyki.pl\/de\/wp-json\/wp\/v2\/product_cat?post=105048"},{"taxonomy":"product_tag","embeddable":true,"href":"http:\/\/kopia.garazyki.pl\/de\/wp-json\/wp\/v2\/product_tag?post=105048"}],"curies":[{"name":"wp","href":"https:\/\/api.w.org\/{rel}","templated":true}]}}