{"id":105038,"date":"2022-02-28T22:59:59","date_gmt":"2022-02-28T21:59:59","guid":{"rendered":"http:\/\/kopia.garazyki.pl\/producent\/unkategorisiert\/garage-warmeisolliert-4x6-mit-autoantrieb\/"},"modified":"2022-02-28T22:59:59","modified_gmt":"2022-02-28T21:59:59","slug":"garage-warmeisolliert-4x6-mit-autoantrieb","status":"publish","type":"product","link":"http:\/\/kopia.garazyki.pl\/de\/producent\/warmeisollierte-garagen\/garage-warmeisolliert-4x6-mit-autoantrieb\/","title":{"rendered":"Garage w\u00e4rmeisolliert 4&#215;6 mit Autoantrieb"},"content":{"rendered":"<p>Isolierte Garage, 4 m breit, 6,0 m tief, 2,3 \/ 2,0 m hoch mit einem Sturz nach hinten. Die Konstruktion besteht aus geschlossenen Profilen, pulverbeschichtet. Der Rahmen der Struktur wird geschwei\u00dft und dann mit Bolzen und Schrauben zusammengeschraubt. Die Ummantelung besteht aus einer 75-mm-Sandwichplatte mit einem Polystyrolkern. Innen wei\u00dfes Blech, au\u00dfen Blech in den Farben der RAL-Palette. Die Struktur hat ein L\u00fcftungsgitter.\u00a0 Garage mit Fl\u00fcgeltor ausgestattet (m\u00f6gliche Installation eines Laufwerks zum Anheben des Tors).Ecken und Windabweiser mit Blechen bearbeitet.<\/p>\n<p><strong>Eigenschaften 4&#215;6:<\/strong><\/p>\n<div>\n<ul>\n<li>Schlo\u00df mit zwei Punkt Verriegelung<\/li>\n<li>Tore perfekt ausgewogen<\/li>\n<li>Sandwichplatten auf dem Dach mit der Konstruktion verschraubt<\/li>\n<li>an den W\u00e4nden Sandwichplatten mit Styroporkern in der St\u00e4rke von 75mm<\/li>\n<li>Fronth\u00f6he 2, 30 m, R\u00fcckenh\u00f6he 2,00 m<\/li>\n<li>Automatikantrieb mit zwei Fernbedienungen<\/li>\n<\/ul>\n<\/div>\n","protected":false},"excerpt":{"rendered":"<p>Isolierte Garage, 4 m breit, 6,0 m tief, 2,3 \/ 2,0 m hoch mit einem Sturz nach hinten. Die Konstruktion besteht aus geschlossenen Profilen, pulverbeschichtet. Der Rahmen der Struktur wird geschwei\u00dft und dann mit Bolzen und Schrauben zusammengeschraubt. Die Ummantelung besteht aus einer 75-mm-Sandwichplatte mit einem Polystyrolkern. Innen wei\u00dfes Blech, au\u00dfen Blech in den Farben [&hellip;]<\/p>\n","protected":false},"featured_media":104833,"comment_status":"open","ping_status":"closed","template":"","meta":{"_et_pb_use_builder":"","_et_pb_old_content":"","_et_gb_content_width":""},"product_cat":[92],"product_tag":[],"yoast_head":"<!-- This site is optimized with the Yoast SEO plugin v21.6 - https:\/\/yoast.com\/wordpress\/plugins\/seo\/ -->\n<title>Garage w\u00e4rmeisolliert 4x6 mit Autoantrieb - Producent kontener\u00f3w biurowych, wiat \u015bmietnikowych, hal i gara\u017cy blaszanych<\/title>\n<meta name=\"robots\" content=\"noindex, follow, max-snippet:-1, max-image-preview:large, max-video-preview:-1\" \/>\n<meta property=\"og:locale\" content=\"de_DE\" \/>\n<meta property=\"og:type\" content=\"article\" \/>\n<meta property=\"og:title\" content=\"Garage w\u00e4rmeisolliert 4x6 mit Autoantrieb - Producent kontener\u00f3w biurowych, wiat \u015bmietnikowych, hal i gara\u017cy blaszanych\" \/>\n<meta property=\"og:description\" content=\"Isolierte Garage, 4 m breit, 6,0 m tief, 2,3 \/ 2,0 m hoch mit einem Sturz nach hinten. Die Konstruktion besteht aus geschlossenen Profilen, pulverbeschichtet. Der Rahmen der Struktur wird geschwei\u00dft und dann mit Bolzen und Schrauben zusammengeschraubt. Die Ummantelung besteht aus einer 75-mm-Sandwichplatte mit einem Polystyrolkern. Innen wei\u00dfes Blech, au\u00dfen Blech in den Farben [&hellip;]\" \/>\n<meta property=\"og:url\" content=\"http:\/\/kopia.garazyki.pl\/de\/producent\/warmeisollierte-garagen\/garage-warmeisolliert-4x6-mit-autoantrieb\/\" \/>\n<meta property=\"og:site_name\" content=\"Producent kontener\u00f3w biurowych, wiat \u015bmietnikowych, hal i gara\u017cy blaszanych\" \/>\n<meta property=\"article:publisher\" content=\"https:\/\/www.facebook.com\/garazyki\" \/>\n<meta property=\"og:image\" content=\"http:\/\/kopia.garazyki.pl\/wp-content\/uploads\/2022\/02\/0Garaz_35x6_ocieplany_z_automatem.jpg\" \/>\n\t<meta property=\"og:image:width\" content=\"740\" \/>\n\t<meta property=\"og:image:height\" content=\"520\" \/>\n\t<meta property=\"og:image:type\" content=\"image\/jpeg\" \/>\n<meta name=\"twitter:card\" content=\"summary_large_image\" \/>\n<meta name=\"twitter:label1\" content=\"Gesch\u00e4tzte Lesezeit\" \/>\n\t<meta name=\"twitter:data1\" content=\"1 Minute\" \/>\n<script type=\"application\/ld+json\" class=\"yoast-schema-graph\">{\"@context\":\"https:\/\/schema.org\",\"@graph\":[{\"@type\":\"WebPage\",\"@id\":\"http:\/\/kopia.garazyki.pl\/de\/producent\/warmeisollierte-garagen\/garage-warmeisolliert-4x6-mit-autoantrieb\/\",\"url\":\"http:\/\/kopia.garazyki.pl\/de\/producent\/warmeisollierte-garagen\/garage-warmeisolliert-4x6-mit-autoantrieb\/\",\"name\":\"Garage w\u00e4rmeisolliert 4x6 mit Autoantrieb - Producent kontener\u00f3w biurowych, wiat \u015bmietnikowych, hal i gara\u017cy blaszanych\",\"isPartOf\":{\"@id\":\"https:\/\/kopia.garazyki.pl\/#website\"},\"datePublished\":\"2022-02-28T21:59:59+00:00\",\"dateModified\":\"2022-02-28T21:59:59+00:00\",\"breadcrumb\":{\"@id\":\"http:\/\/kopia.garazyki.pl\/de\/producent\/warmeisollierte-garagen\/garage-warmeisolliert-4x6-mit-autoantrieb\/#breadcrumb\"},\"inLanguage\":\"de-DE\",\"potentialAction\":[{\"@type\":\"ReadAction\",\"target\":[\"http:\/\/kopia.garazyki.pl\/de\/producent\/warmeisollierte-garagen\/garage-warmeisolliert-4x6-mit-autoantrieb\/\"]}]},{\"@type\":\"BreadcrumbList\",\"@id\":\"http:\/\/kopia.garazyki.pl\/de\/producent\/warmeisollierte-garagen\/garage-warmeisolliert-4x6-mit-autoantrieb\/#breadcrumb\",\"itemListElement\":[{\"@type\":\"ListItem\",\"position\":1,\"name\":\"Strona g\u0142\u00f3wna\",\"item\":\"https:\/\/kopia.garazyki.pl\/de\/\"},{\"@type\":\"ListItem\",\"position\":2,\"name\":\"Produkte\",\"item\":\"http:\/\/kopia.garazyki.pl\/de\/shop\/\"},{\"@type\":\"ListItem\",\"position\":3,\"name\":\"Garage w\u00e4rmeisolliert 4&#215;6 mit Autoantrieb\"}]},{\"@type\":\"WebSite\",\"@id\":\"https:\/\/kopia.garazyki.pl\/#website\",\"url\":\"https:\/\/kopia.garazyki.pl\/\",\"name\":\"Producent kontener\u00f3w biurowych, wiat \u015bmietnikowych, hal i gara\u017cy blaszanych\",\"description\":\"Kontenery biurowe, wiaty \u015bmietnikowe, hale, gara\u017ce blaszane od producenta.\",\"publisher\":{\"@id\":\"https:\/\/kopia.garazyki.pl\/#organization\"},\"potentialAction\":[{\"@type\":\"SearchAction\",\"target\":{\"@type\":\"EntryPoint\",\"urlTemplate\":\"https:\/\/kopia.garazyki.pl\/?s={search_term_string}\"},\"query-input\":\"required name=search_term_string\"}],\"inLanguage\":\"de-DE\"},{\"@type\":\"Organization\",\"@id\":\"https:\/\/kopia.garazyki.pl\/#organization\",\"name\":\"Garazyki.pl Producent gara\u017cy i kontener\u00f3w biurowych i wiat\",\"url\":\"https:\/\/kopia.garazyki.pl\/\",\"logo\":{\"@type\":\"ImageObject\",\"inLanguage\":\"de-DE\",\"@id\":\"https:\/\/kopia.garazyki.pl\/#\/schema\/logo\/image\/\",\"url\":\"http:\/\/kopia.garazyki.pl\/wp-content\/uploads\/2022\/02\/logo_garazyki_pl.png\",\"contentUrl\":\"http:\/\/kopia.garazyki.pl\/wp-content\/uploads\/2022\/02\/logo_garazyki_pl.png\",\"width\":120,\"height\":64,\"caption\":\"Garazyki.pl Producent gara\u017cy i kontener\u00f3w biurowych i wiat\"},\"image\":{\"@id\":\"https:\/\/kopia.garazyki.pl\/#\/schema\/logo\/image\/\"},\"sameAs\":[\"https:\/\/www.facebook.com\/garazyki\",\"https:\/\/www.instagram.com\/garazyki.pl\/\",\"https:\/\/www.linkedin.com\/company\/alicja-garazyki\/\"]}]}<\/script>\n<!-- \/ Yoast SEO plugin. -->","yoast_head_json":{"title":"Garage w\u00e4rmeisolliert 4x6 mit Autoantrieb - Producent kontener\u00f3w biurowych, wiat \u015bmietnikowych, hal i gara\u017cy blaszanych","robots":{"index":"noindex","follow":"follow","max-snippet":"max-snippet:-1","max-image-preview":"max-image-preview:large","max-video-preview":"max-video-preview:-1"},"og_locale":"de_DE","og_type":"article","og_title":"Garage w\u00e4rmeisolliert 4x6 mit Autoantrieb - Producent kontener\u00f3w biurowych, wiat \u015bmietnikowych, hal i gara\u017cy blaszanych","og_description":"Isolierte Garage, 4 m breit, 6,0 m tief, 2,3 \/ 2,0 m hoch mit einem Sturz nach hinten. Die Konstruktion besteht aus geschlossenen Profilen, pulverbeschichtet. Der Rahmen der Struktur wird geschwei\u00dft und dann mit Bolzen und Schrauben zusammengeschraubt. Die Ummantelung besteht aus einer 75-mm-Sandwichplatte mit einem Polystyrolkern. Innen wei\u00dfes Blech, au\u00dfen Blech in den Farben [&hellip;]","og_url":"http:\/\/kopia.garazyki.pl\/de\/producent\/warmeisollierte-garagen\/garage-warmeisolliert-4x6-mit-autoantrieb\/","og_site_name":"Producent kontener\u00f3w biurowych, wiat \u015bmietnikowych, hal i gara\u017cy blaszanych","article_publisher":"https:\/\/www.facebook.com\/garazyki","og_image":[{"width":740,"height":520,"url":"http:\/\/kopia.garazyki.pl\/wp-content\/uploads\/2022\/02\/0Garaz_35x6_ocieplany_z_automatem.jpg","type":"image\/jpeg"}],"twitter_card":"summary_large_image","twitter_misc":{"Gesch\u00e4tzte Lesezeit":"1 Minute"},"schema":{"@context":"https:\/\/schema.org","@graph":[{"@type":"WebPage","@id":"http:\/\/kopia.garazyki.pl\/de\/producent\/warmeisollierte-garagen\/garage-warmeisolliert-4x6-mit-autoantrieb\/","url":"http:\/\/kopia.garazyki.pl\/de\/producent\/warmeisollierte-garagen\/garage-warmeisolliert-4x6-mit-autoantrieb\/","name":"Garage w\u00e4rmeisolliert 4x6 mit Autoantrieb - Producent kontener\u00f3w biurowych, wiat \u015bmietnikowych, hal i gara\u017cy blaszanych","isPartOf":{"@id":"https:\/\/kopia.garazyki.pl\/#website"},"datePublished":"2022-02-28T21:59:59+00:00","dateModified":"2022-02-28T21:59:59+00:00","breadcrumb":{"@id":"http:\/\/kopia.garazyki.pl\/de\/producent\/warmeisollierte-garagen\/garage-warmeisolliert-4x6-mit-autoantrieb\/#breadcrumb"},"inLanguage":"de-DE","potentialAction":[{"@type":"ReadAction","target":["http:\/\/kopia.garazyki.pl\/de\/producent\/warmeisollierte-garagen\/garage-warmeisolliert-4x6-mit-autoantrieb\/"]}]},{"@type":"BreadcrumbList","@id":"http:\/\/kopia.garazyki.pl\/de\/producent\/warmeisollierte-garagen\/garage-warmeisolliert-4x6-mit-autoantrieb\/#breadcrumb","itemListElement":[{"@type":"ListItem","position":1,"name":"Strona g\u0142\u00f3wna","item":"https:\/\/kopia.garazyki.pl\/de\/"},{"@type":"ListItem","position":2,"name":"Produkte","item":"http:\/\/kopia.garazyki.pl\/de\/shop\/"},{"@type":"ListItem","position":3,"name":"Garage w\u00e4rmeisolliert 4&#215;6 mit Autoantrieb"}]},{"@type":"WebSite","@id":"https:\/\/kopia.garazyki.pl\/#website","url":"https:\/\/kopia.garazyki.pl\/","name":"Producent kontener\u00f3w biurowych, wiat \u015bmietnikowych, hal i gara\u017cy blaszanych","description":"Kontenery biurowe, wiaty \u015bmietnikowe, hale, gara\u017ce blaszane od producenta.","publisher":{"@id":"https:\/\/kopia.garazyki.pl\/#organization"},"potentialAction":[{"@type":"SearchAction","target":{"@type":"EntryPoint","urlTemplate":"https:\/\/kopia.garazyki.pl\/?s={search_term_string}"},"query-input":"required name=search_term_string"}],"inLanguage":"de-DE"},{"@type":"Organization","@id":"https:\/\/kopia.garazyki.pl\/#organization","name":"Garazyki.pl Producent gara\u017cy i kontener\u00f3w biurowych i wiat","url":"https:\/\/kopia.garazyki.pl\/","logo":{"@type":"ImageObject","inLanguage":"de-DE","@id":"https:\/\/kopia.garazyki.pl\/#\/schema\/logo\/image\/","url":"http:\/\/kopia.garazyki.pl\/wp-content\/uploads\/2022\/02\/logo_garazyki_pl.png","contentUrl":"http:\/\/kopia.garazyki.pl\/wp-content\/uploads\/2022\/02\/logo_garazyki_pl.png","width":120,"height":64,"caption":"Garazyki.pl Producent gara\u017cy i kontener\u00f3w biurowych i wiat"},"image":{"@id":"https:\/\/kopia.garazyki.pl\/#\/schema\/logo\/image\/"},"sameAs":["https:\/\/www.facebook.com\/garazyki","https:\/\/www.instagram.com\/garazyki.pl\/","https:\/\/www.linkedin.com\/company\/alicja-garazyki\/"]}]}},"_links":{"self":[{"href":"http:\/\/kopia.garazyki.pl\/de\/wp-json\/wp\/v2\/product\/105038"}],"collection":[{"href":"http:\/\/kopia.garazyki.pl\/de\/wp-json\/wp\/v2\/product"}],"about":[{"href":"http:\/\/kopia.garazyki.pl\/de\/wp-json\/wp\/v2\/types\/product"}],"replies":[{"embeddable":true,"href":"http:\/\/kopia.garazyki.pl\/de\/wp-json\/wp\/v2\/comments?post=105038"}],"wp:featuredmedia":[{"embeddable":true,"href":"http:\/\/kopia.garazyki.pl\/de\/wp-json\/wp\/v2\/media\/104833"}],"wp:attachment":[{"href":"http:\/\/kopia.garazyki.pl\/de\/wp-json\/wp\/v2\/media?parent=105038"}],"wp:term":[{"taxonomy":"product_cat","embeddable":true,"href":"http:\/\/kopia.garazyki.pl\/de\/wp-json\/wp\/v2\/product_cat?post=105038"},{"taxonomy":"product_tag","embeddable":true,"href":"http:\/\/kopia.garazyki.pl\/de\/wp-json\/wp\/v2\/product_tag?post=105038"}],"curies":[{"name":"wp","href":"https:\/\/api.w.org\/{rel}","templated":true}]}}