{"id":105034,"date":"2022-02-28T22:45:14","date_gmt":"2022-02-28T21:45:14","guid":{"rendered":"http:\/\/kopia.garazyki.pl\/producent\/unkategorisiert\/beheitze-35x6-garage-mit-tur-und-fenster\/"},"modified":"2022-02-28T22:45:14","modified_gmt":"2022-02-28T21:45:14","slug":"beheitze-35x6-garage-mit-tur-und-fenster","status":"publish","type":"product","link":"http:\/\/kopia.garazyki.pl\/de\/producent\/warmeisollierte-garagen\/beheitze-35x6-garage-mit-tur-und-fenster\/","title":{"rendered":"BEHEITZE 3,5&#215;6-GARAGE MIT T\u00fcr und Fenster"},"content":{"rendered":"<p>Abmessungen der Konstruktion ohne die Platte: Breite: 3,5 m, Tiefe: 6,0 m, H\u00f6he: 2,3\/2,0 mit einer zur Seite abfallenden Dachneigung. Die Konstruktion wird auf Basis von geschlossenen L-Profilen hergestellt und mit Grund- und Deckfarbe beschichtet. Geschwei\u00dftes und ferner mit Bolzen und Schrauben fixiertes Konstrutkionsgestell. Die Verkleidung besteht aus einer 75 mm dicken Verbundplatte mit einem Styropor-Kern. Das Blech ist von Innen wei\u00df, von Au\u00dfen in den<span class=\"apple-converted-space\">\u00a0<\/span><u><a href=\"http:\/\/kopia.garazyki.pl\/data\/pdf\/dostepne_kolory.pdf\">RAL-Farben<\/a><\/u><span class=\"apple-converted-space\">\u00a0<\/span>erh\u00e4ltlich. Die Konstruktion verf\u00fcgt \u00fcber ein L\u00fcftungsgitter und ein vergittertes PVC-Fenster. Das Dach ist mit einem Windtr\u00e4ger ausgestattet. An den Ecken wurden Eckschutzleisten angebracht.<\/p>\n<p><strong>Merkmale der beheizten 3,5&#215;6-Garage:<\/strong><\/p>\n<ul>\n<li>T\u00fcr mit einer Breite von 0,9 m mit Schloss<\/li>\n<li>zweifl\u00fcgeliges Einfahrtstor, von innen zu \u00f6ffnen<\/li>\n<li>Perfekt ausbalancierter Torfl\u00fcgel<\/li>\n<li>Das Garagendach besteht aus einer 75 mm dicken Verbundplatte mit einem Styropor-Kern, die mittels Schrauben fixiert wird.<\/li>\n<li>\u00a0An den W\u00e4nden und T\u00fcren wurde eine 75 mm dicke Verbundplatte mit Styropor-Kern verwendet.<\/li>\n<li>H\u00f6he der Garage betr\u00e4gt links: 2,30 m, rechts: 2,00 m<\/li>\n<li>wei\u00dfe PVC-Fenster mit Gitter<\/li>\n<\/ul>\n","protected":false},"excerpt":{"rendered":"<p>Abmessungen der Konstruktion ohne die Platte: Breite: 3,5 m, Tiefe: 6,0 m, H\u00f6he: 2,3\/2,0 mit einer zur Seite abfallenden Dachneigung. Die Konstruktion wird auf Basis von geschlossenen L-Profilen hergestellt und mit Grund- und Deckfarbe beschichtet. Geschwei\u00dftes und ferner mit Bolzen und Schrauben fixiertes Konstrutkionsgestell. Die Verkleidung besteht aus einer 75 mm dicken Verbundplatte mit einem [&hellip;]<\/p>\n","protected":false},"featured_media":104790,"comment_status":"open","ping_status":"closed","template":"","meta":{"_et_pb_use_builder":"","_et_pb_old_content":"","_et_gb_content_width":""},"product_cat":[92],"product_tag":[],"yoast_head":"<!-- This site is optimized with the Yoast SEO plugin v21.6 - https:\/\/yoast.com\/wordpress\/plugins\/seo\/ -->\n<title>BEHEITZE 3,5x6-GARAGE MIT T\u00fcr und Fenster - Producent kontener\u00f3w biurowych, wiat \u015bmietnikowych, hal i gara\u017cy blaszanych<\/title>\n<meta name=\"robots\" content=\"noindex, follow, max-snippet:-1, max-image-preview:large, max-video-preview:-1\" \/>\n<meta property=\"og:locale\" content=\"de_DE\" \/>\n<meta property=\"og:type\" content=\"article\" \/>\n<meta property=\"og:title\" content=\"BEHEITZE 3,5x6-GARAGE MIT T\u00fcr und Fenster - Producent kontener\u00f3w biurowych, wiat \u015bmietnikowych, hal i gara\u017cy blaszanych\" \/>\n<meta property=\"og:description\" content=\"Abmessungen der Konstruktion ohne die Platte: Breite: 3,5 m, Tiefe: 6,0 m, H\u00f6he: 2,3\/2,0 mit einer zur Seite abfallenden Dachneigung. Die Konstruktion wird auf Basis von geschlossenen L-Profilen hergestellt und mit Grund- und Deckfarbe beschichtet. Geschwei\u00dftes und ferner mit Bolzen und Schrauben fixiertes Konstrutkionsgestell. Die Verkleidung besteht aus einer 75 mm dicken Verbundplatte mit einem [&hellip;]\" \/>\n<meta property=\"og:url\" content=\"http:\/\/kopia.garazyki.pl\/de\/producent\/warmeisollierte-garagen\/beheitze-35x6-garage-mit-tur-und-fenster\/\" \/>\n<meta property=\"og:site_name\" content=\"Producent kontener\u00f3w biurowych, wiat \u015bmietnikowych, hal i gara\u017cy blaszanych\" \/>\n<meta property=\"article:publisher\" content=\"https:\/\/www.facebook.com\/garazyki\" \/>\n<meta property=\"og:image\" content=\"http:\/\/kopia.garazyki.pl\/wp-content\/uploads\/2022\/02\/0Garaz_35x6_ocieplany_z_oknem_i_drzwiami__1_.jpg\" \/>\n\t<meta property=\"og:image:width\" content=\"740\" \/>\n\t<meta property=\"og:image:height\" content=\"520\" \/>\n\t<meta property=\"og:image:type\" content=\"image\/jpeg\" \/>\n<meta name=\"twitter:card\" content=\"summary_large_image\" \/>\n<meta name=\"twitter:label1\" content=\"Gesch\u00e4tzte Lesezeit\" \/>\n\t<meta name=\"twitter:data1\" content=\"1 Minute\" \/>\n<script type=\"application\/ld+json\" class=\"yoast-schema-graph\">{\"@context\":\"https:\/\/schema.org\",\"@graph\":[{\"@type\":\"WebPage\",\"@id\":\"http:\/\/kopia.garazyki.pl\/de\/producent\/warmeisollierte-garagen\/beheitze-35x6-garage-mit-tur-und-fenster\/\",\"url\":\"http:\/\/kopia.garazyki.pl\/de\/producent\/warmeisollierte-garagen\/beheitze-35x6-garage-mit-tur-und-fenster\/\",\"name\":\"BEHEITZE 3,5x6-GARAGE MIT T\u00fcr und Fenster - Producent kontener\u00f3w biurowych, wiat \u015bmietnikowych, hal i gara\u017cy blaszanych\",\"isPartOf\":{\"@id\":\"https:\/\/kopia.garazyki.pl\/#website\"},\"datePublished\":\"2022-02-28T21:45:14+00:00\",\"dateModified\":\"2022-02-28T21:45:14+00:00\",\"breadcrumb\":{\"@id\":\"http:\/\/kopia.garazyki.pl\/de\/producent\/warmeisollierte-garagen\/beheitze-35x6-garage-mit-tur-und-fenster\/#breadcrumb\"},\"inLanguage\":\"de-DE\",\"potentialAction\":[{\"@type\":\"ReadAction\",\"target\":[\"http:\/\/kopia.garazyki.pl\/de\/producent\/warmeisollierte-garagen\/beheitze-35x6-garage-mit-tur-und-fenster\/\"]}]},{\"@type\":\"BreadcrumbList\",\"@id\":\"http:\/\/kopia.garazyki.pl\/de\/producent\/warmeisollierte-garagen\/beheitze-35x6-garage-mit-tur-und-fenster\/#breadcrumb\",\"itemListElement\":[{\"@type\":\"ListItem\",\"position\":1,\"name\":\"Strona g\u0142\u00f3wna\",\"item\":\"https:\/\/kopia.garazyki.pl\/de\/\"},{\"@type\":\"ListItem\",\"position\":2,\"name\":\"Produkte\",\"item\":\"http:\/\/kopia.garazyki.pl\/de\/shop\/\"},{\"@type\":\"ListItem\",\"position\":3,\"name\":\"BEHEITZE 3,5&#215;6-GARAGE MIT T\u00fcr und Fenster\"}]},{\"@type\":\"WebSite\",\"@id\":\"https:\/\/kopia.garazyki.pl\/#website\",\"url\":\"https:\/\/kopia.garazyki.pl\/\",\"name\":\"Producent kontener\u00f3w biurowych, wiat \u015bmietnikowych, hal i gara\u017cy blaszanych\",\"description\":\"Kontenery biurowe, wiaty \u015bmietnikowe, hale, gara\u017ce blaszane od producenta.\",\"publisher\":{\"@id\":\"https:\/\/kopia.garazyki.pl\/#organization\"},\"potentialAction\":[{\"@type\":\"SearchAction\",\"target\":{\"@type\":\"EntryPoint\",\"urlTemplate\":\"https:\/\/kopia.garazyki.pl\/?s={search_term_string}\"},\"query-input\":\"required name=search_term_string\"}],\"inLanguage\":\"de-DE\"},{\"@type\":\"Organization\",\"@id\":\"https:\/\/kopia.garazyki.pl\/#organization\",\"name\":\"Garazyki.pl Producent gara\u017cy i kontener\u00f3w biurowych i wiat\",\"url\":\"https:\/\/kopia.garazyki.pl\/\",\"logo\":{\"@type\":\"ImageObject\",\"inLanguage\":\"de-DE\",\"@id\":\"https:\/\/kopia.garazyki.pl\/#\/schema\/logo\/image\/\",\"url\":\"http:\/\/kopia.garazyki.pl\/wp-content\/uploads\/2022\/02\/logo_garazyki_pl.png\",\"contentUrl\":\"http:\/\/kopia.garazyki.pl\/wp-content\/uploads\/2022\/02\/logo_garazyki_pl.png\",\"width\":120,\"height\":64,\"caption\":\"Garazyki.pl Producent gara\u017cy i kontener\u00f3w biurowych i wiat\"},\"image\":{\"@id\":\"https:\/\/kopia.garazyki.pl\/#\/schema\/logo\/image\/\"},\"sameAs\":[\"https:\/\/www.facebook.com\/garazyki\",\"https:\/\/www.instagram.com\/garazyki.pl\/\",\"https:\/\/www.linkedin.com\/company\/alicja-garazyki\/\"]}]}<\/script>\n<!-- \/ Yoast SEO plugin. -->","yoast_head_json":{"title":"BEHEITZE 3,5x6-GARAGE MIT T\u00fcr und Fenster - Producent kontener\u00f3w biurowych, wiat \u015bmietnikowych, hal i gara\u017cy blaszanych","robots":{"index":"noindex","follow":"follow","max-snippet":"max-snippet:-1","max-image-preview":"max-image-preview:large","max-video-preview":"max-video-preview:-1"},"og_locale":"de_DE","og_type":"article","og_title":"BEHEITZE 3,5x6-GARAGE MIT T\u00fcr und Fenster - Producent kontener\u00f3w biurowych, wiat \u015bmietnikowych, hal i gara\u017cy blaszanych","og_description":"Abmessungen der Konstruktion ohne die Platte: Breite: 3,5 m, Tiefe: 6,0 m, H\u00f6he: 2,3\/2,0 mit einer zur Seite abfallenden Dachneigung. Die Konstruktion wird auf Basis von geschlossenen L-Profilen hergestellt und mit Grund- und Deckfarbe beschichtet. Geschwei\u00dftes und ferner mit Bolzen und Schrauben fixiertes Konstrutkionsgestell. Die Verkleidung besteht aus einer 75 mm dicken Verbundplatte mit einem [&hellip;]","og_url":"http:\/\/kopia.garazyki.pl\/de\/producent\/warmeisollierte-garagen\/beheitze-35x6-garage-mit-tur-und-fenster\/","og_site_name":"Producent kontener\u00f3w biurowych, wiat \u015bmietnikowych, hal i gara\u017cy blaszanych","article_publisher":"https:\/\/www.facebook.com\/garazyki","og_image":[{"width":740,"height":520,"url":"http:\/\/kopia.garazyki.pl\/wp-content\/uploads\/2022\/02\/0Garaz_35x6_ocieplany_z_oknem_i_drzwiami__1_.jpg","type":"image\/jpeg"}],"twitter_card":"summary_large_image","twitter_misc":{"Gesch\u00e4tzte Lesezeit":"1 Minute"},"schema":{"@context":"https:\/\/schema.org","@graph":[{"@type":"WebPage","@id":"http:\/\/kopia.garazyki.pl\/de\/producent\/warmeisollierte-garagen\/beheitze-35x6-garage-mit-tur-und-fenster\/","url":"http:\/\/kopia.garazyki.pl\/de\/producent\/warmeisollierte-garagen\/beheitze-35x6-garage-mit-tur-und-fenster\/","name":"BEHEITZE 3,5x6-GARAGE MIT T\u00fcr und Fenster - Producent kontener\u00f3w biurowych, wiat \u015bmietnikowych, hal i gara\u017cy blaszanych","isPartOf":{"@id":"https:\/\/kopia.garazyki.pl\/#website"},"datePublished":"2022-02-28T21:45:14+00:00","dateModified":"2022-02-28T21:45:14+00:00","breadcrumb":{"@id":"http:\/\/kopia.garazyki.pl\/de\/producent\/warmeisollierte-garagen\/beheitze-35x6-garage-mit-tur-und-fenster\/#breadcrumb"},"inLanguage":"de-DE","potentialAction":[{"@type":"ReadAction","target":["http:\/\/kopia.garazyki.pl\/de\/producent\/warmeisollierte-garagen\/beheitze-35x6-garage-mit-tur-und-fenster\/"]}]},{"@type":"BreadcrumbList","@id":"http:\/\/kopia.garazyki.pl\/de\/producent\/warmeisollierte-garagen\/beheitze-35x6-garage-mit-tur-und-fenster\/#breadcrumb","itemListElement":[{"@type":"ListItem","position":1,"name":"Strona g\u0142\u00f3wna","item":"https:\/\/kopia.garazyki.pl\/de\/"},{"@type":"ListItem","position":2,"name":"Produkte","item":"http:\/\/kopia.garazyki.pl\/de\/shop\/"},{"@type":"ListItem","position":3,"name":"BEHEITZE 3,5&#215;6-GARAGE MIT T\u00fcr und Fenster"}]},{"@type":"WebSite","@id":"https:\/\/kopia.garazyki.pl\/#website","url":"https:\/\/kopia.garazyki.pl\/","name":"Producent kontener\u00f3w biurowych, wiat \u015bmietnikowych, hal i gara\u017cy blaszanych","description":"Kontenery biurowe, wiaty \u015bmietnikowe, hale, gara\u017ce blaszane od producenta.","publisher":{"@id":"https:\/\/kopia.garazyki.pl\/#organization"},"potentialAction":[{"@type":"SearchAction","target":{"@type":"EntryPoint","urlTemplate":"https:\/\/kopia.garazyki.pl\/?s={search_term_string}"},"query-input":"required name=search_term_string"}],"inLanguage":"de-DE"},{"@type":"Organization","@id":"https:\/\/kopia.garazyki.pl\/#organization","name":"Garazyki.pl Producent gara\u017cy i kontener\u00f3w biurowych i wiat","url":"https:\/\/kopia.garazyki.pl\/","logo":{"@type":"ImageObject","inLanguage":"de-DE","@id":"https:\/\/kopia.garazyki.pl\/#\/schema\/logo\/image\/","url":"http:\/\/kopia.garazyki.pl\/wp-content\/uploads\/2022\/02\/logo_garazyki_pl.png","contentUrl":"http:\/\/kopia.garazyki.pl\/wp-content\/uploads\/2022\/02\/logo_garazyki_pl.png","width":120,"height":64,"caption":"Garazyki.pl Producent gara\u017cy i kontener\u00f3w biurowych i wiat"},"image":{"@id":"https:\/\/kopia.garazyki.pl\/#\/schema\/logo\/image\/"},"sameAs":["https:\/\/www.facebook.com\/garazyki","https:\/\/www.instagram.com\/garazyki.pl\/","https:\/\/www.linkedin.com\/company\/alicja-garazyki\/"]}]}},"_links":{"self":[{"href":"http:\/\/kopia.garazyki.pl\/de\/wp-json\/wp\/v2\/product\/105034"}],"collection":[{"href":"http:\/\/kopia.garazyki.pl\/de\/wp-json\/wp\/v2\/product"}],"about":[{"href":"http:\/\/kopia.garazyki.pl\/de\/wp-json\/wp\/v2\/types\/product"}],"replies":[{"embeddable":true,"href":"http:\/\/kopia.garazyki.pl\/de\/wp-json\/wp\/v2\/comments?post=105034"}],"wp:featuredmedia":[{"embeddable":true,"href":"http:\/\/kopia.garazyki.pl\/de\/wp-json\/wp\/v2\/media\/104790"}],"wp:attachment":[{"href":"http:\/\/kopia.garazyki.pl\/de\/wp-json\/wp\/v2\/media?parent=105034"}],"wp:term":[{"taxonomy":"product_cat","embeddable":true,"href":"http:\/\/kopia.garazyki.pl\/de\/wp-json\/wp\/v2\/product_cat?post=105034"},{"taxonomy":"product_tag","embeddable":true,"href":"http:\/\/kopia.garazyki.pl\/de\/wp-json\/wp\/v2\/product_tag?post=105034"}],"curies":[{"name":"wp","href":"https:\/\/api.w.org\/{rel}","templated":true}]}}