{"id":105025,"date":"2022-02-28T21:36:56","date_gmt":"2022-02-28T20:36:56","guid":{"rendered":"http:\/\/kopia.garazyki.pl\/producent\/unkategorisiert\/warmeisollierte-garage-350-x-600\/"},"modified":"2022-02-28T21:36:56","modified_gmt":"2022-02-28T20:36:56","slug":"warmeisollierte-garage-350-x-600","status":"publish","type":"product","link":"http:\/\/kopia.garazyki.pl\/de\/producent\/warmeisollierte-garagen\/warmeisollierte-garage-350-x-600\/","title":{"rendered":"W\u00e4rmeisollierte Garage 3,50 x 6,00"},"content":{"rendered":"<p>Die Konstruktion der isolierten Garage, 3,50 m breit x 6,00 m tief, besteht aus pulverbeschichteten geschlossenen Profilen. Dach mit einem Sturz nach hinten (2,30 m H\u00f6he vorne \/ 2,00 m H\u00f6he hinten). Die Garagenummantelung besteht aus einer 75 mm dicken Sandwichplatte mit einem Polystyrolkern. Die Platte in Silber-RAL9006. In der Garage befindet sich ein mittig angebrachtes, 3,00 m breites Tor. Im hinteren Teil der Garage wurde eine Stahlrinne aus Graphit-RAL7024 installiert. Das Ganze hat Blitze in Form von Ecken, Windk\u00e4sten und einem Dach \u00fcber dem Tor aus Graphit-RAL7024. Zus\u00e4tzlich ist ein L\u00fcftungsgitter installiert.<\/p>\n<p><strong>Eigenschaften\u00a0 3,50 x 6,00:<\/strong><\/p>\n<ul>\n<li>Kipptor<\/li>\n<li>Dach bedeckt mit Sandwichplatten 75 mm die an die Konstruktion verschraubt sind<\/li>\n<li>Tor mit einer \u00dcberdachung<\/li>\n<\/ul>\n","protected":false},"excerpt":{"rendered":"<p>Die Konstruktion der isolierten Garage, 3,50 m breit x 6,00 m tief, besteht aus pulverbeschichteten geschlossenen Profilen. Dach mit einem Sturz nach hinten (2,30 m H\u00f6he vorne \/ 2,00 m H\u00f6he hinten). Die Garagenummantelung besteht aus einer 75 mm dicken Sandwichplatte mit einem Polystyrolkern. Die Platte in Silber-RAL9006. In der Garage befindet sich ein mittig [&hellip;]<\/p>\n","protected":false},"featured_media":104681,"comment_status":"open","ping_status":"closed","template":"","meta":{"_et_pb_use_builder":"","_et_pb_old_content":"","_et_gb_content_width":""},"product_cat":[92],"product_tag":[],"yoast_head":"<!-- This site is optimized with the Yoast SEO plugin v21.6 - https:\/\/yoast.com\/wordpress\/plugins\/seo\/ -->\n<title>W\u00e4rmeisollierte Garage 3,50 x 6,00 - Producent kontener\u00f3w biurowych, wiat \u015bmietnikowych, hal i gara\u017cy blaszanych<\/title>\n<meta name=\"robots\" content=\"noindex, follow, max-snippet:-1, max-image-preview:large, max-video-preview:-1\" \/>\n<meta property=\"og:locale\" content=\"de_DE\" \/>\n<meta property=\"og:type\" content=\"article\" \/>\n<meta property=\"og:title\" content=\"W\u00e4rmeisollierte Garage 3,50 x 6,00 - Producent kontener\u00f3w biurowych, wiat \u015bmietnikowych, hal i gara\u017cy blaszanych\" \/>\n<meta property=\"og:description\" content=\"Die Konstruktion der isolierten Garage, 3,50 m breit x 6,00 m tief, besteht aus pulverbeschichteten geschlossenen Profilen. Dach mit einem Sturz nach hinten (2,30 m H\u00f6he vorne \/ 2,00 m H\u00f6he hinten). Die Garagenummantelung besteht aus einer 75 mm dicken Sandwichplatte mit einem Polystyrolkern. Die Platte in Silber-RAL9006. In der Garage befindet sich ein mittig [&hellip;]\" \/>\n<meta property=\"og:url\" content=\"http:\/\/kopia.garazyki.pl\/de\/producent\/warmeisollierte-garagen\/warmeisollierte-garage-350-x-600\/\" \/>\n<meta property=\"og:site_name\" content=\"Producent kontener\u00f3w biurowych, wiat \u015bmietnikowych, hal i gara\u017cy blaszanych\" \/>\n<meta property=\"article:publisher\" content=\"https:\/\/www.facebook.com\/garazyki\" \/>\n<meta property=\"og:image\" content=\"http:\/\/kopia.garazyki.pl\/wp-content\/uploads\/2022\/02\/86Min.jpg\" \/>\n\t<meta property=\"og:image:width\" content=\"740\" \/>\n\t<meta property=\"og:image:height\" content=\"520\" \/>\n\t<meta property=\"og:image:type\" content=\"image\/jpeg\" \/>\n<meta name=\"twitter:card\" content=\"summary_large_image\" \/>\n<meta name=\"twitter:label1\" content=\"Gesch\u00e4tzte Lesezeit\" \/>\n\t<meta name=\"twitter:data1\" content=\"1 Minute\" \/>\n<script type=\"application\/ld+json\" class=\"yoast-schema-graph\">{\"@context\":\"https:\/\/schema.org\",\"@graph\":[{\"@type\":\"WebPage\",\"@id\":\"http:\/\/kopia.garazyki.pl\/de\/producent\/warmeisollierte-garagen\/warmeisollierte-garage-350-x-600\/\",\"url\":\"http:\/\/kopia.garazyki.pl\/de\/producent\/warmeisollierte-garagen\/warmeisollierte-garage-350-x-600\/\",\"name\":\"W\u00e4rmeisollierte Garage 3,50 x 6,00 - Producent kontener\u00f3w biurowych, wiat \u015bmietnikowych, hal i gara\u017cy blaszanych\",\"isPartOf\":{\"@id\":\"https:\/\/kopia.garazyki.pl\/#website\"},\"datePublished\":\"2022-02-28T20:36:56+00:00\",\"dateModified\":\"2022-02-28T20:36:56+00:00\",\"breadcrumb\":{\"@id\":\"http:\/\/kopia.garazyki.pl\/de\/producent\/warmeisollierte-garagen\/warmeisollierte-garage-350-x-600\/#breadcrumb\"},\"inLanguage\":\"de-DE\",\"potentialAction\":[{\"@type\":\"ReadAction\",\"target\":[\"http:\/\/kopia.garazyki.pl\/de\/producent\/warmeisollierte-garagen\/warmeisollierte-garage-350-x-600\/\"]}]},{\"@type\":\"BreadcrumbList\",\"@id\":\"http:\/\/kopia.garazyki.pl\/de\/producent\/warmeisollierte-garagen\/warmeisollierte-garage-350-x-600\/#breadcrumb\",\"itemListElement\":[{\"@type\":\"ListItem\",\"position\":1,\"name\":\"Strona g\u0142\u00f3wna\",\"item\":\"https:\/\/kopia.garazyki.pl\/de\/\"},{\"@type\":\"ListItem\",\"position\":2,\"name\":\"Produkte\",\"item\":\"http:\/\/kopia.garazyki.pl\/de\/shop\/\"},{\"@type\":\"ListItem\",\"position\":3,\"name\":\"W\u00e4rmeisollierte Garage 3,50 x 6,00\"}]},{\"@type\":\"WebSite\",\"@id\":\"https:\/\/kopia.garazyki.pl\/#website\",\"url\":\"https:\/\/kopia.garazyki.pl\/\",\"name\":\"Producent kontener\u00f3w biurowych, wiat \u015bmietnikowych, hal i gara\u017cy blaszanych\",\"description\":\"Kontenery biurowe, wiaty \u015bmietnikowe, hale, gara\u017ce blaszane od producenta.\",\"publisher\":{\"@id\":\"https:\/\/kopia.garazyki.pl\/#organization\"},\"potentialAction\":[{\"@type\":\"SearchAction\",\"target\":{\"@type\":\"EntryPoint\",\"urlTemplate\":\"https:\/\/kopia.garazyki.pl\/?s={search_term_string}\"},\"query-input\":\"required name=search_term_string\"}],\"inLanguage\":\"de-DE\"},{\"@type\":\"Organization\",\"@id\":\"https:\/\/kopia.garazyki.pl\/#organization\",\"name\":\"Garazyki.pl Producent gara\u017cy i kontener\u00f3w biurowych i wiat\",\"url\":\"https:\/\/kopia.garazyki.pl\/\",\"logo\":{\"@type\":\"ImageObject\",\"inLanguage\":\"de-DE\",\"@id\":\"https:\/\/kopia.garazyki.pl\/#\/schema\/logo\/image\/\",\"url\":\"http:\/\/kopia.garazyki.pl\/wp-content\/uploads\/2022\/02\/logo_garazyki_pl.png\",\"contentUrl\":\"http:\/\/kopia.garazyki.pl\/wp-content\/uploads\/2022\/02\/logo_garazyki_pl.png\",\"width\":120,\"height\":64,\"caption\":\"Garazyki.pl Producent gara\u017cy i kontener\u00f3w biurowych i wiat\"},\"image\":{\"@id\":\"https:\/\/kopia.garazyki.pl\/#\/schema\/logo\/image\/\"},\"sameAs\":[\"https:\/\/www.facebook.com\/garazyki\",\"https:\/\/www.instagram.com\/garazyki.pl\/\",\"https:\/\/www.linkedin.com\/company\/alicja-garazyki\/\"]}]}<\/script>\n<!-- \/ Yoast SEO plugin. -->","yoast_head_json":{"title":"W\u00e4rmeisollierte Garage 3,50 x 6,00 - Producent kontener\u00f3w biurowych, wiat \u015bmietnikowych, hal i gara\u017cy blaszanych","robots":{"index":"noindex","follow":"follow","max-snippet":"max-snippet:-1","max-image-preview":"max-image-preview:large","max-video-preview":"max-video-preview:-1"},"og_locale":"de_DE","og_type":"article","og_title":"W\u00e4rmeisollierte Garage 3,50 x 6,00 - Producent kontener\u00f3w biurowych, wiat \u015bmietnikowych, hal i gara\u017cy blaszanych","og_description":"Die Konstruktion der isolierten Garage, 3,50 m breit x 6,00 m tief, besteht aus pulverbeschichteten geschlossenen Profilen. Dach mit einem Sturz nach hinten (2,30 m H\u00f6he vorne \/ 2,00 m H\u00f6he hinten). Die Garagenummantelung besteht aus einer 75 mm dicken Sandwichplatte mit einem Polystyrolkern. Die Platte in Silber-RAL9006. In der Garage befindet sich ein mittig [&hellip;]","og_url":"http:\/\/kopia.garazyki.pl\/de\/producent\/warmeisollierte-garagen\/warmeisollierte-garage-350-x-600\/","og_site_name":"Producent kontener\u00f3w biurowych, wiat \u015bmietnikowych, hal i gara\u017cy blaszanych","article_publisher":"https:\/\/www.facebook.com\/garazyki","og_image":[{"width":740,"height":520,"url":"http:\/\/kopia.garazyki.pl\/wp-content\/uploads\/2022\/02\/86Min.jpg","type":"image\/jpeg"}],"twitter_card":"summary_large_image","twitter_misc":{"Gesch\u00e4tzte Lesezeit":"1 Minute"},"schema":{"@context":"https:\/\/schema.org","@graph":[{"@type":"WebPage","@id":"http:\/\/kopia.garazyki.pl\/de\/producent\/warmeisollierte-garagen\/warmeisollierte-garage-350-x-600\/","url":"http:\/\/kopia.garazyki.pl\/de\/producent\/warmeisollierte-garagen\/warmeisollierte-garage-350-x-600\/","name":"W\u00e4rmeisollierte Garage 3,50 x 6,00 - Producent kontener\u00f3w biurowych, wiat \u015bmietnikowych, hal i gara\u017cy blaszanych","isPartOf":{"@id":"https:\/\/kopia.garazyki.pl\/#website"},"datePublished":"2022-02-28T20:36:56+00:00","dateModified":"2022-02-28T20:36:56+00:00","breadcrumb":{"@id":"http:\/\/kopia.garazyki.pl\/de\/producent\/warmeisollierte-garagen\/warmeisollierte-garage-350-x-600\/#breadcrumb"},"inLanguage":"de-DE","potentialAction":[{"@type":"ReadAction","target":["http:\/\/kopia.garazyki.pl\/de\/producent\/warmeisollierte-garagen\/warmeisollierte-garage-350-x-600\/"]}]},{"@type":"BreadcrumbList","@id":"http:\/\/kopia.garazyki.pl\/de\/producent\/warmeisollierte-garagen\/warmeisollierte-garage-350-x-600\/#breadcrumb","itemListElement":[{"@type":"ListItem","position":1,"name":"Strona g\u0142\u00f3wna","item":"https:\/\/kopia.garazyki.pl\/de\/"},{"@type":"ListItem","position":2,"name":"Produkte","item":"http:\/\/kopia.garazyki.pl\/de\/shop\/"},{"@type":"ListItem","position":3,"name":"W\u00e4rmeisollierte Garage 3,50 x 6,00"}]},{"@type":"WebSite","@id":"https:\/\/kopia.garazyki.pl\/#website","url":"https:\/\/kopia.garazyki.pl\/","name":"Producent kontener\u00f3w biurowych, wiat \u015bmietnikowych, hal i gara\u017cy blaszanych","description":"Kontenery biurowe, wiaty \u015bmietnikowe, hale, gara\u017ce blaszane od producenta.","publisher":{"@id":"https:\/\/kopia.garazyki.pl\/#organization"},"potentialAction":[{"@type":"SearchAction","target":{"@type":"EntryPoint","urlTemplate":"https:\/\/kopia.garazyki.pl\/?s={search_term_string}"},"query-input":"required name=search_term_string"}],"inLanguage":"de-DE"},{"@type":"Organization","@id":"https:\/\/kopia.garazyki.pl\/#organization","name":"Garazyki.pl Producent gara\u017cy i kontener\u00f3w biurowych i wiat","url":"https:\/\/kopia.garazyki.pl\/","logo":{"@type":"ImageObject","inLanguage":"de-DE","@id":"https:\/\/kopia.garazyki.pl\/#\/schema\/logo\/image\/","url":"http:\/\/kopia.garazyki.pl\/wp-content\/uploads\/2022\/02\/logo_garazyki_pl.png","contentUrl":"http:\/\/kopia.garazyki.pl\/wp-content\/uploads\/2022\/02\/logo_garazyki_pl.png","width":120,"height":64,"caption":"Garazyki.pl Producent gara\u017cy i kontener\u00f3w biurowych i wiat"},"image":{"@id":"https:\/\/kopia.garazyki.pl\/#\/schema\/logo\/image\/"},"sameAs":["https:\/\/www.facebook.com\/garazyki","https:\/\/www.instagram.com\/garazyki.pl\/","https:\/\/www.linkedin.com\/company\/alicja-garazyki\/"]}]}},"_links":{"self":[{"href":"http:\/\/kopia.garazyki.pl\/de\/wp-json\/wp\/v2\/product\/105025"}],"collection":[{"href":"http:\/\/kopia.garazyki.pl\/de\/wp-json\/wp\/v2\/product"}],"about":[{"href":"http:\/\/kopia.garazyki.pl\/de\/wp-json\/wp\/v2\/types\/product"}],"replies":[{"embeddable":true,"href":"http:\/\/kopia.garazyki.pl\/de\/wp-json\/wp\/v2\/comments?post=105025"}],"wp:featuredmedia":[{"embeddable":true,"href":"http:\/\/kopia.garazyki.pl\/de\/wp-json\/wp\/v2\/media\/104681"}],"wp:attachment":[{"href":"http:\/\/kopia.garazyki.pl\/de\/wp-json\/wp\/v2\/media?parent=105025"}],"wp:term":[{"taxonomy":"product_cat","embeddable":true,"href":"http:\/\/kopia.garazyki.pl\/de\/wp-json\/wp\/v2\/product_cat?post=105025"},{"taxonomy":"product_tag","embeddable":true,"href":"http:\/\/kopia.garazyki.pl\/de\/wp-json\/wp\/v2\/product_tag?post=105025"}],"curies":[{"name":"wp","href":"https:\/\/api.w.org\/{rel}","templated":true}]}}