{"id":105022,"date":"2022-02-28T21:14:23","date_gmt":"2022-02-28T20:14:23","guid":{"rendered":"http:\/\/kopia.garazyki.pl\/producent\/unkategorisiert\/garage-warmeisolliert-700-x-500\/"},"modified":"2022-02-28T21:14:23","modified_gmt":"2022-02-28T20:14:23","slug":"garage-warmeisolliert-700-x-500","status":"publish","type":"product","link":"http:\/\/kopia.garazyki.pl\/de\/producent\/warmeisollierte-garagen\/garage-warmeisolliert-700-x-500\/","title":{"rendered":"Garage w\u00e4rmeisolliert 7,00 x 5,00"},"content":{"rendered":"<p>Die Struktur der Garage mit den Abmessungen 7,00 x 5,00 bestand aus pulverbeschichteten geschlossenen Profilen. Satteldach (Wandh\u00f6he 2,30 m \/ Dachh\u00f6he 2,80 m). Die Garagenummantelung besteht aus einer 75 mm dicken Sandwichplatte mit einem Polystyrolkern. Die Garage verf\u00fcgt \u00fcber eine Auf- und Ab-T\u00fcr, eine 90-cm-HORMANN-T\u00fcr und ein 118 x 100-PVC-Kipp- und Drehfenster. Farben: W\u00e4nde und Ecken in Wei\u00df &#8211; RAL9010, Tor, T\u00fcr, Dach, Windtr\u00e4ger &#8211; Graphitfarbe &#8211; RAL7016.<\/p>\n<p><span style=\"font-family: Arial, sans-serif;\"><b>Eigenschaften 7&#215;5:<\/b><\/span><\/p>\n<ul>\n<li><span style=\"font-family: Arial, sans-serif;\">Kipptor<\/span><\/li>\n<li><span style=\"font-family: Arial, sans-serif;\">Konstruktion aus geschlossenen Profilen<br \/>\n<\/span><\/li>\n<li><span style=\"font-family: Arial, sans-serif;\">Konstruktion pulverbeschichtet<br \/>\n<\/span><\/li>\n<li><span style=\"font-family: Arial, sans-serif;\">zus\u00e4tzliche T\u00fcr 90cm,<br \/>\n<\/span><\/li>\n<li><span style=\"font-family: Arial, sans-serif;\">Dach auf der ganzen L\u00e4nke verschraubt<br \/>\n<\/span><\/li>\n<li><span style=\"font-family: Arial, sans-serif;\">Wand-und Dachbeschichtung aus Sandwichplatten 75mm,<\/span><\/li>\n<li><span style=\"font-family: Arial, sans-serif;\">Blechbearbeitungen an den Ecken und den Windabweisern<\/span><\/li>\n<\/ul>\n","protected":false},"excerpt":{"rendered":"<p>Die Struktur der Garage mit den Abmessungen 7,00 x 5,00 bestand aus pulverbeschichteten geschlossenen Profilen. Satteldach (Wandh\u00f6he 2,30 m \/ Dachh\u00f6he 2,80 m). Die Garagenummantelung besteht aus einer 75 mm dicken Sandwichplatte mit einem Polystyrolkern. Die Garage verf\u00fcgt \u00fcber eine Auf- und Ab-T\u00fcr, eine 90-cm-HORMANN-T\u00fcr und ein 118 x 100-PVC-Kipp- und Drehfenster. Farben: W\u00e4nde und [&hellip;]<\/p>\n","protected":false},"featured_media":104637,"comment_status":"open","ping_status":"closed","template":"","meta":{"_et_pb_use_builder":"","_et_pb_old_content":"","_et_gb_content_width":""},"product_cat":[92],"product_tag":[],"yoast_head":"<!-- This site is optimized with the Yoast SEO plugin v21.6 - https:\/\/yoast.com\/wordpress\/plugins\/seo\/ -->\n<title>Garage w\u00e4rmeisolliert 7,00 x 5,00 - Producent kontener\u00f3w biurowych, wiat \u015bmietnikowych, hal i gara\u017cy blaszanych<\/title>\n<meta name=\"robots\" content=\"noindex, follow, max-snippet:-1, max-image-preview:large, max-video-preview:-1\" \/>\n<meta property=\"og:locale\" content=\"de_DE\" \/>\n<meta property=\"og:type\" content=\"article\" \/>\n<meta property=\"og:title\" content=\"Garage w\u00e4rmeisolliert 7,00 x 5,00 - Producent kontener\u00f3w biurowych, wiat \u015bmietnikowych, hal i gara\u017cy blaszanych\" \/>\n<meta property=\"og:description\" content=\"Die Struktur der Garage mit den Abmessungen 7,00 x 5,00 bestand aus pulverbeschichteten geschlossenen Profilen. Satteldach (Wandh\u00f6he 2,30 m \/ Dachh\u00f6he 2,80 m). Die Garagenummantelung besteht aus einer 75 mm dicken Sandwichplatte mit einem Polystyrolkern. Die Garage verf\u00fcgt \u00fcber eine Auf- und Ab-T\u00fcr, eine 90-cm-HORMANN-T\u00fcr und ein 118 x 100-PVC-Kipp- und Drehfenster. Farben: W\u00e4nde und [&hellip;]\" \/>\n<meta property=\"og:url\" content=\"http:\/\/kopia.garazyki.pl\/de\/producent\/warmeisollierte-garagen\/garage-warmeisolliert-700-x-500\/\" \/>\n<meta property=\"og:site_name\" content=\"Producent kontener\u00f3w biurowych, wiat \u015bmietnikowych, hal i gara\u017cy blaszanych\" \/>\n<meta property=\"article:publisher\" content=\"https:\/\/www.facebook.com\/garazyki\" \/>\n<meta property=\"og:image\" content=\"http:\/\/kopia.garazyki.pl\/wp-content\/uploads\/2022\/02\/0Garaz_ocieplany_700_x_500__1_.jpg\" \/>\n\t<meta property=\"og:image:width\" content=\"1024\" \/>\n\t<meta property=\"og:image:height\" content=\"720\" \/>\n\t<meta property=\"og:image:type\" content=\"image\/jpeg\" \/>\n<meta name=\"twitter:card\" content=\"summary_large_image\" \/>\n<meta name=\"twitter:label1\" content=\"Gesch\u00e4tzte Lesezeit\" \/>\n\t<meta name=\"twitter:data1\" content=\"1 Minute\" \/>\n<script type=\"application\/ld+json\" class=\"yoast-schema-graph\">{\"@context\":\"https:\/\/schema.org\",\"@graph\":[{\"@type\":\"WebPage\",\"@id\":\"http:\/\/kopia.garazyki.pl\/de\/producent\/warmeisollierte-garagen\/garage-warmeisolliert-700-x-500\/\",\"url\":\"http:\/\/kopia.garazyki.pl\/de\/producent\/warmeisollierte-garagen\/garage-warmeisolliert-700-x-500\/\",\"name\":\"Garage w\u00e4rmeisolliert 7,00 x 5,00 - Producent kontener\u00f3w biurowych, wiat \u015bmietnikowych, hal i gara\u017cy blaszanych\",\"isPartOf\":{\"@id\":\"https:\/\/kopia.garazyki.pl\/#website\"},\"datePublished\":\"2022-02-28T20:14:23+00:00\",\"dateModified\":\"2022-02-28T20:14:23+00:00\",\"breadcrumb\":{\"@id\":\"http:\/\/kopia.garazyki.pl\/de\/producent\/warmeisollierte-garagen\/garage-warmeisolliert-700-x-500\/#breadcrumb\"},\"inLanguage\":\"de-DE\",\"potentialAction\":[{\"@type\":\"ReadAction\",\"target\":[\"http:\/\/kopia.garazyki.pl\/de\/producent\/warmeisollierte-garagen\/garage-warmeisolliert-700-x-500\/\"]}]},{\"@type\":\"BreadcrumbList\",\"@id\":\"http:\/\/kopia.garazyki.pl\/de\/producent\/warmeisollierte-garagen\/garage-warmeisolliert-700-x-500\/#breadcrumb\",\"itemListElement\":[{\"@type\":\"ListItem\",\"position\":1,\"name\":\"Strona g\u0142\u00f3wna\",\"item\":\"https:\/\/kopia.garazyki.pl\/de\/\"},{\"@type\":\"ListItem\",\"position\":2,\"name\":\"Produkte\",\"item\":\"http:\/\/kopia.garazyki.pl\/de\/shop\/\"},{\"@type\":\"ListItem\",\"position\":3,\"name\":\"Garage w\u00e4rmeisolliert 7,00 x 5,00\"}]},{\"@type\":\"WebSite\",\"@id\":\"https:\/\/kopia.garazyki.pl\/#website\",\"url\":\"https:\/\/kopia.garazyki.pl\/\",\"name\":\"Producent kontener\u00f3w biurowych, wiat \u015bmietnikowych, hal i gara\u017cy blaszanych\",\"description\":\"Kontenery biurowe, wiaty \u015bmietnikowe, hale, gara\u017ce blaszane od producenta.\",\"publisher\":{\"@id\":\"https:\/\/kopia.garazyki.pl\/#organization\"},\"potentialAction\":[{\"@type\":\"SearchAction\",\"target\":{\"@type\":\"EntryPoint\",\"urlTemplate\":\"https:\/\/kopia.garazyki.pl\/?s={search_term_string}\"},\"query-input\":\"required name=search_term_string\"}],\"inLanguage\":\"de-DE\"},{\"@type\":\"Organization\",\"@id\":\"https:\/\/kopia.garazyki.pl\/#organization\",\"name\":\"Garazyki.pl Producent gara\u017cy i kontener\u00f3w biurowych i wiat\",\"url\":\"https:\/\/kopia.garazyki.pl\/\",\"logo\":{\"@type\":\"ImageObject\",\"inLanguage\":\"de-DE\",\"@id\":\"https:\/\/kopia.garazyki.pl\/#\/schema\/logo\/image\/\",\"url\":\"http:\/\/kopia.garazyki.pl\/wp-content\/uploads\/2022\/02\/logo_garazyki_pl.png\",\"contentUrl\":\"http:\/\/kopia.garazyki.pl\/wp-content\/uploads\/2022\/02\/logo_garazyki_pl.png\",\"width\":120,\"height\":64,\"caption\":\"Garazyki.pl Producent gara\u017cy i kontener\u00f3w biurowych i wiat\"},\"image\":{\"@id\":\"https:\/\/kopia.garazyki.pl\/#\/schema\/logo\/image\/\"},\"sameAs\":[\"https:\/\/www.facebook.com\/garazyki\",\"https:\/\/www.instagram.com\/garazyki.pl\/\",\"https:\/\/www.linkedin.com\/company\/alicja-garazyki\/\"]}]}<\/script>\n<!-- \/ Yoast SEO plugin. -->","yoast_head_json":{"title":"Garage w\u00e4rmeisolliert 7,00 x 5,00 - Producent kontener\u00f3w biurowych, wiat \u015bmietnikowych, hal i gara\u017cy blaszanych","robots":{"index":"noindex","follow":"follow","max-snippet":"max-snippet:-1","max-image-preview":"max-image-preview:large","max-video-preview":"max-video-preview:-1"},"og_locale":"de_DE","og_type":"article","og_title":"Garage w\u00e4rmeisolliert 7,00 x 5,00 - Producent kontener\u00f3w biurowych, wiat \u015bmietnikowych, hal i gara\u017cy blaszanych","og_description":"Die Struktur der Garage mit den Abmessungen 7,00 x 5,00 bestand aus pulverbeschichteten geschlossenen Profilen. Satteldach (Wandh\u00f6he 2,30 m \/ Dachh\u00f6he 2,80 m). Die Garagenummantelung besteht aus einer 75 mm dicken Sandwichplatte mit einem Polystyrolkern. Die Garage verf\u00fcgt \u00fcber eine Auf- und Ab-T\u00fcr, eine 90-cm-HORMANN-T\u00fcr und ein 118 x 100-PVC-Kipp- und Drehfenster. Farben: W\u00e4nde und [&hellip;]","og_url":"http:\/\/kopia.garazyki.pl\/de\/producent\/warmeisollierte-garagen\/garage-warmeisolliert-700-x-500\/","og_site_name":"Producent kontener\u00f3w biurowych, wiat \u015bmietnikowych, hal i gara\u017cy blaszanych","article_publisher":"https:\/\/www.facebook.com\/garazyki","og_image":[{"width":1024,"height":720,"url":"http:\/\/kopia.garazyki.pl\/wp-content\/uploads\/2022\/02\/0Garaz_ocieplany_700_x_500__1_.jpg","type":"image\/jpeg"}],"twitter_card":"summary_large_image","twitter_misc":{"Gesch\u00e4tzte Lesezeit":"1 Minute"},"schema":{"@context":"https:\/\/schema.org","@graph":[{"@type":"WebPage","@id":"http:\/\/kopia.garazyki.pl\/de\/producent\/warmeisollierte-garagen\/garage-warmeisolliert-700-x-500\/","url":"http:\/\/kopia.garazyki.pl\/de\/producent\/warmeisollierte-garagen\/garage-warmeisolliert-700-x-500\/","name":"Garage w\u00e4rmeisolliert 7,00 x 5,00 - Producent kontener\u00f3w biurowych, wiat \u015bmietnikowych, hal i gara\u017cy blaszanych","isPartOf":{"@id":"https:\/\/kopia.garazyki.pl\/#website"},"datePublished":"2022-02-28T20:14:23+00:00","dateModified":"2022-02-28T20:14:23+00:00","breadcrumb":{"@id":"http:\/\/kopia.garazyki.pl\/de\/producent\/warmeisollierte-garagen\/garage-warmeisolliert-700-x-500\/#breadcrumb"},"inLanguage":"de-DE","potentialAction":[{"@type":"ReadAction","target":["http:\/\/kopia.garazyki.pl\/de\/producent\/warmeisollierte-garagen\/garage-warmeisolliert-700-x-500\/"]}]},{"@type":"BreadcrumbList","@id":"http:\/\/kopia.garazyki.pl\/de\/producent\/warmeisollierte-garagen\/garage-warmeisolliert-700-x-500\/#breadcrumb","itemListElement":[{"@type":"ListItem","position":1,"name":"Strona g\u0142\u00f3wna","item":"https:\/\/kopia.garazyki.pl\/de\/"},{"@type":"ListItem","position":2,"name":"Produkte","item":"http:\/\/kopia.garazyki.pl\/de\/shop\/"},{"@type":"ListItem","position":3,"name":"Garage w\u00e4rmeisolliert 7,00 x 5,00"}]},{"@type":"WebSite","@id":"https:\/\/kopia.garazyki.pl\/#website","url":"https:\/\/kopia.garazyki.pl\/","name":"Producent kontener\u00f3w biurowych, wiat \u015bmietnikowych, hal i gara\u017cy blaszanych","description":"Kontenery biurowe, wiaty \u015bmietnikowe, hale, gara\u017ce blaszane od producenta.","publisher":{"@id":"https:\/\/kopia.garazyki.pl\/#organization"},"potentialAction":[{"@type":"SearchAction","target":{"@type":"EntryPoint","urlTemplate":"https:\/\/kopia.garazyki.pl\/?s={search_term_string}"},"query-input":"required name=search_term_string"}],"inLanguage":"de-DE"},{"@type":"Organization","@id":"https:\/\/kopia.garazyki.pl\/#organization","name":"Garazyki.pl Producent gara\u017cy i kontener\u00f3w biurowych i wiat","url":"https:\/\/kopia.garazyki.pl\/","logo":{"@type":"ImageObject","inLanguage":"de-DE","@id":"https:\/\/kopia.garazyki.pl\/#\/schema\/logo\/image\/","url":"http:\/\/kopia.garazyki.pl\/wp-content\/uploads\/2022\/02\/logo_garazyki_pl.png","contentUrl":"http:\/\/kopia.garazyki.pl\/wp-content\/uploads\/2022\/02\/logo_garazyki_pl.png","width":120,"height":64,"caption":"Garazyki.pl Producent gara\u017cy i kontener\u00f3w biurowych i wiat"},"image":{"@id":"https:\/\/kopia.garazyki.pl\/#\/schema\/logo\/image\/"},"sameAs":["https:\/\/www.facebook.com\/garazyki","https:\/\/www.instagram.com\/garazyki.pl\/","https:\/\/www.linkedin.com\/company\/alicja-garazyki\/"]}]}},"_links":{"self":[{"href":"http:\/\/kopia.garazyki.pl\/de\/wp-json\/wp\/v2\/product\/105022"}],"collection":[{"href":"http:\/\/kopia.garazyki.pl\/de\/wp-json\/wp\/v2\/product"}],"about":[{"href":"http:\/\/kopia.garazyki.pl\/de\/wp-json\/wp\/v2\/types\/product"}],"replies":[{"embeddable":true,"href":"http:\/\/kopia.garazyki.pl\/de\/wp-json\/wp\/v2\/comments?post=105022"}],"wp:featuredmedia":[{"embeddable":true,"href":"http:\/\/kopia.garazyki.pl\/de\/wp-json\/wp\/v2\/media\/104637"}],"wp:attachment":[{"href":"http:\/\/kopia.garazyki.pl\/de\/wp-json\/wp\/v2\/media?parent=105022"}],"wp:term":[{"taxonomy":"product_cat","embeddable":true,"href":"http:\/\/kopia.garazyki.pl\/de\/wp-json\/wp\/v2\/product_cat?post=105022"},{"taxonomy":"product_tag","embeddable":true,"href":"http:\/\/kopia.garazyki.pl\/de\/wp-json\/wp\/v2\/product_tag?post=105022"}],"curies":[{"name":"wp","href":"https:\/\/api.w.org\/{rel}","templated":true}]}}