{"id":104977,"date":"2022-01-09T12:40:49","date_gmt":"2022-01-09T11:40:49","guid":{"rendered":"http:\/\/kopia.garazyki.pl\/producent\/uncategorized\/35x7-garage-mit-details\/"},"modified":"2022-01-09T12:40:49","modified_gmt":"2022-01-09T11:40:49","slug":"35x7-garage-mit-details","status":"publish","type":"product","link":"http:\/\/kopia.garazyki.pl\/de\/producent\/blechgaragen\/garagen-mit-beschichtung\/35x7-garage-mit-details\/","title":{"rendered":"3,5&#215;7-GARAGE MIT DETAILS"},"content":{"rendered":"<p lang=\"\"><span style=\"font-family: Arial, sans-serif;\">Die Garage weist eine zur Seite abfallende Dachneigung auf. Die H\u00f6he auf der linken Seite betr\u00e4gt 2,50 m. Die Garage mit einer zur rechten Seite abfallenden Dachneigung ist 2,30 m hoch. Die Konstruktion wird auf Basis von kaltgezogenen L-Profilen, C-Profilen als auch geschlossenen Profilen hergestellt und mit Grund- sowie Deckfarbe beschichtet. Die Beschichtung der W\u00e4nde und Tore der Konstruktion stellt die T12-Blechverkleidung in der RAL-Farbe 7035 (graphitfarben) dar. Die Dachbeschichtung stellt die T18-Blechverkleidung in der RAL-Farbe 7024 (graphitfarben) dar. Das Dach ist mit einem Windtr\u00e4ger ausgestattet. Zweifl\u00fcgeliges Einfahrtstor an der Front mit Halterungen f\u00fcr Vorh\u00e4ngeschl\u00f6sser und einem zus\u00e4tzlichen Schloss.<\/span><\/p>\n<p lang=\"\">\n<p lang=\"\"><span style=\"font-family: Arial, sans-serif;\"><span style=\"font-size: medium;\"><b>Merkmale der 3,5&#215;7-Garage:<\/b><\/span><\/span><\/p>\n<p lang=\"\">\n<p>&nbsp;<\/p>\n<ul>\n<li>\n<p lang=\"\"><span style=\"font-family: Arial, sans-serif;\">Eine nach rechts abfallende Dachneigung 2,50\/2,30<\/span><\/p>\n<\/li>\n<li>\n<p lang=\"\"><span style=\"font-family: Arial, sans-serif;\">zweifl\u00fcgeliges Einfahrtstor mit Schloss<\/span><\/p>\n<\/li>\n<li>\n<p lang=\"\"><span style=\"font-family: Arial, sans-serif;\">Die Konstruktion wird mit der der Blechfarbe entsprechenden Grundfarbe beschichten.<\/span><\/p>\n<\/li>\n<li>\n<p lang=\"\"><span style=\"font-family: Arial, sans-serif;\">Verkleidung: beschichtetes Blech<\/span><\/p>\n<\/li>\n<li>\n<p lang=\"\"><span style=\"font-family: Arial, sans-serif;\">Das Dach ist mit einem Windtr\u00e4ger, die W\u00e4nde mit Eckschutzleisten ausgestattet.<\/span><\/p>\n<\/li>\n<\/ul>\n","protected":false},"excerpt":{"rendered":"<p>Die Garage weist eine zur Seite abfallende Dachneigung auf. Die H\u00f6he auf der linken Seite betr\u00e4gt 2,50 m. Die Garage mit einer zur rechten Seite abfallenden Dachneigung ist 2,30 m hoch. Die Konstruktion wird auf Basis von kaltgezogenen L-Profilen, C-Profilen als auch geschlossenen Profilen hergestellt und mit Grund- sowie Deckfarbe beschichtet. Die Beschichtung der W\u00e4nde [&hellip;]<\/p>\n","protected":false},"featured_media":103276,"comment_status":"open","ping_status":"closed","template":"","meta":{"_et_pb_use_builder":"","_et_pb_old_content":"","_et_gb_content_width":""},"product_cat":[87],"product_tag":[],"yoast_head":"<!-- This site is optimized with the Yoast SEO plugin v21.6 - https:\/\/yoast.com\/wordpress\/plugins\/seo\/ -->\n<title>3,5x7-GARAGE MIT DETAILS - Producent kontener\u00f3w biurowych, wiat \u015bmietnikowych, hal i gara\u017cy blaszanych<\/title>\n<meta name=\"robots\" content=\"noindex, follow, max-snippet:-1, max-image-preview:large, max-video-preview:-1\" \/>\n<meta property=\"og:locale\" content=\"de_DE\" \/>\n<meta property=\"og:type\" content=\"article\" \/>\n<meta property=\"og:title\" content=\"3,5x7-GARAGE MIT DETAILS - Producent kontener\u00f3w biurowych, wiat \u015bmietnikowych, hal i gara\u017cy blaszanych\" \/>\n<meta property=\"og:description\" content=\"Die Garage weist eine zur Seite abfallende Dachneigung auf. Die H\u00f6he auf der linken Seite betr\u00e4gt 2,50 m. Die Garage mit einer zur rechten Seite abfallenden Dachneigung ist 2,30 m hoch. Die Konstruktion wird auf Basis von kaltgezogenen L-Profilen, C-Profilen als auch geschlossenen Profilen hergestellt und mit Grund- sowie Deckfarbe beschichtet. Die Beschichtung der W\u00e4nde [&hellip;]\" \/>\n<meta property=\"og:url\" content=\"http:\/\/kopia.garazyki.pl\/de\/producent\/blechgaragen\/garagen-mit-beschichtung\/35x7-garage-mit-details\/\" \/>\n<meta property=\"og:site_name\" content=\"Producent kontener\u00f3w biurowych, wiat \u015bmietnikowych, hal i gara\u017cy blaszanych\" \/>\n<meta property=\"article:publisher\" content=\"https:\/\/www.facebook.com\/garazyki\" \/>\n<meta property=\"og:image\" content=\"http:\/\/kopia.garazyki.pl\/wp-content\/uploads\/2022\/01\/0garaz-3x6siwyMin.jpg\" \/>\n\t<meta property=\"og:image:width\" content=\"555\" \/>\n\t<meta property=\"og:image:height\" content=\"390\" \/>\n\t<meta property=\"og:image:type\" content=\"image\/jpeg\" \/>\n<meta name=\"twitter:card\" content=\"summary_large_image\" \/>\n<meta name=\"twitter:label1\" content=\"Gesch\u00e4tzte Lesezeit\" \/>\n\t<meta name=\"twitter:data1\" content=\"1 Minute\" \/>\n<script type=\"application\/ld+json\" class=\"yoast-schema-graph\">{\"@context\":\"https:\/\/schema.org\",\"@graph\":[{\"@type\":\"WebPage\",\"@id\":\"http:\/\/kopia.garazyki.pl\/de\/producent\/blechgaragen\/garagen-mit-beschichtung\/35x7-garage-mit-details\/\",\"url\":\"http:\/\/kopia.garazyki.pl\/de\/producent\/blechgaragen\/garagen-mit-beschichtung\/35x7-garage-mit-details\/\",\"name\":\"3,5x7-GARAGE MIT DETAILS - Producent kontener\u00f3w biurowych, wiat \u015bmietnikowych, hal i gara\u017cy blaszanych\",\"isPartOf\":{\"@id\":\"https:\/\/kopia.garazyki.pl\/#website\"},\"datePublished\":\"2022-01-09T11:40:49+00:00\",\"dateModified\":\"2022-01-09T11:40:49+00:00\",\"breadcrumb\":{\"@id\":\"http:\/\/kopia.garazyki.pl\/de\/producent\/blechgaragen\/garagen-mit-beschichtung\/35x7-garage-mit-details\/#breadcrumb\"},\"inLanguage\":\"de-DE\",\"potentialAction\":[{\"@type\":\"ReadAction\",\"target\":[\"http:\/\/kopia.garazyki.pl\/de\/producent\/blechgaragen\/garagen-mit-beschichtung\/35x7-garage-mit-details\/\"]}]},{\"@type\":\"BreadcrumbList\",\"@id\":\"http:\/\/kopia.garazyki.pl\/de\/producent\/blechgaragen\/garagen-mit-beschichtung\/35x7-garage-mit-details\/#breadcrumb\",\"itemListElement\":[{\"@type\":\"ListItem\",\"position\":1,\"name\":\"Strona g\u0142\u00f3wna\",\"item\":\"https:\/\/kopia.garazyki.pl\/de\/\"},{\"@type\":\"ListItem\",\"position\":2,\"name\":\"Produkte\",\"item\":\"http:\/\/kopia.garazyki.pl\/de\/shop\/\"},{\"@type\":\"ListItem\",\"position\":3,\"name\":\"3,5&#215;7-GARAGE MIT DETAILS\"}]},{\"@type\":\"WebSite\",\"@id\":\"https:\/\/kopia.garazyki.pl\/#website\",\"url\":\"https:\/\/kopia.garazyki.pl\/\",\"name\":\"Producent kontener\u00f3w biurowych, wiat \u015bmietnikowych, hal i gara\u017cy blaszanych\",\"description\":\"Kontenery biurowe, wiaty \u015bmietnikowe, hale, gara\u017ce blaszane od producenta.\",\"publisher\":{\"@id\":\"https:\/\/kopia.garazyki.pl\/#organization\"},\"potentialAction\":[{\"@type\":\"SearchAction\",\"target\":{\"@type\":\"EntryPoint\",\"urlTemplate\":\"https:\/\/kopia.garazyki.pl\/?s={search_term_string}\"},\"query-input\":\"required name=search_term_string\"}],\"inLanguage\":\"de-DE\"},{\"@type\":\"Organization\",\"@id\":\"https:\/\/kopia.garazyki.pl\/#organization\",\"name\":\"Garazyki.pl Producent gara\u017cy i kontener\u00f3w biurowych i wiat\",\"url\":\"https:\/\/kopia.garazyki.pl\/\",\"logo\":{\"@type\":\"ImageObject\",\"inLanguage\":\"de-DE\",\"@id\":\"https:\/\/kopia.garazyki.pl\/#\/schema\/logo\/image\/\",\"url\":\"http:\/\/kopia.garazyki.pl\/wp-content\/uploads\/2022\/02\/logo_garazyki_pl.png\",\"contentUrl\":\"http:\/\/kopia.garazyki.pl\/wp-content\/uploads\/2022\/02\/logo_garazyki_pl.png\",\"width\":120,\"height\":64,\"caption\":\"Garazyki.pl Producent gara\u017cy i kontener\u00f3w biurowych i wiat\"},\"image\":{\"@id\":\"https:\/\/kopia.garazyki.pl\/#\/schema\/logo\/image\/\"},\"sameAs\":[\"https:\/\/www.facebook.com\/garazyki\",\"https:\/\/www.instagram.com\/garazyki.pl\/\",\"https:\/\/www.linkedin.com\/company\/alicja-garazyki\/\"]}]}<\/script>\n<!-- \/ Yoast SEO plugin. -->","yoast_head_json":{"title":"3,5x7-GARAGE MIT DETAILS - Producent kontener\u00f3w biurowych, wiat \u015bmietnikowych, hal i gara\u017cy blaszanych","robots":{"index":"noindex","follow":"follow","max-snippet":"max-snippet:-1","max-image-preview":"max-image-preview:large","max-video-preview":"max-video-preview:-1"},"og_locale":"de_DE","og_type":"article","og_title":"3,5x7-GARAGE MIT DETAILS - Producent kontener\u00f3w biurowych, wiat \u015bmietnikowych, hal i gara\u017cy blaszanych","og_description":"Die Garage weist eine zur Seite abfallende Dachneigung auf. Die H\u00f6he auf der linken Seite betr\u00e4gt 2,50 m. Die Garage mit einer zur rechten Seite abfallenden Dachneigung ist 2,30 m hoch. Die Konstruktion wird auf Basis von kaltgezogenen L-Profilen, C-Profilen als auch geschlossenen Profilen hergestellt und mit Grund- sowie Deckfarbe beschichtet. Die Beschichtung der W\u00e4nde [&hellip;]","og_url":"http:\/\/kopia.garazyki.pl\/de\/producent\/blechgaragen\/garagen-mit-beschichtung\/35x7-garage-mit-details\/","og_site_name":"Producent kontener\u00f3w biurowych, wiat \u015bmietnikowych, hal i gara\u017cy blaszanych","article_publisher":"https:\/\/www.facebook.com\/garazyki","og_image":[{"width":555,"height":390,"url":"http:\/\/kopia.garazyki.pl\/wp-content\/uploads\/2022\/01\/0garaz-3x6siwyMin.jpg","type":"image\/jpeg"}],"twitter_card":"summary_large_image","twitter_misc":{"Gesch\u00e4tzte Lesezeit":"1 Minute"},"schema":{"@context":"https:\/\/schema.org","@graph":[{"@type":"WebPage","@id":"http:\/\/kopia.garazyki.pl\/de\/producent\/blechgaragen\/garagen-mit-beschichtung\/35x7-garage-mit-details\/","url":"http:\/\/kopia.garazyki.pl\/de\/producent\/blechgaragen\/garagen-mit-beschichtung\/35x7-garage-mit-details\/","name":"3,5x7-GARAGE MIT DETAILS - Producent kontener\u00f3w biurowych, wiat \u015bmietnikowych, hal i gara\u017cy blaszanych","isPartOf":{"@id":"https:\/\/kopia.garazyki.pl\/#website"},"datePublished":"2022-01-09T11:40:49+00:00","dateModified":"2022-01-09T11:40:49+00:00","breadcrumb":{"@id":"http:\/\/kopia.garazyki.pl\/de\/producent\/blechgaragen\/garagen-mit-beschichtung\/35x7-garage-mit-details\/#breadcrumb"},"inLanguage":"de-DE","potentialAction":[{"@type":"ReadAction","target":["http:\/\/kopia.garazyki.pl\/de\/producent\/blechgaragen\/garagen-mit-beschichtung\/35x7-garage-mit-details\/"]}]},{"@type":"BreadcrumbList","@id":"http:\/\/kopia.garazyki.pl\/de\/producent\/blechgaragen\/garagen-mit-beschichtung\/35x7-garage-mit-details\/#breadcrumb","itemListElement":[{"@type":"ListItem","position":1,"name":"Strona g\u0142\u00f3wna","item":"https:\/\/kopia.garazyki.pl\/de\/"},{"@type":"ListItem","position":2,"name":"Produkte","item":"http:\/\/kopia.garazyki.pl\/de\/shop\/"},{"@type":"ListItem","position":3,"name":"3,5&#215;7-GARAGE MIT DETAILS"}]},{"@type":"WebSite","@id":"https:\/\/kopia.garazyki.pl\/#website","url":"https:\/\/kopia.garazyki.pl\/","name":"Producent kontener\u00f3w biurowych, wiat \u015bmietnikowych, hal i gara\u017cy blaszanych","description":"Kontenery biurowe, wiaty \u015bmietnikowe, hale, gara\u017ce blaszane od producenta.","publisher":{"@id":"https:\/\/kopia.garazyki.pl\/#organization"},"potentialAction":[{"@type":"SearchAction","target":{"@type":"EntryPoint","urlTemplate":"https:\/\/kopia.garazyki.pl\/?s={search_term_string}"},"query-input":"required name=search_term_string"}],"inLanguage":"de-DE"},{"@type":"Organization","@id":"https:\/\/kopia.garazyki.pl\/#organization","name":"Garazyki.pl Producent gara\u017cy i kontener\u00f3w biurowych i wiat","url":"https:\/\/kopia.garazyki.pl\/","logo":{"@type":"ImageObject","inLanguage":"de-DE","@id":"https:\/\/kopia.garazyki.pl\/#\/schema\/logo\/image\/","url":"http:\/\/kopia.garazyki.pl\/wp-content\/uploads\/2022\/02\/logo_garazyki_pl.png","contentUrl":"http:\/\/kopia.garazyki.pl\/wp-content\/uploads\/2022\/02\/logo_garazyki_pl.png","width":120,"height":64,"caption":"Garazyki.pl Producent gara\u017cy i kontener\u00f3w biurowych i wiat"},"image":{"@id":"https:\/\/kopia.garazyki.pl\/#\/schema\/logo\/image\/"},"sameAs":["https:\/\/www.facebook.com\/garazyki","https:\/\/www.instagram.com\/garazyki.pl\/","https:\/\/www.linkedin.com\/company\/alicja-garazyki\/"]}]}},"_links":{"self":[{"href":"http:\/\/kopia.garazyki.pl\/de\/wp-json\/wp\/v2\/product\/104977"}],"collection":[{"href":"http:\/\/kopia.garazyki.pl\/de\/wp-json\/wp\/v2\/product"}],"about":[{"href":"http:\/\/kopia.garazyki.pl\/de\/wp-json\/wp\/v2\/types\/product"}],"replies":[{"embeddable":true,"href":"http:\/\/kopia.garazyki.pl\/de\/wp-json\/wp\/v2\/comments?post=104977"}],"wp:featuredmedia":[{"embeddable":true,"href":"http:\/\/kopia.garazyki.pl\/de\/wp-json\/wp\/v2\/media\/103276"}],"wp:attachment":[{"href":"http:\/\/kopia.garazyki.pl\/de\/wp-json\/wp\/v2\/media?parent=104977"}],"wp:term":[{"taxonomy":"product_cat","embeddable":true,"href":"http:\/\/kopia.garazyki.pl\/de\/wp-json\/wp\/v2\/product_cat?post=104977"},{"taxonomy":"product_tag","embeddable":true,"href":"http:\/\/kopia.garazyki.pl\/de\/wp-json\/wp\/v2\/product_tag?post=104977"}],"curies":[{"name":"wp","href":"https:\/\/api.w.org\/{rel}","templated":true}]}}