{"id":104975,"date":"2022-01-09T12:35:16","date_gmt":"2022-01-09T11:35:16","guid":{"rendered":"http:\/\/kopia.garazyki.pl\/producent\/uncategorized\/3x5-garage-mit-kipptor-und-satteldach-braun\/"},"modified":"2022-01-09T12:35:16","modified_gmt":"2022-01-09T11:35:16","slug":"3x5-garage-mit-kipptor-und-satteldach-braun","status":"publish","type":"product","link":"http:\/\/kopia.garazyki.pl\/de\/producent\/blechgaragen\/garagen-mit-beschichtung\/3x5-garage-mit-kipptor-und-satteldach-braun\/","title":{"rendered":"3&#215;5-GARAGE MIT KIPPTOR UND SATTELDACH, BRAUN"},"content":{"rendered":"<p>Standardausf\u00fchrung des Produkts mit Abmessungen von 3&#215;5 mit einem Kipptor und einem Satteldach. Die Konstruktion wird auf Basis von geschlossenen Profilen hergestellt und mit verzinktem Trapezblech in brauner Farbe verkleidet (RAL 8017). Blech an den W\u00e4nden: T 12. Satteldach (Wandh\u00f6he: 2,13 m, Giebelh\u00f6he: 2,80 m). Dachverkleidung: Trapezblech T 18. Kipptor mit Blechverkleidung T 8. Die braune Farbe ist eine von vielen RAL-Farben, die wir unseren Kunden anbieten k\u00f6nnen.<\/p>\n<p><b>Merkmale der 3&#215;5-Garage in brauner Farbe:<\/b><\/p>\n<ul>\n<li>Blechbeschichtung in brauner Farbe<\/li>\n<li>Einfahrtskipptor mit Schloss<\/li>\n<li>Satteldach<\/li>\n<li>Wandh\u00f6he: 2,13 m, Giebelh\u00f6he: 2,80 m<\/li>\n<li>Blech an den W\u00e4nden: T 12<\/li>\n<li>Befestigung des Blechs an der Konstruktion mittels Aluminiumnieten in Blechfarbe<\/li>\n<\/ul>\n","protected":false},"excerpt":{"rendered":"<p>Standardausf\u00fchrung des Produkts mit Abmessungen von 3&#215;5 mit einem Kipptor und einem Satteldach. Die Konstruktion wird auf Basis von geschlossenen Profilen hergestellt und mit verzinktem Trapezblech in brauner Farbe verkleidet (RAL 8017). Blech an den W\u00e4nden: T 12. Satteldach (Wandh\u00f6he: 2,13 m, Giebelh\u00f6he: 2,80 m). Dachverkleidung: Trapezblech T 18. Kipptor mit Blechverkleidung T 8. Die [&hellip;]<\/p>\n","protected":false},"featured_media":103258,"comment_status":"open","ping_status":"closed","template":"","meta":{"_et_pb_use_builder":"","_et_pb_old_content":"","_et_gb_content_width":""},"product_cat":[87],"product_tag":[],"yoast_head":"<!-- This site is optimized with the Yoast SEO plugin v21.6 - https:\/\/yoast.com\/wordpress\/plugins\/seo\/ -->\n<title>3x5-GARAGE MIT KIPPTOR UND SATTELDACH, BRAUN - Producent kontener\u00f3w biurowych, wiat \u015bmietnikowych, hal i gara\u017cy blaszanych<\/title>\n<meta name=\"robots\" content=\"noindex, follow, max-snippet:-1, max-image-preview:large, max-video-preview:-1\" \/>\n<meta property=\"og:locale\" content=\"de_DE\" \/>\n<meta property=\"og:type\" content=\"article\" \/>\n<meta property=\"og:title\" content=\"3x5-GARAGE MIT KIPPTOR UND SATTELDACH, BRAUN - Producent kontener\u00f3w biurowych, wiat \u015bmietnikowych, hal i gara\u017cy blaszanych\" \/>\n<meta property=\"og:description\" content=\"Standardausf\u00fchrung des Produkts mit Abmessungen von 3&#215;5 mit einem Kipptor und einem Satteldach. Die Konstruktion wird auf Basis von geschlossenen Profilen hergestellt und mit verzinktem Trapezblech in brauner Farbe verkleidet (RAL 8017). Blech an den W\u00e4nden: T 12. Satteldach (Wandh\u00f6he: 2,13 m, Giebelh\u00f6he: 2,80 m). Dachverkleidung: Trapezblech T 18. Kipptor mit Blechverkleidung T 8. Die [&hellip;]\" \/>\n<meta property=\"og:url\" content=\"http:\/\/kopia.garazyki.pl\/de\/producent\/blechgaragen\/garagen-mit-beschichtung\/3x5-garage-mit-kipptor-und-satteldach-braun\/\" \/>\n<meta property=\"og:site_name\" content=\"Producent kontener\u00f3w biurowych, wiat \u015bmietnikowych, hal i gara\u017cy blaszanych\" \/>\n<meta property=\"article:publisher\" content=\"https:\/\/www.facebook.com\/garazyki\" \/>\n<meta property=\"og:image\" content=\"http:\/\/kopia.garazyki.pl\/wp-content\/uploads\/2022\/01\/03x5_dwuspad_uchylny_brazowy___1_.jpg\" \/>\n\t<meta property=\"og:image:width\" content=\"1024\" \/>\n\t<meta property=\"og:image:height\" content=\"720\" \/>\n\t<meta property=\"og:image:type\" content=\"image\/jpeg\" \/>\n<meta name=\"twitter:card\" content=\"summary_large_image\" \/>\n<meta name=\"twitter:label1\" content=\"Gesch\u00e4tzte Lesezeit\" \/>\n\t<meta name=\"twitter:data1\" content=\"1 Minute\" \/>\n<script type=\"application\/ld+json\" class=\"yoast-schema-graph\">{\"@context\":\"https:\/\/schema.org\",\"@graph\":[{\"@type\":\"WebPage\",\"@id\":\"http:\/\/kopia.garazyki.pl\/de\/producent\/blechgaragen\/garagen-mit-beschichtung\/3x5-garage-mit-kipptor-und-satteldach-braun\/\",\"url\":\"http:\/\/kopia.garazyki.pl\/de\/producent\/blechgaragen\/garagen-mit-beschichtung\/3x5-garage-mit-kipptor-und-satteldach-braun\/\",\"name\":\"3x5-GARAGE MIT KIPPTOR UND SATTELDACH, BRAUN - Producent kontener\u00f3w biurowych, wiat \u015bmietnikowych, hal i gara\u017cy blaszanych\",\"isPartOf\":{\"@id\":\"https:\/\/kopia.garazyki.pl\/#website\"},\"datePublished\":\"2022-01-09T11:35:16+00:00\",\"dateModified\":\"2022-01-09T11:35:16+00:00\",\"breadcrumb\":{\"@id\":\"http:\/\/kopia.garazyki.pl\/de\/producent\/blechgaragen\/garagen-mit-beschichtung\/3x5-garage-mit-kipptor-und-satteldach-braun\/#breadcrumb\"},\"inLanguage\":\"de-DE\",\"potentialAction\":[{\"@type\":\"ReadAction\",\"target\":[\"http:\/\/kopia.garazyki.pl\/de\/producent\/blechgaragen\/garagen-mit-beschichtung\/3x5-garage-mit-kipptor-und-satteldach-braun\/\"]}]},{\"@type\":\"BreadcrumbList\",\"@id\":\"http:\/\/kopia.garazyki.pl\/de\/producent\/blechgaragen\/garagen-mit-beschichtung\/3x5-garage-mit-kipptor-und-satteldach-braun\/#breadcrumb\",\"itemListElement\":[{\"@type\":\"ListItem\",\"position\":1,\"name\":\"Strona g\u0142\u00f3wna\",\"item\":\"https:\/\/kopia.garazyki.pl\/de\/\"},{\"@type\":\"ListItem\",\"position\":2,\"name\":\"Produkte\",\"item\":\"http:\/\/kopia.garazyki.pl\/de\/shop\/\"},{\"@type\":\"ListItem\",\"position\":3,\"name\":\"3&#215;5-GARAGE MIT KIPPTOR UND SATTELDACH, BRAUN\"}]},{\"@type\":\"WebSite\",\"@id\":\"https:\/\/kopia.garazyki.pl\/#website\",\"url\":\"https:\/\/kopia.garazyki.pl\/\",\"name\":\"Producent kontener\u00f3w biurowych, wiat \u015bmietnikowych, hal i gara\u017cy blaszanych\",\"description\":\"Kontenery biurowe, wiaty \u015bmietnikowe, hale, gara\u017ce blaszane od producenta.\",\"publisher\":{\"@id\":\"https:\/\/kopia.garazyki.pl\/#organization\"},\"potentialAction\":[{\"@type\":\"SearchAction\",\"target\":{\"@type\":\"EntryPoint\",\"urlTemplate\":\"https:\/\/kopia.garazyki.pl\/?s={search_term_string}\"},\"query-input\":\"required name=search_term_string\"}],\"inLanguage\":\"de-DE\"},{\"@type\":\"Organization\",\"@id\":\"https:\/\/kopia.garazyki.pl\/#organization\",\"name\":\"Garazyki.pl Producent gara\u017cy i kontener\u00f3w biurowych i wiat\",\"url\":\"https:\/\/kopia.garazyki.pl\/\",\"logo\":{\"@type\":\"ImageObject\",\"inLanguage\":\"de-DE\",\"@id\":\"https:\/\/kopia.garazyki.pl\/#\/schema\/logo\/image\/\",\"url\":\"http:\/\/kopia.garazyki.pl\/wp-content\/uploads\/2022\/02\/logo_garazyki_pl.png\",\"contentUrl\":\"http:\/\/kopia.garazyki.pl\/wp-content\/uploads\/2022\/02\/logo_garazyki_pl.png\",\"width\":120,\"height\":64,\"caption\":\"Garazyki.pl Producent gara\u017cy i kontener\u00f3w biurowych i wiat\"},\"image\":{\"@id\":\"https:\/\/kopia.garazyki.pl\/#\/schema\/logo\/image\/\"},\"sameAs\":[\"https:\/\/www.facebook.com\/garazyki\",\"https:\/\/www.instagram.com\/garazyki.pl\/\",\"https:\/\/www.linkedin.com\/company\/alicja-garazyki\/\"]}]}<\/script>\n<!-- \/ Yoast SEO plugin. -->","yoast_head_json":{"title":"3x5-GARAGE MIT KIPPTOR UND SATTELDACH, BRAUN - Producent kontener\u00f3w biurowych, wiat \u015bmietnikowych, hal i gara\u017cy blaszanych","robots":{"index":"noindex","follow":"follow","max-snippet":"max-snippet:-1","max-image-preview":"max-image-preview:large","max-video-preview":"max-video-preview:-1"},"og_locale":"de_DE","og_type":"article","og_title":"3x5-GARAGE MIT KIPPTOR UND SATTELDACH, BRAUN - Producent kontener\u00f3w biurowych, wiat \u015bmietnikowych, hal i gara\u017cy blaszanych","og_description":"Standardausf\u00fchrung des Produkts mit Abmessungen von 3&#215;5 mit einem Kipptor und einem Satteldach. Die Konstruktion wird auf Basis von geschlossenen Profilen hergestellt und mit verzinktem Trapezblech in brauner Farbe verkleidet (RAL 8017). Blech an den W\u00e4nden: T 12. Satteldach (Wandh\u00f6he: 2,13 m, Giebelh\u00f6he: 2,80 m). Dachverkleidung: Trapezblech T 18. Kipptor mit Blechverkleidung T 8. Die [&hellip;]","og_url":"http:\/\/kopia.garazyki.pl\/de\/producent\/blechgaragen\/garagen-mit-beschichtung\/3x5-garage-mit-kipptor-und-satteldach-braun\/","og_site_name":"Producent kontener\u00f3w biurowych, wiat \u015bmietnikowych, hal i gara\u017cy blaszanych","article_publisher":"https:\/\/www.facebook.com\/garazyki","og_image":[{"width":1024,"height":720,"url":"http:\/\/kopia.garazyki.pl\/wp-content\/uploads\/2022\/01\/03x5_dwuspad_uchylny_brazowy___1_.jpg","type":"image\/jpeg"}],"twitter_card":"summary_large_image","twitter_misc":{"Gesch\u00e4tzte Lesezeit":"1 Minute"},"schema":{"@context":"https:\/\/schema.org","@graph":[{"@type":"WebPage","@id":"http:\/\/kopia.garazyki.pl\/de\/producent\/blechgaragen\/garagen-mit-beschichtung\/3x5-garage-mit-kipptor-und-satteldach-braun\/","url":"http:\/\/kopia.garazyki.pl\/de\/producent\/blechgaragen\/garagen-mit-beschichtung\/3x5-garage-mit-kipptor-und-satteldach-braun\/","name":"3x5-GARAGE MIT KIPPTOR UND SATTELDACH, BRAUN - Producent kontener\u00f3w biurowych, wiat \u015bmietnikowych, hal i gara\u017cy blaszanych","isPartOf":{"@id":"https:\/\/kopia.garazyki.pl\/#website"},"datePublished":"2022-01-09T11:35:16+00:00","dateModified":"2022-01-09T11:35:16+00:00","breadcrumb":{"@id":"http:\/\/kopia.garazyki.pl\/de\/producent\/blechgaragen\/garagen-mit-beschichtung\/3x5-garage-mit-kipptor-und-satteldach-braun\/#breadcrumb"},"inLanguage":"de-DE","potentialAction":[{"@type":"ReadAction","target":["http:\/\/kopia.garazyki.pl\/de\/producent\/blechgaragen\/garagen-mit-beschichtung\/3x5-garage-mit-kipptor-und-satteldach-braun\/"]}]},{"@type":"BreadcrumbList","@id":"http:\/\/kopia.garazyki.pl\/de\/producent\/blechgaragen\/garagen-mit-beschichtung\/3x5-garage-mit-kipptor-und-satteldach-braun\/#breadcrumb","itemListElement":[{"@type":"ListItem","position":1,"name":"Strona g\u0142\u00f3wna","item":"https:\/\/kopia.garazyki.pl\/de\/"},{"@type":"ListItem","position":2,"name":"Produkte","item":"http:\/\/kopia.garazyki.pl\/de\/shop\/"},{"@type":"ListItem","position":3,"name":"3&#215;5-GARAGE MIT KIPPTOR UND SATTELDACH, BRAUN"}]},{"@type":"WebSite","@id":"https:\/\/kopia.garazyki.pl\/#website","url":"https:\/\/kopia.garazyki.pl\/","name":"Producent kontener\u00f3w biurowych, wiat \u015bmietnikowych, hal i gara\u017cy blaszanych","description":"Kontenery biurowe, wiaty \u015bmietnikowe, hale, gara\u017ce blaszane od producenta.","publisher":{"@id":"https:\/\/kopia.garazyki.pl\/#organization"},"potentialAction":[{"@type":"SearchAction","target":{"@type":"EntryPoint","urlTemplate":"https:\/\/kopia.garazyki.pl\/?s={search_term_string}"},"query-input":"required name=search_term_string"}],"inLanguage":"de-DE"},{"@type":"Organization","@id":"https:\/\/kopia.garazyki.pl\/#organization","name":"Garazyki.pl Producent gara\u017cy i kontener\u00f3w biurowych i wiat","url":"https:\/\/kopia.garazyki.pl\/","logo":{"@type":"ImageObject","inLanguage":"de-DE","@id":"https:\/\/kopia.garazyki.pl\/#\/schema\/logo\/image\/","url":"http:\/\/kopia.garazyki.pl\/wp-content\/uploads\/2022\/02\/logo_garazyki_pl.png","contentUrl":"http:\/\/kopia.garazyki.pl\/wp-content\/uploads\/2022\/02\/logo_garazyki_pl.png","width":120,"height":64,"caption":"Garazyki.pl Producent gara\u017cy i kontener\u00f3w biurowych i wiat"},"image":{"@id":"https:\/\/kopia.garazyki.pl\/#\/schema\/logo\/image\/"},"sameAs":["https:\/\/www.facebook.com\/garazyki","https:\/\/www.instagram.com\/garazyki.pl\/","https:\/\/www.linkedin.com\/company\/alicja-garazyki\/"]}]}},"_links":{"self":[{"href":"http:\/\/kopia.garazyki.pl\/de\/wp-json\/wp\/v2\/product\/104975"}],"collection":[{"href":"http:\/\/kopia.garazyki.pl\/de\/wp-json\/wp\/v2\/product"}],"about":[{"href":"http:\/\/kopia.garazyki.pl\/de\/wp-json\/wp\/v2\/types\/product"}],"replies":[{"embeddable":true,"href":"http:\/\/kopia.garazyki.pl\/de\/wp-json\/wp\/v2\/comments?post=104975"}],"wp:featuredmedia":[{"embeddable":true,"href":"http:\/\/kopia.garazyki.pl\/de\/wp-json\/wp\/v2\/media\/103258"}],"wp:attachment":[{"href":"http:\/\/kopia.garazyki.pl\/de\/wp-json\/wp\/v2\/media?parent=104975"}],"wp:term":[{"taxonomy":"product_cat","embeddable":true,"href":"http:\/\/kopia.garazyki.pl\/de\/wp-json\/wp\/v2\/product_cat?post=104975"},{"taxonomy":"product_tag","embeddable":true,"href":"http:\/\/kopia.garazyki.pl\/de\/wp-json\/wp\/v2\/product_tag?post=104975"}],"curies":[{"name":"wp","href":"https:\/\/api.w.org\/{rel}","templated":true}]}}