{"id":104974,"date":"2022-01-09T12:32:28","date_gmt":"2022-01-09T11:32:28","guid":{"rendered":"http:\/\/kopia.garazyki.pl\/producent\/uncategorized\/garage-6m-x-6m-satteldach-ziegel-grafit\/"},"modified":"2022-03-13T19:09:42","modified_gmt":"2022-03-13T18:09:42","slug":"garage-6m-x-6m-satteldach-ziegel-grafit","status":"publish","type":"product","link":"http:\/\/kopia.garazyki.pl\/de\/producent\/blechgaragen\/garagen-mit-beschichtung\/garage-6m-x-6m-satteldach-ziegel-grafit\/","title":{"rendered":"Garage 6m x 6m Satteldach ziegel &#8211; grafit"},"content":{"rendered":"<p>Garage mit Satteldach ohne Trennwand. Konstruktion der W\u00e4nde aus kaltgezogenen Kantprofilen.Dachkonstruktion aus C-und Stahlprofilen. Gesamte Konstruktion ist grundiert und lackiert in der Farbe Graphit-RAL7024.Au\u00dfen aus beschichteten Trapezblech .W\u00e4nde in Ziegelfarbton RAL8004 und T12 Trapezh\u00f6he.Dach in Farbton Graphit-RAL7024 mit T18 Trapezh\u00f6he.. Zwei Kipptore .Ecken und Windabweiser aus Blech.<\/p>\n<p><strong>Eigenschaften der Garage 6 x 6 :<\/strong><\/p>\n<ul>\n<li>zwei Kipptore<\/li>\n<li>Satteldach (2,13m Wandh\u00f6he \/ 2,45m Giebelh\u00f6he)<\/li>\n<li>W\u00e4nde und Tore aus Trapezblech T12,<\/li>\n<li>Bleche an die Konstruktion genietet<\/li>\n<li>Konstruktion grundiert und lackiert<\/li>\n<li>Ecken und Windabweiser aus Blech<\/li>\n<\/ul>\n","protected":false},"excerpt":{"rendered":"<p>Garage mit Satteldach ohne Trennwand. Konstruktion der W\u00e4nde aus kaltgezogenen Kantprofilen.Dachkonstruktion aus C-und Stahlprofilen. Gesamte Konstruktion ist grundiert und lackiert in der Farbe Graphit-RAL7024.Au\u00dfen aus beschichteten Trapezblech .W\u00e4nde in Ziegelfarbton RAL8004 und T12 Trapezh\u00f6he.Dach in Farbton Graphit-RAL7024 mit T18 Trapezh\u00f6he.. Zwei Kipptore .Ecken und Windabweiser aus Blech. Eigenschaften der Garage 6 x 6 : zwei [&hellip;]<\/p>\n","protected":false},"featured_media":103238,"comment_status":"open","ping_status":"closed","template":"","meta":{"_et_pb_use_builder":"","_et_pb_old_content":"","_et_gb_content_width":""},"product_cat":[87],"product_tag":[],"yoast_head":"<!-- This site is optimized with the Yoast SEO plugin v21.6 - https:\/\/yoast.com\/wordpress\/plugins\/seo\/ -->\n<title>Garage 6m x 6m Satteldach ziegel - grafit - Producent kontener\u00f3w biurowych, wiat \u015bmietnikowych, hal i gara\u017cy blaszanych<\/title>\n<meta name=\"robots\" content=\"noindex, follow, max-snippet:-1, max-image-preview:large, max-video-preview:-1\" \/>\n<meta property=\"og:locale\" content=\"de_DE\" \/>\n<meta property=\"og:type\" content=\"article\" \/>\n<meta property=\"og:title\" content=\"Garage 6m x 6m Satteldach ziegel - grafit - Producent kontener\u00f3w biurowych, wiat \u015bmietnikowych, hal i gara\u017cy blaszanych\" \/>\n<meta property=\"og:description\" content=\"Garage mit Satteldach ohne Trennwand. Konstruktion der W\u00e4nde aus kaltgezogenen Kantprofilen.Dachkonstruktion aus C-und Stahlprofilen. Gesamte Konstruktion ist grundiert und lackiert in der Farbe Graphit-RAL7024.Au\u00dfen aus beschichteten Trapezblech .W\u00e4nde in Ziegelfarbton RAL8004 und T12 Trapezh\u00f6he.Dach in Farbton Graphit-RAL7024 mit T18 Trapezh\u00f6he.. Zwei Kipptore .Ecken und Windabweiser aus Blech. Eigenschaften der Garage 6 x 6 : zwei [&hellip;]\" \/>\n<meta property=\"og:url\" content=\"http:\/\/kopia.garazyki.pl\/de\/producent\/blechgaragen\/garagen-mit-beschichtung\/garage-6m-x-6m-satteldach-ziegel-grafit\/\" \/>\n<meta property=\"og:site_name\" content=\"Producent kontener\u00f3w biurowych, wiat \u015bmietnikowych, hal i gara\u017cy blaszanych\" \/>\n<meta property=\"article:publisher\" content=\"https:\/\/www.facebook.com\/garazyki\" \/>\n<meta property=\"article:modified_time\" content=\"2022-03-13T18:09:42+00:00\" \/>\n<meta property=\"og:image\" content=\"http:\/\/kopia.garazyki.pl\/wp-content\/uploads\/2022\/01\/0Garaz_6m_x_6m_dwuspad_cegla_-_grafit__1_.jpg\" \/>\n\t<meta property=\"og:image:width\" content=\"1093\" \/>\n\t<meta property=\"og:image:height\" content=\"768\" \/>\n\t<meta property=\"og:image:type\" content=\"image\/jpeg\" \/>\n<meta name=\"twitter:card\" content=\"summary_large_image\" \/>\n<script type=\"application\/ld+json\" class=\"yoast-schema-graph\">{\"@context\":\"https:\/\/schema.org\",\"@graph\":[{\"@type\":\"WebPage\",\"@id\":\"http:\/\/kopia.garazyki.pl\/de\/producent\/blechgaragen\/garagen-mit-beschichtung\/garage-6m-x-6m-satteldach-ziegel-grafit\/\",\"url\":\"http:\/\/kopia.garazyki.pl\/de\/producent\/blechgaragen\/garagen-mit-beschichtung\/garage-6m-x-6m-satteldach-ziegel-grafit\/\",\"name\":\"Garage 6m x 6m Satteldach ziegel - grafit - Producent kontener\u00f3w biurowych, wiat \u015bmietnikowych, hal i gara\u017cy blaszanych\",\"isPartOf\":{\"@id\":\"https:\/\/kopia.garazyki.pl\/#website\"},\"datePublished\":\"2022-01-09T11:32:28+00:00\",\"dateModified\":\"2022-03-13T18:09:42+00:00\",\"breadcrumb\":{\"@id\":\"http:\/\/kopia.garazyki.pl\/de\/producent\/blechgaragen\/garagen-mit-beschichtung\/garage-6m-x-6m-satteldach-ziegel-grafit\/#breadcrumb\"},\"inLanguage\":\"de-DE\",\"potentialAction\":[{\"@type\":\"ReadAction\",\"target\":[\"http:\/\/kopia.garazyki.pl\/de\/producent\/blechgaragen\/garagen-mit-beschichtung\/garage-6m-x-6m-satteldach-ziegel-grafit\/\"]}]},{\"@type\":\"BreadcrumbList\",\"@id\":\"http:\/\/kopia.garazyki.pl\/de\/producent\/blechgaragen\/garagen-mit-beschichtung\/garage-6m-x-6m-satteldach-ziegel-grafit\/#breadcrumb\",\"itemListElement\":[{\"@type\":\"ListItem\",\"position\":1,\"name\":\"Strona g\u0142\u00f3wna\",\"item\":\"https:\/\/kopia.garazyki.pl\/de\/\"},{\"@type\":\"ListItem\",\"position\":2,\"name\":\"Produkte\",\"item\":\"http:\/\/kopia.garazyki.pl\/de\/shop\/\"},{\"@type\":\"ListItem\",\"position\":3,\"name\":\"Garage 6m x 6m Satteldach ziegel &#8211; grafit\"}]},{\"@type\":\"WebSite\",\"@id\":\"https:\/\/kopia.garazyki.pl\/#website\",\"url\":\"https:\/\/kopia.garazyki.pl\/\",\"name\":\"Producent kontener\u00f3w biurowych, wiat \u015bmietnikowych, hal i gara\u017cy blaszanych\",\"description\":\"Kontenery biurowe, wiaty \u015bmietnikowe, hale, gara\u017ce blaszane od producenta.\",\"publisher\":{\"@id\":\"https:\/\/kopia.garazyki.pl\/#organization\"},\"potentialAction\":[{\"@type\":\"SearchAction\",\"target\":{\"@type\":\"EntryPoint\",\"urlTemplate\":\"https:\/\/kopia.garazyki.pl\/?s={search_term_string}\"},\"query-input\":\"required name=search_term_string\"}],\"inLanguage\":\"de-DE\"},{\"@type\":\"Organization\",\"@id\":\"https:\/\/kopia.garazyki.pl\/#organization\",\"name\":\"Garazyki.pl Producent gara\u017cy i kontener\u00f3w biurowych i wiat\",\"url\":\"https:\/\/kopia.garazyki.pl\/\",\"logo\":{\"@type\":\"ImageObject\",\"inLanguage\":\"de-DE\",\"@id\":\"https:\/\/kopia.garazyki.pl\/#\/schema\/logo\/image\/\",\"url\":\"http:\/\/kopia.garazyki.pl\/wp-content\/uploads\/2022\/02\/logo_garazyki_pl.png\",\"contentUrl\":\"http:\/\/kopia.garazyki.pl\/wp-content\/uploads\/2022\/02\/logo_garazyki_pl.png\",\"width\":120,\"height\":64,\"caption\":\"Garazyki.pl Producent gara\u017cy i kontener\u00f3w biurowych i wiat\"},\"image\":{\"@id\":\"https:\/\/kopia.garazyki.pl\/#\/schema\/logo\/image\/\"},\"sameAs\":[\"https:\/\/www.facebook.com\/garazyki\",\"https:\/\/www.instagram.com\/garazyki.pl\/\",\"https:\/\/www.linkedin.com\/company\/alicja-garazyki\/\"]}]}<\/script>\n<!-- \/ Yoast SEO plugin. -->","yoast_head_json":{"title":"Garage 6m x 6m Satteldach ziegel - grafit - Producent kontener\u00f3w biurowych, wiat \u015bmietnikowych, hal i gara\u017cy blaszanych","robots":{"index":"noindex","follow":"follow","max-snippet":"max-snippet:-1","max-image-preview":"max-image-preview:large","max-video-preview":"max-video-preview:-1"},"og_locale":"de_DE","og_type":"article","og_title":"Garage 6m x 6m Satteldach ziegel - grafit - Producent kontener\u00f3w biurowych, wiat \u015bmietnikowych, hal i gara\u017cy blaszanych","og_description":"Garage mit Satteldach ohne Trennwand. Konstruktion der W\u00e4nde aus kaltgezogenen Kantprofilen.Dachkonstruktion aus C-und Stahlprofilen. Gesamte Konstruktion ist grundiert und lackiert in der Farbe Graphit-RAL7024.Au\u00dfen aus beschichteten Trapezblech .W\u00e4nde in Ziegelfarbton RAL8004 und T12 Trapezh\u00f6he.Dach in Farbton Graphit-RAL7024 mit T18 Trapezh\u00f6he.. Zwei Kipptore .Ecken und Windabweiser aus Blech. Eigenschaften der Garage 6 x 6 : zwei [&hellip;]","og_url":"http:\/\/kopia.garazyki.pl\/de\/producent\/blechgaragen\/garagen-mit-beschichtung\/garage-6m-x-6m-satteldach-ziegel-grafit\/","og_site_name":"Producent kontener\u00f3w biurowych, wiat \u015bmietnikowych, hal i gara\u017cy blaszanych","article_publisher":"https:\/\/www.facebook.com\/garazyki","article_modified_time":"2022-03-13T18:09:42+00:00","og_image":[{"width":1093,"height":768,"url":"http:\/\/kopia.garazyki.pl\/wp-content\/uploads\/2022\/01\/0Garaz_6m_x_6m_dwuspad_cegla_-_grafit__1_.jpg","type":"image\/jpeg"}],"twitter_card":"summary_large_image","schema":{"@context":"https:\/\/schema.org","@graph":[{"@type":"WebPage","@id":"http:\/\/kopia.garazyki.pl\/de\/producent\/blechgaragen\/garagen-mit-beschichtung\/garage-6m-x-6m-satteldach-ziegel-grafit\/","url":"http:\/\/kopia.garazyki.pl\/de\/producent\/blechgaragen\/garagen-mit-beschichtung\/garage-6m-x-6m-satteldach-ziegel-grafit\/","name":"Garage 6m x 6m Satteldach ziegel - grafit - Producent kontener\u00f3w biurowych, wiat \u015bmietnikowych, hal i gara\u017cy blaszanych","isPartOf":{"@id":"https:\/\/kopia.garazyki.pl\/#website"},"datePublished":"2022-01-09T11:32:28+00:00","dateModified":"2022-03-13T18:09:42+00:00","breadcrumb":{"@id":"http:\/\/kopia.garazyki.pl\/de\/producent\/blechgaragen\/garagen-mit-beschichtung\/garage-6m-x-6m-satteldach-ziegel-grafit\/#breadcrumb"},"inLanguage":"de-DE","potentialAction":[{"@type":"ReadAction","target":["http:\/\/kopia.garazyki.pl\/de\/producent\/blechgaragen\/garagen-mit-beschichtung\/garage-6m-x-6m-satteldach-ziegel-grafit\/"]}]},{"@type":"BreadcrumbList","@id":"http:\/\/kopia.garazyki.pl\/de\/producent\/blechgaragen\/garagen-mit-beschichtung\/garage-6m-x-6m-satteldach-ziegel-grafit\/#breadcrumb","itemListElement":[{"@type":"ListItem","position":1,"name":"Strona g\u0142\u00f3wna","item":"https:\/\/kopia.garazyki.pl\/de\/"},{"@type":"ListItem","position":2,"name":"Produkte","item":"http:\/\/kopia.garazyki.pl\/de\/shop\/"},{"@type":"ListItem","position":3,"name":"Garage 6m x 6m Satteldach ziegel &#8211; grafit"}]},{"@type":"WebSite","@id":"https:\/\/kopia.garazyki.pl\/#website","url":"https:\/\/kopia.garazyki.pl\/","name":"Producent kontener\u00f3w biurowych, wiat \u015bmietnikowych, hal i gara\u017cy blaszanych","description":"Kontenery biurowe, wiaty \u015bmietnikowe, hale, gara\u017ce blaszane od producenta.","publisher":{"@id":"https:\/\/kopia.garazyki.pl\/#organization"},"potentialAction":[{"@type":"SearchAction","target":{"@type":"EntryPoint","urlTemplate":"https:\/\/kopia.garazyki.pl\/?s={search_term_string}"},"query-input":"required name=search_term_string"}],"inLanguage":"de-DE"},{"@type":"Organization","@id":"https:\/\/kopia.garazyki.pl\/#organization","name":"Garazyki.pl Producent gara\u017cy i kontener\u00f3w biurowych i wiat","url":"https:\/\/kopia.garazyki.pl\/","logo":{"@type":"ImageObject","inLanguage":"de-DE","@id":"https:\/\/kopia.garazyki.pl\/#\/schema\/logo\/image\/","url":"http:\/\/kopia.garazyki.pl\/wp-content\/uploads\/2022\/02\/logo_garazyki_pl.png","contentUrl":"http:\/\/kopia.garazyki.pl\/wp-content\/uploads\/2022\/02\/logo_garazyki_pl.png","width":120,"height":64,"caption":"Garazyki.pl Producent gara\u017cy i kontener\u00f3w biurowych i wiat"},"image":{"@id":"https:\/\/kopia.garazyki.pl\/#\/schema\/logo\/image\/"},"sameAs":["https:\/\/www.facebook.com\/garazyki","https:\/\/www.instagram.com\/garazyki.pl\/","https:\/\/www.linkedin.com\/company\/alicja-garazyki\/"]}]}},"_links":{"self":[{"href":"http:\/\/kopia.garazyki.pl\/de\/wp-json\/wp\/v2\/product\/104974"}],"collection":[{"href":"http:\/\/kopia.garazyki.pl\/de\/wp-json\/wp\/v2\/product"}],"about":[{"href":"http:\/\/kopia.garazyki.pl\/de\/wp-json\/wp\/v2\/types\/product"}],"replies":[{"embeddable":true,"href":"http:\/\/kopia.garazyki.pl\/de\/wp-json\/wp\/v2\/comments?post=104974"}],"wp:featuredmedia":[{"embeddable":true,"href":"http:\/\/kopia.garazyki.pl\/de\/wp-json\/wp\/v2\/media\/103238"}],"wp:attachment":[{"href":"http:\/\/kopia.garazyki.pl\/de\/wp-json\/wp\/v2\/media?parent=104974"}],"wp:term":[{"taxonomy":"product_cat","embeddable":true,"href":"http:\/\/kopia.garazyki.pl\/de\/wp-json\/wp\/v2\/product_cat?post=104974"},{"taxonomy":"product_tag","embeddable":true,"href":"http:\/\/kopia.garazyki.pl\/de\/wp-json\/wp\/v2\/product_tag?post=104974"}],"curies":[{"name":"wp","href":"https:\/\/api.w.org\/{rel}","templated":true}]}}