{"id":104973,"date":"2022-01-09T12:28:39","date_gmt":"2022-01-09T11:28:39","guid":{"rendered":"http:\/\/kopia.garazyki.pl\/producent\/uncategorized\/garage-1500-x-600-uberdachung-100\/"},"modified":"2022-01-09T12:28:39","modified_gmt":"2022-01-09T11:28:39","slug":"garage-1500-x-600-uberdachung-100","status":"publish","type":"product","link":"http:\/\/kopia.garazyki.pl\/de\/producent\/blechgaragen\/garagen-mit-beschichtung\/garage-1500-x-600-uberdachung-100\/","title":{"rendered":"Garage 15,00 x 6,00 + \u00dcberdachung 1,00"},"content":{"rendered":"<p>Die Konstruktion der Garage 15,00 x 6,00 besteht aus kaltgebogenen Winkeln, die mit Grundierung und Decklack in Graphitfarbe lackiert sind &#8211; RAL7016. Dach mit einer Neigung nach hinten (2,13 m vorne \/ 1,90 m hinten. Die gesamte Gr\u00f6\u00dfe von 15,00 m besteht aus 5 Garagen mit einer Breite von 3,00 m. Jeder St\u00e4nd verf\u00fcgt \u00fcber ein Fl\u00fcgeltor, das mit einem Schloss mit Griff und zwei Vorh\u00e4ngeschl\u00f6ssern ausgestattet ist An der Seite befindet sich ein 1,00 m breites Dach, dessen Struktur aus geschlossenen Profilen besteht, die mit Grundierung und Decklack in Graphit-RAL7016 gestrichen sind. Die Ummantelung besteht aus graphitbeschichtetem Blech RAL7016, trapezf\u00f6rmigem T12 an den W\u00e4nden und trapezf\u00f6rmigem T18 an der Wand Dach.<\/p>\n<p><strong>Eigenschaften 15,00 x 6,00 + 1,00 :<\/strong><\/p>\n<ul>\n<li>Kipptore<\/li>\n<li>Dach mit Gef\u00e4lle (2,13m \/ 1,90m),<\/li>\n<li>W\u00e4nde und Tore aus Trapezblech T12,<\/li>\n<li>Blech an die Konstruktion genietet<\/li>\n<li>Konstruktion grundiert und lackiert<\/li>\n<\/ul>\n","protected":false},"excerpt":{"rendered":"<p>Die Konstruktion der Garage 15,00 x 6,00 besteht aus kaltgebogenen Winkeln, die mit Grundierung und Decklack in Graphitfarbe lackiert sind &#8211; RAL7016. Dach mit einer Neigung nach hinten (2,13 m vorne \/ 1,90 m hinten. Die gesamte Gr\u00f6\u00dfe von 15,00 m besteht aus 5 Garagen mit einer Breite von 3,00 m. Jeder St\u00e4nd verf\u00fcgt \u00fcber [&hellip;]<\/p>\n","protected":false},"featured_media":103234,"comment_status":"open","ping_status":"closed","template":"","meta":{"_et_pb_use_builder":"","_et_pb_old_content":"","_et_gb_content_width":""},"product_cat":[87],"product_tag":[],"yoast_head":"<!-- This site is optimized with the Yoast SEO plugin v21.6 - https:\/\/yoast.com\/wordpress\/plugins\/seo\/ -->\n<title>Garage 15,00 x 6,00 + \u00dcberdachung 1,00 - Producent kontener\u00f3w biurowych, wiat \u015bmietnikowych, hal i gara\u017cy blaszanych<\/title>\n<meta name=\"robots\" content=\"noindex, follow, max-snippet:-1, max-image-preview:large, max-video-preview:-1\" \/>\n<meta property=\"og:locale\" content=\"de_DE\" \/>\n<meta property=\"og:type\" content=\"article\" \/>\n<meta property=\"og:title\" content=\"Garage 15,00 x 6,00 + \u00dcberdachung 1,00 - Producent kontener\u00f3w biurowych, wiat \u015bmietnikowych, hal i gara\u017cy blaszanych\" \/>\n<meta property=\"og:description\" content=\"Die Konstruktion der Garage 15,00 x 6,00 besteht aus kaltgebogenen Winkeln, die mit Grundierung und Decklack in Graphitfarbe lackiert sind &#8211; RAL7016. Dach mit einer Neigung nach hinten (2,13 m vorne \/ 1,90 m hinten. Die gesamte Gr\u00f6\u00dfe von 15,00 m besteht aus 5 Garagen mit einer Breite von 3,00 m. Jeder St\u00e4nd verf\u00fcgt \u00fcber [&hellip;]\" \/>\n<meta property=\"og:url\" content=\"http:\/\/kopia.garazyki.pl\/de\/producent\/blechgaragen\/garagen-mit-beschichtung\/garage-1500-x-600-uberdachung-100\/\" \/>\n<meta property=\"og:site_name\" content=\"Producent kontener\u00f3w biurowych, wiat \u015bmietnikowych, hal i gara\u017cy blaszanych\" \/>\n<meta property=\"article:publisher\" content=\"https:\/\/www.facebook.com\/garazyki\" \/>\n<meta property=\"og:image\" content=\"http:\/\/kopia.garazyki.pl\/wp-content\/uploads\/2022\/01\/0Garaz_1500_x_600__wiata_100__1_.jpg\" \/>\n\t<meta property=\"og:image:width\" content=\"1024\" \/>\n\t<meta property=\"og:image:height\" content=\"720\" \/>\n\t<meta property=\"og:image:type\" content=\"image\/jpeg\" \/>\n<meta name=\"twitter:card\" content=\"summary_large_image\" \/>\n<meta name=\"twitter:label1\" content=\"Gesch\u00e4tzte Lesezeit\" \/>\n\t<meta name=\"twitter:data1\" content=\"1 Minute\" \/>\n<script type=\"application\/ld+json\" class=\"yoast-schema-graph\">{\"@context\":\"https:\/\/schema.org\",\"@graph\":[{\"@type\":\"WebPage\",\"@id\":\"http:\/\/kopia.garazyki.pl\/de\/producent\/blechgaragen\/garagen-mit-beschichtung\/garage-1500-x-600-uberdachung-100\/\",\"url\":\"http:\/\/kopia.garazyki.pl\/de\/producent\/blechgaragen\/garagen-mit-beschichtung\/garage-1500-x-600-uberdachung-100\/\",\"name\":\"Garage 15,00 x 6,00 + \u00dcberdachung 1,00 - Producent kontener\u00f3w biurowych, wiat \u015bmietnikowych, hal i gara\u017cy blaszanych\",\"isPartOf\":{\"@id\":\"https:\/\/kopia.garazyki.pl\/#website\"},\"datePublished\":\"2022-01-09T11:28:39+00:00\",\"dateModified\":\"2022-01-09T11:28:39+00:00\",\"breadcrumb\":{\"@id\":\"http:\/\/kopia.garazyki.pl\/de\/producent\/blechgaragen\/garagen-mit-beschichtung\/garage-1500-x-600-uberdachung-100\/#breadcrumb\"},\"inLanguage\":\"de-DE\",\"potentialAction\":[{\"@type\":\"ReadAction\",\"target\":[\"http:\/\/kopia.garazyki.pl\/de\/producent\/blechgaragen\/garagen-mit-beschichtung\/garage-1500-x-600-uberdachung-100\/\"]}]},{\"@type\":\"BreadcrumbList\",\"@id\":\"http:\/\/kopia.garazyki.pl\/de\/producent\/blechgaragen\/garagen-mit-beschichtung\/garage-1500-x-600-uberdachung-100\/#breadcrumb\",\"itemListElement\":[{\"@type\":\"ListItem\",\"position\":1,\"name\":\"Strona g\u0142\u00f3wna\",\"item\":\"https:\/\/kopia.garazyki.pl\/de\/\"},{\"@type\":\"ListItem\",\"position\":2,\"name\":\"Produkte\",\"item\":\"http:\/\/kopia.garazyki.pl\/de\/shop\/\"},{\"@type\":\"ListItem\",\"position\":3,\"name\":\"Garage 15,00 x 6,00 + \u00dcberdachung 1,00\"}]},{\"@type\":\"WebSite\",\"@id\":\"https:\/\/kopia.garazyki.pl\/#website\",\"url\":\"https:\/\/kopia.garazyki.pl\/\",\"name\":\"Producent kontener\u00f3w biurowych, wiat \u015bmietnikowych, hal i gara\u017cy blaszanych\",\"description\":\"Kontenery biurowe, wiaty \u015bmietnikowe, hale, gara\u017ce blaszane od producenta.\",\"publisher\":{\"@id\":\"https:\/\/kopia.garazyki.pl\/#organization\"},\"potentialAction\":[{\"@type\":\"SearchAction\",\"target\":{\"@type\":\"EntryPoint\",\"urlTemplate\":\"https:\/\/kopia.garazyki.pl\/?s={search_term_string}\"},\"query-input\":\"required name=search_term_string\"}],\"inLanguage\":\"de-DE\"},{\"@type\":\"Organization\",\"@id\":\"https:\/\/kopia.garazyki.pl\/#organization\",\"name\":\"Garazyki.pl Producent gara\u017cy i kontener\u00f3w biurowych i wiat\",\"url\":\"https:\/\/kopia.garazyki.pl\/\",\"logo\":{\"@type\":\"ImageObject\",\"inLanguage\":\"de-DE\",\"@id\":\"https:\/\/kopia.garazyki.pl\/#\/schema\/logo\/image\/\",\"url\":\"http:\/\/kopia.garazyki.pl\/wp-content\/uploads\/2022\/02\/logo_garazyki_pl.png\",\"contentUrl\":\"http:\/\/kopia.garazyki.pl\/wp-content\/uploads\/2022\/02\/logo_garazyki_pl.png\",\"width\":120,\"height\":64,\"caption\":\"Garazyki.pl Producent gara\u017cy i kontener\u00f3w biurowych i wiat\"},\"image\":{\"@id\":\"https:\/\/kopia.garazyki.pl\/#\/schema\/logo\/image\/\"},\"sameAs\":[\"https:\/\/www.facebook.com\/garazyki\",\"https:\/\/www.instagram.com\/garazyki.pl\/\",\"https:\/\/www.linkedin.com\/company\/alicja-garazyki\/\"]}]}<\/script>\n<!-- \/ Yoast SEO plugin. -->","yoast_head_json":{"title":"Garage 15,00 x 6,00 + \u00dcberdachung 1,00 - Producent kontener\u00f3w biurowych, wiat \u015bmietnikowych, hal i gara\u017cy blaszanych","robots":{"index":"noindex","follow":"follow","max-snippet":"max-snippet:-1","max-image-preview":"max-image-preview:large","max-video-preview":"max-video-preview:-1"},"og_locale":"de_DE","og_type":"article","og_title":"Garage 15,00 x 6,00 + \u00dcberdachung 1,00 - Producent kontener\u00f3w biurowych, wiat \u015bmietnikowych, hal i gara\u017cy blaszanych","og_description":"Die Konstruktion der Garage 15,00 x 6,00 besteht aus kaltgebogenen Winkeln, die mit Grundierung und Decklack in Graphitfarbe lackiert sind &#8211; RAL7016. Dach mit einer Neigung nach hinten (2,13 m vorne \/ 1,90 m hinten. Die gesamte Gr\u00f6\u00dfe von 15,00 m besteht aus 5 Garagen mit einer Breite von 3,00 m. Jeder St\u00e4nd verf\u00fcgt \u00fcber [&hellip;]","og_url":"http:\/\/kopia.garazyki.pl\/de\/producent\/blechgaragen\/garagen-mit-beschichtung\/garage-1500-x-600-uberdachung-100\/","og_site_name":"Producent kontener\u00f3w biurowych, wiat \u015bmietnikowych, hal i gara\u017cy blaszanych","article_publisher":"https:\/\/www.facebook.com\/garazyki","og_image":[{"width":1024,"height":720,"url":"http:\/\/kopia.garazyki.pl\/wp-content\/uploads\/2022\/01\/0Garaz_1500_x_600__wiata_100__1_.jpg","type":"image\/jpeg"}],"twitter_card":"summary_large_image","twitter_misc":{"Gesch\u00e4tzte Lesezeit":"1 Minute"},"schema":{"@context":"https:\/\/schema.org","@graph":[{"@type":"WebPage","@id":"http:\/\/kopia.garazyki.pl\/de\/producent\/blechgaragen\/garagen-mit-beschichtung\/garage-1500-x-600-uberdachung-100\/","url":"http:\/\/kopia.garazyki.pl\/de\/producent\/blechgaragen\/garagen-mit-beschichtung\/garage-1500-x-600-uberdachung-100\/","name":"Garage 15,00 x 6,00 + \u00dcberdachung 1,00 - Producent kontener\u00f3w biurowych, wiat \u015bmietnikowych, hal i gara\u017cy blaszanych","isPartOf":{"@id":"https:\/\/kopia.garazyki.pl\/#website"},"datePublished":"2022-01-09T11:28:39+00:00","dateModified":"2022-01-09T11:28:39+00:00","breadcrumb":{"@id":"http:\/\/kopia.garazyki.pl\/de\/producent\/blechgaragen\/garagen-mit-beschichtung\/garage-1500-x-600-uberdachung-100\/#breadcrumb"},"inLanguage":"de-DE","potentialAction":[{"@type":"ReadAction","target":["http:\/\/kopia.garazyki.pl\/de\/producent\/blechgaragen\/garagen-mit-beschichtung\/garage-1500-x-600-uberdachung-100\/"]}]},{"@type":"BreadcrumbList","@id":"http:\/\/kopia.garazyki.pl\/de\/producent\/blechgaragen\/garagen-mit-beschichtung\/garage-1500-x-600-uberdachung-100\/#breadcrumb","itemListElement":[{"@type":"ListItem","position":1,"name":"Strona g\u0142\u00f3wna","item":"https:\/\/kopia.garazyki.pl\/de\/"},{"@type":"ListItem","position":2,"name":"Produkte","item":"http:\/\/kopia.garazyki.pl\/de\/shop\/"},{"@type":"ListItem","position":3,"name":"Garage 15,00 x 6,00 + \u00dcberdachung 1,00"}]},{"@type":"WebSite","@id":"https:\/\/kopia.garazyki.pl\/#website","url":"https:\/\/kopia.garazyki.pl\/","name":"Producent kontener\u00f3w biurowych, wiat \u015bmietnikowych, hal i gara\u017cy blaszanych","description":"Kontenery biurowe, wiaty \u015bmietnikowe, hale, gara\u017ce blaszane od producenta.","publisher":{"@id":"https:\/\/kopia.garazyki.pl\/#organization"},"potentialAction":[{"@type":"SearchAction","target":{"@type":"EntryPoint","urlTemplate":"https:\/\/kopia.garazyki.pl\/?s={search_term_string}"},"query-input":"required name=search_term_string"}],"inLanguage":"de-DE"},{"@type":"Organization","@id":"https:\/\/kopia.garazyki.pl\/#organization","name":"Garazyki.pl Producent gara\u017cy i kontener\u00f3w biurowych i wiat","url":"https:\/\/kopia.garazyki.pl\/","logo":{"@type":"ImageObject","inLanguage":"de-DE","@id":"https:\/\/kopia.garazyki.pl\/#\/schema\/logo\/image\/","url":"http:\/\/kopia.garazyki.pl\/wp-content\/uploads\/2022\/02\/logo_garazyki_pl.png","contentUrl":"http:\/\/kopia.garazyki.pl\/wp-content\/uploads\/2022\/02\/logo_garazyki_pl.png","width":120,"height":64,"caption":"Garazyki.pl Producent gara\u017cy i kontener\u00f3w biurowych i wiat"},"image":{"@id":"https:\/\/kopia.garazyki.pl\/#\/schema\/logo\/image\/"},"sameAs":["https:\/\/www.facebook.com\/garazyki","https:\/\/www.instagram.com\/garazyki.pl\/","https:\/\/www.linkedin.com\/company\/alicja-garazyki\/"]}]}},"_links":{"self":[{"href":"http:\/\/kopia.garazyki.pl\/de\/wp-json\/wp\/v2\/product\/104973"}],"collection":[{"href":"http:\/\/kopia.garazyki.pl\/de\/wp-json\/wp\/v2\/product"}],"about":[{"href":"http:\/\/kopia.garazyki.pl\/de\/wp-json\/wp\/v2\/types\/product"}],"replies":[{"embeddable":true,"href":"http:\/\/kopia.garazyki.pl\/de\/wp-json\/wp\/v2\/comments?post=104973"}],"wp:featuredmedia":[{"embeddable":true,"href":"http:\/\/kopia.garazyki.pl\/de\/wp-json\/wp\/v2\/media\/103234"}],"wp:attachment":[{"href":"http:\/\/kopia.garazyki.pl\/de\/wp-json\/wp\/v2\/media?parent=104973"}],"wp:term":[{"taxonomy":"product_cat","embeddable":true,"href":"http:\/\/kopia.garazyki.pl\/de\/wp-json\/wp\/v2\/product_cat?post=104973"},{"taxonomy":"product_tag","embeddable":true,"href":"http:\/\/kopia.garazyki.pl\/de\/wp-json\/wp\/v2\/product_tag?post=104973"}],"curies":[{"name":"wp","href":"https:\/\/api.w.org\/{rel}","templated":true}]}}