{"id":104971,"date":"2022-01-09T12:09:12","date_gmt":"2022-01-09T11:09:12","guid":{"rendered":"http:\/\/kopia.garazyki.pl\/producent\/uncategorized\/garage-700-x-600-goldeiche\/"},"modified":"2022-01-09T12:09:12","modified_gmt":"2022-01-09T11:09:12","slug":"garage-700-x-600-goldeiche","status":"publish","type":"product","link":"http:\/\/kopia.garazyki.pl\/de\/producent\/blechgaragen\/garagen-mit-beschichtung\/garage-700-x-600-goldeiche\/","title":{"rendered":"Garage 7,00 x 6,00 Goldeiche"},"content":{"rendered":"<p>Die Garage, 7,00 m breit x 6,00 m tief, besteht aus kaltgebogenen Winkeln und Hohlprofilen, die mit brauner RAL8017-Grundierung und Oberfl\u00e4chenfarbe lackiert sind. Die Ummantelung der W\u00e4nde besteht aus T12-beschichtetem Trapezblech in der Farbe der goldenen Eiche. Satteldach (2,20 m hoch von den W\u00e4nden \/ 3,00 m hoch oben auf dem Dach) mit T18-Trapezplatte in Braun-RAL8017 ummantelt. Die Garage hat eine Auf- und Ab-T\u00fcr und eine kleine T\u00fcr, die mit einem Blatt mit einer breiten horizontalen Pr\u00e4gung bedeckt ist. Das Anwesen verf\u00fcgt \u00fcber Blitze in Form von Ecken und Windk\u00e4sten. Zus\u00e4tzlich ist eine braune Stahlrinne RAL8017 installiert.<\/p>\n<p>Eigenschaften<\/p>\n<ul>\n<li>Kipptor<\/li>\n<li>Satteldach (2,20m Wanh\u00f6he \/ 3,00m Giebelh\u00f6he)<\/li>\n<li>Wand aus Trapezblech T12,<\/li>\n<li>Blech an die Konstruktion genietet<\/li>\n<li>Konstruktion grundiert und lackiert<\/li>\n<li>Ecken und Windabweiser bearbeitet<\/li>\n<\/ul>\n","protected":false},"excerpt":{"rendered":"<p>Die Garage, 7,00 m breit x 6,00 m tief, besteht aus kaltgebogenen Winkeln und Hohlprofilen, die mit brauner RAL8017-Grundierung und Oberfl\u00e4chenfarbe lackiert sind. Die Ummantelung der W\u00e4nde besteht aus T12-beschichtetem Trapezblech in der Farbe der goldenen Eiche. Satteldach (2,20 m hoch von den W\u00e4nden \/ 3,00 m hoch oben auf dem Dach) mit T18-Trapezplatte in [&hellip;]<\/p>\n","protected":false},"featured_media":103227,"comment_status":"open","ping_status":"closed","template":"","meta":{"_et_pb_use_builder":"","_et_pb_old_content":"","_et_gb_content_width":""},"product_cat":[87],"product_tag":[],"yoast_head":"<!-- This site is optimized with the Yoast SEO plugin v21.6 - https:\/\/yoast.com\/wordpress\/plugins\/seo\/ -->\n<title>Garage 7,00 x 6,00 Goldeiche - Producent kontener\u00f3w biurowych, wiat \u015bmietnikowych, hal i gara\u017cy blaszanych<\/title>\n<meta name=\"robots\" content=\"noindex, follow, max-snippet:-1, max-image-preview:large, max-video-preview:-1\" \/>\n<meta property=\"og:locale\" content=\"de_DE\" \/>\n<meta property=\"og:type\" content=\"article\" \/>\n<meta property=\"og:title\" content=\"Garage 7,00 x 6,00 Goldeiche - Producent kontener\u00f3w biurowych, wiat \u015bmietnikowych, hal i gara\u017cy blaszanych\" \/>\n<meta property=\"og:description\" content=\"Die Garage, 7,00 m breit x 6,00 m tief, besteht aus kaltgebogenen Winkeln und Hohlprofilen, die mit brauner RAL8017-Grundierung und Oberfl\u00e4chenfarbe lackiert sind. Die Ummantelung der W\u00e4nde besteht aus T12-beschichtetem Trapezblech in der Farbe der goldenen Eiche. Satteldach (2,20 m hoch von den W\u00e4nden \/ 3,00 m hoch oben auf dem Dach) mit T18-Trapezplatte in [&hellip;]\" \/>\n<meta property=\"og:url\" content=\"http:\/\/kopia.garazyki.pl\/de\/producent\/blechgaragen\/garagen-mit-beschichtung\/garage-700-x-600-goldeiche\/\" \/>\n<meta property=\"og:site_name\" content=\"Producent kontener\u00f3w biurowych, wiat \u015bmietnikowych, hal i gara\u017cy blaszanych\" \/>\n<meta property=\"article:publisher\" content=\"https:\/\/www.facebook.com\/garazyki\" \/>\n<meta property=\"og:image\" content=\"http:\/\/kopia.garazyki.pl\/wp-content\/uploads\/2022\/01\/0Garaz_700_x_600_zloty_dab__1_.jpg\" \/>\n\t<meta property=\"og:image:width\" content=\"740\" \/>\n\t<meta property=\"og:image:height\" content=\"520\" \/>\n\t<meta property=\"og:image:type\" content=\"image\/jpeg\" \/>\n<meta name=\"twitter:card\" content=\"summary_large_image\" \/>\n<meta name=\"twitter:label1\" content=\"Gesch\u00e4tzte Lesezeit\" \/>\n\t<meta name=\"twitter:data1\" content=\"1 Minute\" \/>\n<script type=\"application\/ld+json\" class=\"yoast-schema-graph\">{\"@context\":\"https:\/\/schema.org\",\"@graph\":[{\"@type\":\"WebPage\",\"@id\":\"http:\/\/kopia.garazyki.pl\/de\/producent\/blechgaragen\/garagen-mit-beschichtung\/garage-700-x-600-goldeiche\/\",\"url\":\"http:\/\/kopia.garazyki.pl\/de\/producent\/blechgaragen\/garagen-mit-beschichtung\/garage-700-x-600-goldeiche\/\",\"name\":\"Garage 7,00 x 6,00 Goldeiche - Producent kontener\u00f3w biurowych, wiat \u015bmietnikowych, hal i gara\u017cy blaszanych\",\"isPartOf\":{\"@id\":\"https:\/\/kopia.garazyki.pl\/#website\"},\"datePublished\":\"2022-01-09T11:09:12+00:00\",\"dateModified\":\"2022-01-09T11:09:12+00:00\",\"breadcrumb\":{\"@id\":\"http:\/\/kopia.garazyki.pl\/de\/producent\/blechgaragen\/garagen-mit-beschichtung\/garage-700-x-600-goldeiche\/#breadcrumb\"},\"inLanguage\":\"de-DE\",\"potentialAction\":[{\"@type\":\"ReadAction\",\"target\":[\"http:\/\/kopia.garazyki.pl\/de\/producent\/blechgaragen\/garagen-mit-beschichtung\/garage-700-x-600-goldeiche\/\"]}]},{\"@type\":\"BreadcrumbList\",\"@id\":\"http:\/\/kopia.garazyki.pl\/de\/producent\/blechgaragen\/garagen-mit-beschichtung\/garage-700-x-600-goldeiche\/#breadcrumb\",\"itemListElement\":[{\"@type\":\"ListItem\",\"position\":1,\"name\":\"Strona g\u0142\u00f3wna\",\"item\":\"https:\/\/kopia.garazyki.pl\/de\/\"},{\"@type\":\"ListItem\",\"position\":2,\"name\":\"Produkte\",\"item\":\"http:\/\/kopia.garazyki.pl\/de\/shop\/\"},{\"@type\":\"ListItem\",\"position\":3,\"name\":\"Garage 7,00 x 6,00 Goldeiche\"}]},{\"@type\":\"WebSite\",\"@id\":\"https:\/\/kopia.garazyki.pl\/#website\",\"url\":\"https:\/\/kopia.garazyki.pl\/\",\"name\":\"Producent kontener\u00f3w biurowych, wiat \u015bmietnikowych, hal i gara\u017cy blaszanych\",\"description\":\"Kontenery biurowe, wiaty \u015bmietnikowe, hale, gara\u017ce blaszane od producenta.\",\"publisher\":{\"@id\":\"https:\/\/kopia.garazyki.pl\/#organization\"},\"potentialAction\":[{\"@type\":\"SearchAction\",\"target\":{\"@type\":\"EntryPoint\",\"urlTemplate\":\"https:\/\/kopia.garazyki.pl\/?s={search_term_string}\"},\"query-input\":\"required name=search_term_string\"}],\"inLanguage\":\"de-DE\"},{\"@type\":\"Organization\",\"@id\":\"https:\/\/kopia.garazyki.pl\/#organization\",\"name\":\"Garazyki.pl Producent gara\u017cy i kontener\u00f3w biurowych i wiat\",\"url\":\"https:\/\/kopia.garazyki.pl\/\",\"logo\":{\"@type\":\"ImageObject\",\"inLanguage\":\"de-DE\",\"@id\":\"https:\/\/kopia.garazyki.pl\/#\/schema\/logo\/image\/\",\"url\":\"http:\/\/kopia.garazyki.pl\/wp-content\/uploads\/2022\/02\/logo_garazyki_pl.png\",\"contentUrl\":\"http:\/\/kopia.garazyki.pl\/wp-content\/uploads\/2022\/02\/logo_garazyki_pl.png\",\"width\":120,\"height\":64,\"caption\":\"Garazyki.pl Producent gara\u017cy i kontener\u00f3w biurowych i wiat\"},\"image\":{\"@id\":\"https:\/\/kopia.garazyki.pl\/#\/schema\/logo\/image\/\"},\"sameAs\":[\"https:\/\/www.facebook.com\/garazyki\",\"https:\/\/www.instagram.com\/garazyki.pl\/\",\"https:\/\/www.linkedin.com\/company\/alicja-garazyki\/\"]}]}<\/script>\n<!-- \/ Yoast SEO plugin. -->","yoast_head_json":{"title":"Garage 7,00 x 6,00 Goldeiche - Producent kontener\u00f3w biurowych, wiat \u015bmietnikowych, hal i gara\u017cy blaszanych","robots":{"index":"noindex","follow":"follow","max-snippet":"max-snippet:-1","max-image-preview":"max-image-preview:large","max-video-preview":"max-video-preview:-1"},"og_locale":"de_DE","og_type":"article","og_title":"Garage 7,00 x 6,00 Goldeiche - Producent kontener\u00f3w biurowych, wiat \u015bmietnikowych, hal i gara\u017cy blaszanych","og_description":"Die Garage, 7,00 m breit x 6,00 m tief, besteht aus kaltgebogenen Winkeln und Hohlprofilen, die mit brauner RAL8017-Grundierung und Oberfl\u00e4chenfarbe lackiert sind. Die Ummantelung der W\u00e4nde besteht aus T12-beschichtetem Trapezblech in der Farbe der goldenen Eiche. Satteldach (2,20 m hoch von den W\u00e4nden \/ 3,00 m hoch oben auf dem Dach) mit T18-Trapezplatte in [&hellip;]","og_url":"http:\/\/kopia.garazyki.pl\/de\/producent\/blechgaragen\/garagen-mit-beschichtung\/garage-700-x-600-goldeiche\/","og_site_name":"Producent kontener\u00f3w biurowych, wiat \u015bmietnikowych, hal i gara\u017cy blaszanych","article_publisher":"https:\/\/www.facebook.com\/garazyki","og_image":[{"width":740,"height":520,"url":"http:\/\/kopia.garazyki.pl\/wp-content\/uploads\/2022\/01\/0Garaz_700_x_600_zloty_dab__1_.jpg","type":"image\/jpeg"}],"twitter_card":"summary_large_image","twitter_misc":{"Gesch\u00e4tzte Lesezeit":"1 Minute"},"schema":{"@context":"https:\/\/schema.org","@graph":[{"@type":"WebPage","@id":"http:\/\/kopia.garazyki.pl\/de\/producent\/blechgaragen\/garagen-mit-beschichtung\/garage-700-x-600-goldeiche\/","url":"http:\/\/kopia.garazyki.pl\/de\/producent\/blechgaragen\/garagen-mit-beschichtung\/garage-700-x-600-goldeiche\/","name":"Garage 7,00 x 6,00 Goldeiche - Producent kontener\u00f3w biurowych, wiat \u015bmietnikowych, hal i gara\u017cy blaszanych","isPartOf":{"@id":"https:\/\/kopia.garazyki.pl\/#website"},"datePublished":"2022-01-09T11:09:12+00:00","dateModified":"2022-01-09T11:09:12+00:00","breadcrumb":{"@id":"http:\/\/kopia.garazyki.pl\/de\/producent\/blechgaragen\/garagen-mit-beschichtung\/garage-700-x-600-goldeiche\/#breadcrumb"},"inLanguage":"de-DE","potentialAction":[{"@type":"ReadAction","target":["http:\/\/kopia.garazyki.pl\/de\/producent\/blechgaragen\/garagen-mit-beschichtung\/garage-700-x-600-goldeiche\/"]}]},{"@type":"BreadcrumbList","@id":"http:\/\/kopia.garazyki.pl\/de\/producent\/blechgaragen\/garagen-mit-beschichtung\/garage-700-x-600-goldeiche\/#breadcrumb","itemListElement":[{"@type":"ListItem","position":1,"name":"Strona g\u0142\u00f3wna","item":"https:\/\/kopia.garazyki.pl\/de\/"},{"@type":"ListItem","position":2,"name":"Produkte","item":"http:\/\/kopia.garazyki.pl\/de\/shop\/"},{"@type":"ListItem","position":3,"name":"Garage 7,00 x 6,00 Goldeiche"}]},{"@type":"WebSite","@id":"https:\/\/kopia.garazyki.pl\/#website","url":"https:\/\/kopia.garazyki.pl\/","name":"Producent kontener\u00f3w biurowych, wiat \u015bmietnikowych, hal i gara\u017cy blaszanych","description":"Kontenery biurowe, wiaty \u015bmietnikowe, hale, gara\u017ce blaszane od producenta.","publisher":{"@id":"https:\/\/kopia.garazyki.pl\/#organization"},"potentialAction":[{"@type":"SearchAction","target":{"@type":"EntryPoint","urlTemplate":"https:\/\/kopia.garazyki.pl\/?s={search_term_string}"},"query-input":"required name=search_term_string"}],"inLanguage":"de-DE"},{"@type":"Organization","@id":"https:\/\/kopia.garazyki.pl\/#organization","name":"Garazyki.pl Producent gara\u017cy i kontener\u00f3w biurowych i wiat","url":"https:\/\/kopia.garazyki.pl\/","logo":{"@type":"ImageObject","inLanguage":"de-DE","@id":"https:\/\/kopia.garazyki.pl\/#\/schema\/logo\/image\/","url":"http:\/\/kopia.garazyki.pl\/wp-content\/uploads\/2022\/02\/logo_garazyki_pl.png","contentUrl":"http:\/\/kopia.garazyki.pl\/wp-content\/uploads\/2022\/02\/logo_garazyki_pl.png","width":120,"height":64,"caption":"Garazyki.pl Producent gara\u017cy i kontener\u00f3w biurowych i wiat"},"image":{"@id":"https:\/\/kopia.garazyki.pl\/#\/schema\/logo\/image\/"},"sameAs":["https:\/\/www.facebook.com\/garazyki","https:\/\/www.instagram.com\/garazyki.pl\/","https:\/\/www.linkedin.com\/company\/alicja-garazyki\/"]}]}},"_links":{"self":[{"href":"http:\/\/kopia.garazyki.pl\/de\/wp-json\/wp\/v2\/product\/104971"}],"collection":[{"href":"http:\/\/kopia.garazyki.pl\/de\/wp-json\/wp\/v2\/product"}],"about":[{"href":"http:\/\/kopia.garazyki.pl\/de\/wp-json\/wp\/v2\/types\/product"}],"replies":[{"embeddable":true,"href":"http:\/\/kopia.garazyki.pl\/de\/wp-json\/wp\/v2\/comments?post=104971"}],"wp:featuredmedia":[{"embeddable":true,"href":"http:\/\/kopia.garazyki.pl\/de\/wp-json\/wp\/v2\/media\/103227"}],"wp:attachment":[{"href":"http:\/\/kopia.garazyki.pl\/de\/wp-json\/wp\/v2\/media?parent=104971"}],"wp:term":[{"taxonomy":"product_cat","embeddable":true,"href":"http:\/\/kopia.garazyki.pl\/de\/wp-json\/wp\/v2\/product_cat?post=104971"},{"taxonomy":"product_tag","embeddable":true,"href":"http:\/\/kopia.garazyki.pl\/de\/wp-json\/wp\/v2\/product_tag?post=104971"}],"curies":[{"name":"wp","href":"https:\/\/api.w.org\/{rel}","templated":true}]}}